{"id":13900,"date":"2024-10-18T07:33:39","date_gmt":"2024-10-18T07:33:39","guid":{"rendered":"https:\/\/sunfixmobile.ee\/toode\/goodram-malupulk-ume3-32gb-usb-3-2\/"},"modified":"2026-03-12T00:00:13","modified_gmt":"2026-03-12T00:00:13","slug":"goodram-malupulk-ume3-32gb-usb-3-2","status":"publish","type":"product","link":"https:\/\/sunfixmobile.ee\/ru\/tovar\/goodram-malupulk-ume3-32gb-usb-3-2\/","title":{"rendered":"GOODRAM M\u00e4lupulk UME3 32GB USB 3.2"},"content":{"rendered":"<p>GOODRAM UME3 m\u00e4lupulk libisemisvastase mustriga korgiga. See v\u00f5imaldab salvestada ja edastada dokumente, esitlusi, muusikat, filme ja muid faile.<\/p>\n<p>Kumera libisemiskindla mustriga kork muudab USB avamise lihtsaks; peale korgi eemaldamist saab selle korpuse teise otsa panna, muretsemata, et see kaotsi l\u00e4heb.<\/p>\n<p>Perforatsioon v\u00f5imaldab kinnitada ripatsi ja kanda m\u00e4lestust alati endaga kaasas.<\/p>\n<p>M\u00e4lu v\u00f5imaldab lugemiskiirust kuni 60 MB\/s ja kirjutamiskiirust kuni 20 MB\/s.<\/p>\n<p>Kompaktne ja kerge disain muudab toote kaasaskandmise ja hoidmise lihtsaks, kui seda ei kasutata.<\/p>\n<p>Spetsifikatsioon:<br \/>Mahud: 32GB, 64GB, 128GB<br \/>Liides: USB 3.0 (3.1 GEN 1)<br \/>\u00dchilduvus: 3.1, 3.0, 2.0, 1.1<br \/>T\u00f6\u00f6kiirus: lugemine: kuni 60 MB \/ s, kirjutamine: kuni 20 MB \/ s<br \/>Suurus: 55 \u00d7 21 \u00d7 9,6 mm<br \/>Kaal: 9 g<br \/>T\u00f6\u00f6temperatuur: 0 kuni + 70 \u00b0C (soovitatav)<br \/>S\u00e4ilitustemperatuur: -25 kuni + 85 \u00b0C (soovitatav)<br \/>\u00dchildub operatsioonis\u00fcsteemidega: Windows 2000 SP4 ja uuemad, MacOS 10.5.x ja uuemad, Linux v.2.6.x ja uuemad<\/p>\n","protected":false},"excerpt":{"rendered":"<p>GOODRAM UME3 m\u00e4lupulk libisemisvastase mustriga korgiga. See v\u00f5imaldab salvestada ja edastada dokumente, esitlusi, muusikat, filme ja muid faile. Kumera libisemiskindla mustriga kork muudab USB avamise lihtsaks; peale korgi eemaldamist saab selle korpuse teise otsa panna, muretsemata, et see kaotsi l\u00e4heb. Perforatsioon v\u00f5imaldab kinnitada ripatsi ja kanda m\u00e4lestust alati endaga kaasas. M\u00e4lu v\u00f5imaldab lugemiskiirust kuni 60&#8230;<\/p>\n","protected":false},"featured_media":13898,"template":"","meta":[],"product_brand":[],"product_cat":[1251],"product_tag":[],"class_list":{"0":"post-13900","1":"product","2":"type-product","3":"status-publish","4":"has-post-thumbnail","6":"product_cat-malupulgad","8":"first","9":"instock","10":"taxable","11":"shipping-taxable","12":"purchasable","13":"product-type-simple"},"yoast_head":"<!-- This site is optimized with the Yoast SEO plugin v27.2 - https:\/\/yoast.com\/product\/yoast-seo-wordpress\/ -->\n<title>GOODRAM M\u00e4lupulk UME3 32GB USB 3.2 - CompanySun<\/title>\n<meta name=\"robots\" content=\"index, follow, max-snippet:-1, max-image-preview:large, max-video-preview:-1\" \/>\n<link rel=\"canonical\" href=\"https:\/\/sunfixmobile.ee\/toode\/goodram-malupulk-ume3-32gb-usb-3-2\/\" \/>\n<meta property=\"og:locale\" content=\"ru_RU\" \/>\n<meta property=\"og:type\" content=\"article\" \/>\n<meta property=\"og:title\" content=\"GOODRAM M\u00e4lupulk UME3 32GB USB 3.2 - CompanySun\" \/>\n<meta property=\"og:description\" content=\"GOODRAM UME3 m\u00e4lupulk libisemisvastase mustriga korgiga. See v\u00f5imaldab salvestada ja edastada dokumente, esitlusi, muusikat, filme ja muid faile. Kumera libisemiskindla mustriga kork muudab USB avamise lihtsaks; peale korgi eemaldamist saab selle korpuse teise otsa panna, muretsemata, et see kaotsi l\u00e4heb. Perforatsioon v\u00f5imaldab kinnitada ripatsi ja kanda m\u00e4lestust alati endaga kaasas. M\u00e4lu v\u00f5imaldab lugemiskiirust kuni 60...\" \/>\n<meta property=\"og:url\" content=\"https:\/\/sunfixmobile.ee\/toode\/goodram-malupulk-ume3-32gb-usb-3-2\/\" \/>\n<meta property=\"og:site_name\" content=\"CompanySun\" \/>\n<meta property=\"article:publisher\" content=\"https:\/\/www.facebook.com\/sunfixtallinn\" \/>\n<meta property=\"article:modified_time\" content=\"2026-03-12T00:00:13+00:00\" \/>\n<meta property=\"og:image\" content=\"https:\/\/sunfixmobile.ee\/wp-content\/uploads\/2022\/05\/1.jpg\" \/>\n\t<meta property=\"og:image:width\" content=\"2000\" \/>\n\t<meta property=\"og:image:height\" content=\"1335\" \/>\n\t<meta property=\"og:image:type\" content=\"image\/jpeg\" \/>\n<meta name=\"twitter:card\" content=\"summary_large_image\" \/>\n<meta name=\"twitter:label1\" content=\"\u0426\u0435\u043d\u0430\" \/>\n\t<meta name=\"twitter:data1\" content=\"15,90&nbsp;&euro;\" \/>\n\t<meta name=\"twitter:label2\" content=\"\u0414\u043e\u0441\u0442\u0443\u043f\u043d\u043e\u0441\u0442\u044c\" \/>\n\t<meta name=\"twitter:data2\" content=\"\u0412 \u043d\u0430\u043b\u0438\u0447\u0438\u0438\" \/>\n<script type=\"application\/ld+json\" class=\"yoast-schema-graph\">{\"@context\":\"https:\/\/schema.org\",\"@graph\":[{\"@type\":\"WebPage\",\"@id\":\"https:\/\/sunfixmobile.ee\/toode\/goodram-malupulk-ume3-32gb-usb-3-2\/\",\"url\":\"https:\/\/sunfixmobile.ee\/toode\/goodram-malupulk-ume3-32gb-usb-3-2\/\",\"name\":\"GOODRAM M\u00e4lupulk UME3 32GB USB 3.2 - CompanySun\",\"isPartOf\":{\"@id\":\"https:\/\/sunfixmobile.ee\/#website\"},\"primaryImageOfPage\":{\"@id\":\"https:\/\/sunfixmobile.ee\/toode\/goodram-malupulk-ume3-32gb-usb-3-2\/#primaryimage\"},\"image\":{\"@id\":\"https:\/\/sunfixmobile.ee\/toode\/goodram-malupulk-ume3-32gb-usb-3-2\/#primaryimage\"},\"thumbnailUrl\":\"https:\/\/sunfixmobile.ee\/wp-content\/uploads\/2024\/10\/dd71cba185bc624686a931a12273cbbd-2.webp\",\"datePublished\":\"2024-10-18T07:33:39+00:00\",\"dateModified\":\"2026-03-12T00:00:13+00:00\",\"breadcrumb\":{\"@id\":\"https:\/\/sunfixmobile.ee\/toode\/goodram-malupulk-ume3-32gb-usb-3-2\/#breadcrumb\"},\"inLanguage\":\"ru-RU\",\"potentialAction\":[{\"@type\":\"ReadAction\",\"target\":[\"https:\/\/sunfixmobile.ee\/toode\/goodram-malupulk-ume3-32gb-usb-3-2\/\"]}]},{\"@type\":\"ImageObject\",\"inLanguage\":\"ru-RU\",\"@id\":\"https:\/\/sunfixmobile.ee\/toode\/goodram-malupulk-ume3-32gb-usb-3-2\/#primaryimage\",\"url\":\"https:\/\/sunfixmobile.ee\/wp-content\/uploads\/2024\/10\/dd71cba185bc624686a931a12273cbbd-2.webp\",\"contentUrl\":\"https:\/\/sunfixmobile.ee\/wp-content\/uploads\/2024\/10\/dd71cba185bc624686a931a12273cbbd-2.webp\",\"width\":1000,\"height\":1000,\"caption\":\"dd71cba185bc624686a931a12273cbbd-2.\"},{\"@type\":\"BreadcrumbList\",\"@id\":\"https:\/\/sunfixmobile.ee\/toode\/goodram-malupulk-ume3-32gb-usb-3-2\/#breadcrumb\",\"itemListElement\":[{\"@type\":\"ListItem\",\"position\":1,\"name\":\"Home\",\"item\":\"https:\/\/sunfixmobile.ee\/ru\/\"},{\"@type\":\"ListItem\",\"position\":2,\"name\":\"\u0412\u0441\u0435 \u0442\u043e\u0432\u0430\u0440\u044b\",\"item\":\"https:\/\/sunfixmobile.ee\/ru\/magazin\/\"},{\"@type\":\"ListItem\",\"position\":3,\"name\":\"GOODRAM M\u00e4lupulk UME3 32GB USB 3.2\"}]},{\"@type\":\"WebSite\",\"@id\":\"https:\/\/sunfixmobile.ee\/#website\",\"url\":\"https:\/\/sunfixmobile.ee\/\",\"name\":\"CompanySun\",\"description\":\"\",\"publisher\":{\"@id\":\"https:\/\/sunfixmobile.ee\/#organization\"},\"potentialAction\":[{\"@type\":\"SearchAction\",\"target\":{\"@type\":\"EntryPoint\",\"urlTemplate\":\"https:\/\/sunfixmobile.ee\/?s={search_term_string}\"},\"query-input\":{\"@type\":\"PropertyValueSpecification\",\"valueRequired\":true,\"valueName\":\"search_term_string\"}}],\"inLanguage\":\"ru-RU\"},{\"@type\":\"Organization\",\"@id\":\"https:\/\/sunfixmobile.ee\/#organization\",\"name\":\"CompanySun O\u00dc\",\"url\":\"https:\/\/sunfixmobile.ee\/\",\"logo\":{\"@type\":\"ImageObject\",\"inLanguage\":\"ru-RU\",\"@id\":\"https:\/\/sunfixmobile.ee\/#\/schema\/logo\/image\/\",\"url\":\"https:\/\/sunfixmobile.ee\/wp-content\/uploads\/2022\/05\/logo.png\",\"contentUrl\":\"https:\/\/sunfixmobile.ee\/wp-content\/uploads\/2022\/05\/logo.png\",\"width\":257,\"height\":85,\"caption\":\"CompanySun O\u00dc\"},\"image\":{\"@id\":\"https:\/\/sunfixmobile.ee\/#\/schema\/logo\/image\/\"},\"sameAs\":[\"https:\/\/www.facebook.com\/sunfixtallinn\",\"https:\/\/www.instagram.com\/sunfix_eesti\/\"]}]}<\/script>\n<meta property=\"product:price:amount\" content=\"15.90\" \/>\n<meta property=\"product:price:currency\" content=\"EUR\" \/>\n<meta property=\"og:availability\" content=\"instock\" \/>\n<meta property=\"product:availability\" content=\"instock\" \/>\n<meta property=\"product:retailer_item_id\" content=\"5908267935750\" \/>\n<meta property=\"product:condition\" content=\"new\" \/>\n<!-- \/ Yoast SEO plugin. -->","yoast_head_json":{"title":"GOODRAM M\u00e4lupulk UME3 32GB USB 3.2 - CompanySun","robots":{"index":"index","follow":"follow","max-snippet":"max-snippet:-1","max-image-preview":"max-image-preview:large","max-video-preview":"max-video-preview:-1"},"canonical":"https:\/\/sunfixmobile.ee\/toode\/goodram-malupulk-ume3-32gb-usb-3-2\/","og_locale":"ru_RU","og_type":"article","og_title":"GOODRAM M\u00e4lupulk UME3 32GB USB 3.2 - CompanySun","og_description":"GOODRAM UME3 m\u00e4lupulk libisemisvastase mustriga korgiga. See v\u00f5imaldab salvestada ja edastada dokumente, esitlusi, muusikat, filme ja muid faile. Kumera libisemiskindla mustriga kork muudab USB avamise lihtsaks; peale korgi eemaldamist saab selle korpuse teise otsa panna, muretsemata, et see kaotsi l\u00e4heb. Perforatsioon v\u00f5imaldab kinnitada ripatsi ja kanda m\u00e4lestust alati endaga kaasas. M\u00e4lu v\u00f5imaldab lugemiskiirust kuni 60...","og_url":"https:\/\/sunfixmobile.ee\/toode\/goodram-malupulk-ume3-32gb-usb-3-2\/","og_site_name":"CompanySun","article_publisher":"https:\/\/www.facebook.com\/sunfixtallinn","article_modified_time":"2026-03-12T00:00:13+00:00","og_image":[{"width":2000,"height":1335,"url":"https:\/\/sunfixmobile.ee\/wp-content\/uploads\/2022\/05\/1.jpg","type":"image\/jpeg"}],"twitter_card":"summary_large_image","twitter_misc":{"\u0426\u0435\u043d\u0430":"15,90&nbsp;&euro;","\u0414\u043e\u0441\u0442\u0443\u043f\u043d\u043e\u0441\u0442\u044c":"\u0412 \u043d\u0430\u043b\u0438\u0447\u0438\u0438"},"schema":{"@context":"https:\/\/schema.org","@graph":[{"@type":"WebPage","@id":"https:\/\/sunfixmobile.ee\/toode\/goodram-malupulk-ume3-32gb-usb-3-2\/","url":"https:\/\/sunfixmobile.ee\/toode\/goodram-malupulk-ume3-32gb-usb-3-2\/","name":"GOODRAM M\u00e4lupulk UME3 32GB USB 3.2 - CompanySun","isPartOf":{"@id":"https:\/\/sunfixmobile.ee\/#website"},"primaryImageOfPage":{"@id":"https:\/\/sunfixmobile.ee\/toode\/goodram-malupulk-ume3-32gb-usb-3-2\/#primaryimage"},"image":{"@id":"https:\/\/sunfixmobile.ee\/toode\/goodram-malupulk-ume3-32gb-usb-3-2\/#primaryimage"},"thumbnailUrl":"https:\/\/sunfixmobile.ee\/wp-content\/uploads\/2024\/10\/dd71cba185bc624686a931a12273cbbd-2.webp","datePublished":"2024-10-18T07:33:39+00:00","dateModified":"2026-03-12T00:00:13+00:00","breadcrumb":{"@id":"https:\/\/sunfixmobile.ee\/toode\/goodram-malupulk-ume3-32gb-usb-3-2\/#breadcrumb"},"inLanguage":"ru-RU","potentialAction":[{"@type":"ReadAction","target":["https:\/\/sunfixmobile.ee\/toode\/goodram-malupulk-ume3-32gb-usb-3-2\/"]}]},{"@type":"ImageObject","inLanguage":"ru-RU","@id":"https:\/\/sunfixmobile.ee\/toode\/goodram-malupulk-ume3-32gb-usb-3-2\/#primaryimage","url":"https:\/\/sunfixmobile.ee\/wp-content\/uploads\/2024\/10\/dd71cba185bc624686a931a12273cbbd-2.webp","contentUrl":"https:\/\/sunfixmobile.ee\/wp-content\/uploads\/2024\/10\/dd71cba185bc624686a931a12273cbbd-2.webp","width":1000,"height":1000,"caption":"dd71cba185bc624686a931a12273cbbd-2."},{"@type":"BreadcrumbList","@id":"https:\/\/sunfixmobile.ee\/toode\/goodram-malupulk-ume3-32gb-usb-3-2\/#breadcrumb","itemListElement":[{"@type":"ListItem","position":1,"name":"Home","item":"https:\/\/sunfixmobile.ee\/ru\/"},{"@type":"ListItem","position":2,"name":"\u0412\u0441\u0435 \u0442\u043e\u0432\u0430\u0440\u044b","item":"https:\/\/sunfixmobile.ee\/ru\/magazin\/"},{"@type":"ListItem","position":3,"name":"GOODRAM M\u00e4lupulk UME3 32GB USB 3.2"}]},{"@type":"WebSite","@id":"https:\/\/sunfixmobile.ee\/#website","url":"https:\/\/sunfixmobile.ee\/","name":"CompanySun","description":"","publisher":{"@id":"https:\/\/sunfixmobile.ee\/#organization"},"potentialAction":[{"@type":"SearchAction","target":{"@type":"EntryPoint","urlTemplate":"https:\/\/sunfixmobile.ee\/?s={search_term_string}"},"query-input":{"@type":"PropertyValueSpecification","valueRequired":true,"valueName":"search_term_string"}}],"inLanguage":"ru-RU"},{"@type":"Organization","@id":"https:\/\/sunfixmobile.ee\/#organization","name":"CompanySun O\u00dc","url":"https:\/\/sunfixmobile.ee\/","logo":{"@type":"ImageObject","inLanguage":"ru-RU","@id":"https:\/\/sunfixmobile.ee\/#\/schema\/logo\/image\/","url":"https:\/\/sunfixmobile.ee\/wp-content\/uploads\/2022\/05\/logo.png","contentUrl":"https:\/\/sunfixmobile.ee\/wp-content\/uploads\/2022\/05\/logo.png","width":257,"height":85,"caption":"CompanySun O\u00dc"},"image":{"@id":"https:\/\/sunfixmobile.ee\/#\/schema\/logo\/image\/"},"sameAs":["https:\/\/www.facebook.com\/sunfixtallinn","https:\/\/www.instagram.com\/sunfix_eesti\/"]}]},"product_price_amount":"15.90","product_price_currency":"EUR","og_availability":"instock","product_availability":"instock","product_retailer_item_id":"5908267935750","product_condition":"new"},"_links":{"self":[{"href":"https:\/\/sunfixmobile.ee\/ru\/wp-json\/wp\/v2\/product\/13900","targetHints":{"allow":["GET"]}}],"collection":[{"href":"https:\/\/sunfixmobile.ee\/ru\/wp-json\/wp\/v2\/product"}],"about":[{"href":"https:\/\/sunfixmobile.ee\/ru\/wp-json\/wp\/v2\/types\/product"}],"wp:featuredmedia":[{"embeddable":true,"href":"https:\/\/sunfixmobile.ee\/ru\/wp-json\/wp\/v2\/media\/13898"}],"wp:attachment":[{"href":"https:\/\/sunfixmobile.ee\/ru\/wp-json\/wp\/v2\/media?parent=13900"}],"wp:term":[{"taxonomy":"product_brand","embeddable":true,"href":"https:\/\/sunfixmobile.ee\/ru\/wp-json\/wp\/v2\/product_brand?post=13900"},{"taxonomy":"product_cat","embeddable":true,"href":"https:\/\/sunfixmobile.ee\/ru\/wp-json\/wp\/v2\/product_cat?post=13900"},{"taxonomy":"product_tag","embeddable":true,"href":"https:\/\/sunfixmobile.ee\/ru\/wp-json\/wp\/v2\/product_tag?post=13900"}],"curies":[{"name":"wp","href":"https:\/\/api.w.org\/{rel}","templated":true}]}}