{"id":13581,"date":"2024-10-03T13:03:03","date_gmt":"2024-10-03T13:03:03","guid":{"rendered":"https:\/\/sunfixmobile.ee\/toode\/wiwu-wi-c002-usb-c-lightning-30w-1m-valge\/"},"modified":"2026-01-15T00:00:08","modified_gmt":"2026-01-15T00:00:08","slug":"wiwu-wi-c002-usb-c-lightning-30w-1m-valge","status":"publish","type":"product","link":"https:\/\/sunfixmobile.ee\/ru\/tovar\/wiwu-wi-c002-usb-c-lightning-30w-1m-valge\/","title":{"rendered":"Wiwu Wi-C002 USB C &#8212; Lightning 30W 1m valge"},"content":{"rendered":"<p>USB-C to Lightning kaabel, mis on loodud teie laadimisvajaduste rahuldamiseks \u00fclima t\u00f5hususega. 30 W v\u00e4ljundv\u00f5imsusega kaabel tagab teie Lightning-\u00fchilduvate seadmete kiire laadimise, tarnides toidet kiiresti ja usaldusv\u00e4\u00e4rselt.<\/p>\n<p>See vastupidavast PVC-materjalist valmistatud kaabel on ehitatud vastu pidama igap\u00e4evasele kulumisele, pakkudes kauakestvat j\u00f5udlust ja vastupidavust. Selle tugev konstruktsioon tagab usaldusv\u00e4\u00e4rse \u00fchenduse ning kaitse painde ja v\u00e4\u00e4ndumise eest.<\/p>\n<p>See 1 meetri pikkune kaabel pakub laialdast ulatust, j\u00e4\u00e4des samas piisavalt kaasaskantavaks, et k\u00f5ikjale kaasas kanda. Olenemata sellest, kas olete kodus, kontoris v\u00f5i liikvel, v\u00f5ite sellele kaablile loota, et teie seadmed on sisse l\u00fclitatud ja t\u00f6\u00f6valmis.<\/p>\n<p>Tehnilised andmed:<br \/>Materjal: PVC<br \/>V\u00e4rv: valge<br \/>V\u00f5imsus: 30 W<br \/>Pikkus: 1 m<br \/>Pistikud: USB-C kuni Lightning<\/p>\n","protected":false},"excerpt":{"rendered":"<p>USB-C to Lightning kaabel, mis on loodud teie laadimisvajaduste rahuldamiseks \u00fclima t\u00f5hususega. 30 W v\u00e4ljundv\u00f5imsusega kaabel tagab teie Lightning-\u00fchilduvate seadmete kiire laadimise, tarnides toidet kiiresti ja usaldusv\u00e4\u00e4rselt. See vastupidavast PVC-materjalist valmistatud kaabel on ehitatud vastu pidama igap\u00e4evasele kulumisele, pakkudes kauakestvat j\u00f5udlust ja vastupidavust. Selle tugev konstruktsioon tagab usaldusv\u00e4\u00e4rse \u00fchenduse ning kaitse painde ja v\u00e4\u00e4ndumise eest&#8230;.<\/p>\n","protected":false},"featured_media":13571,"template":"","meta":[],"product_brand":[],"product_cat":[1260],"product_tag":[],"class_list":{"0":"post-13581","1":"product","2":"type-product","3":"status-publish","4":"has-post-thumbnail","6":"product_cat-juhtmed","8":"first","9":"instock","10":"taxable","11":"shipping-taxable","12":"purchasable","13":"product-type-simple"},"yoast_head":"<!-- This site is optimized with the Yoast SEO plugin v27.2 - https:\/\/yoast.com\/product\/yoast-seo-wordpress\/ -->\n<title>Wiwu Wi-C002 USB C - Lightning 30W 1m valge - CompanySun<\/title>\n<meta name=\"robots\" content=\"index, follow, max-snippet:-1, max-image-preview:large, max-video-preview:-1\" \/>\n<link rel=\"canonical\" href=\"https:\/\/sunfixmobile.ee\/toode\/wiwu-wi-c002-usb-c-lightning-30w-1m-valge\/\" \/>\n<meta property=\"og:locale\" content=\"ru_RU\" \/>\n<meta property=\"og:type\" content=\"article\" \/>\n<meta property=\"og:title\" content=\"Wiwu Wi-C002 USB C - Lightning 30W 1m valge - CompanySun\" \/>\n<meta property=\"og:description\" content=\"USB-C to Lightning kaabel, mis on loodud teie laadimisvajaduste rahuldamiseks \u00fclima t\u00f5hususega. 30 W v\u00e4ljundv\u00f5imsusega kaabel tagab teie Lightning-\u00fchilduvate seadmete kiire laadimise, tarnides toidet kiiresti ja usaldusv\u00e4\u00e4rselt. See vastupidavast PVC-materjalist valmistatud kaabel on ehitatud vastu pidama igap\u00e4evasele kulumisele, pakkudes kauakestvat j\u00f5udlust ja vastupidavust. Selle tugev konstruktsioon tagab usaldusv\u00e4\u00e4rse \u00fchenduse ning kaitse painde ja v\u00e4\u00e4ndumise eest....\" \/>\n<meta property=\"og:url\" content=\"https:\/\/sunfixmobile.ee\/toode\/wiwu-wi-c002-usb-c-lightning-30w-1m-valge\/\" \/>\n<meta property=\"og:site_name\" content=\"CompanySun\" \/>\n<meta property=\"article:publisher\" content=\"https:\/\/www.facebook.com\/sunfixtallinn\" \/>\n<meta property=\"article:modified_time\" content=\"2026-01-15T00:00:08+00:00\" \/>\n<meta property=\"og:image\" content=\"https:\/\/sunfixmobile.ee\/wp-content\/uploads\/2022\/05\/1.jpg\" \/>\n\t<meta property=\"og:image:width\" content=\"2000\" \/>\n\t<meta property=\"og:image:height\" content=\"1335\" \/>\n\t<meta property=\"og:image:type\" content=\"image\/jpeg\" \/>\n<meta name=\"twitter:card\" content=\"summary_large_image\" \/>\n<meta name=\"twitter:label1\" content=\"\u0426\u0435\u043d\u0430\" \/>\n\t<meta name=\"twitter:data1\" content=\"14,90&nbsp;&euro;\" \/>\n\t<meta name=\"twitter:label2\" content=\"\u0414\u043e\u0441\u0442\u0443\u043f\u043d\u043e\u0441\u0442\u044c\" \/>\n\t<meta name=\"twitter:data2\" content=\"\u0412 \u043d\u0430\u043b\u0438\u0447\u0438\u0438\" \/>\n<script type=\"application\/ld+json\" class=\"yoast-schema-graph\">{\"@context\":\"https:\/\/schema.org\",\"@graph\":[{\"@type\":\"WebPage\",\"@id\":\"https:\/\/sunfixmobile.ee\/toode\/wiwu-wi-c002-usb-c-lightning-30w-1m-valge\/\",\"url\":\"https:\/\/sunfixmobile.ee\/toode\/wiwu-wi-c002-usb-c-lightning-30w-1m-valge\/\",\"name\":\"Wiwu Wi-C002 USB C - Lightning 30W 1m valge - CompanySun\",\"isPartOf\":{\"@id\":\"https:\/\/sunfixmobile.ee\/#website\"},\"primaryImageOfPage\":{\"@id\":\"https:\/\/sunfixmobile.ee\/toode\/wiwu-wi-c002-usb-c-lightning-30w-1m-valge\/#primaryimage\"},\"image\":{\"@id\":\"https:\/\/sunfixmobile.ee\/toode\/wiwu-wi-c002-usb-c-lightning-30w-1m-valge\/#primaryimage\"},\"thumbnailUrl\":\"https:\/\/sunfixmobile.ee\/wp-content\/uploads\/2024\/10\/53884e5a6e9c8d83580b73ca5b316704.webp\",\"datePublished\":\"2024-10-03T13:03:03+00:00\",\"dateModified\":\"2026-01-15T00:00:08+00:00\",\"breadcrumb\":{\"@id\":\"https:\/\/sunfixmobile.ee\/toode\/wiwu-wi-c002-usb-c-lightning-30w-1m-valge\/#breadcrumb\"},\"inLanguage\":\"ru-RU\",\"potentialAction\":[{\"@type\":\"ReadAction\",\"target\":[\"https:\/\/sunfixmobile.ee\/toode\/wiwu-wi-c002-usb-c-lightning-30w-1m-valge\/\"]}]},{\"@type\":\"ImageObject\",\"inLanguage\":\"ru-RU\",\"@id\":\"https:\/\/sunfixmobile.ee\/toode\/wiwu-wi-c002-usb-c-lightning-30w-1m-valge\/#primaryimage\",\"url\":\"https:\/\/sunfixmobile.ee\/wp-content\/uploads\/2024\/10\/53884e5a6e9c8d83580b73ca5b316704.webp\",\"contentUrl\":\"https:\/\/sunfixmobile.ee\/wp-content\/uploads\/2024\/10\/53884e5a6e9c8d83580b73ca5b316704.webp\",\"width\":1000,\"height\":1000,\"caption\":\"53884e5a6e9c8d83580b73ca5b316704.\"},{\"@type\":\"BreadcrumbList\",\"@id\":\"https:\/\/sunfixmobile.ee\/toode\/wiwu-wi-c002-usb-c-lightning-30w-1m-valge\/#breadcrumb\",\"itemListElement\":[{\"@type\":\"ListItem\",\"position\":1,\"name\":\"Home\",\"item\":\"https:\/\/sunfixmobile.ee\/ru\/\"},{\"@type\":\"ListItem\",\"position\":2,\"name\":\"\u0412\u0441\u0435 \u0442\u043e\u0432\u0430\u0440\u044b\",\"item\":\"https:\/\/sunfixmobile.ee\/ru\/magazin\/\"},{\"@type\":\"ListItem\",\"position\":3,\"name\":\"Wiwu Wi-C002 USB C &#8211; Lightning 30W 1m valge\"}]},{\"@type\":\"WebSite\",\"@id\":\"https:\/\/sunfixmobile.ee\/#website\",\"url\":\"https:\/\/sunfixmobile.ee\/\",\"name\":\"CompanySun\",\"description\":\"\",\"publisher\":{\"@id\":\"https:\/\/sunfixmobile.ee\/#organization\"},\"potentialAction\":[{\"@type\":\"SearchAction\",\"target\":{\"@type\":\"EntryPoint\",\"urlTemplate\":\"https:\/\/sunfixmobile.ee\/?s={search_term_string}\"},\"query-input\":{\"@type\":\"PropertyValueSpecification\",\"valueRequired\":true,\"valueName\":\"search_term_string\"}}],\"inLanguage\":\"ru-RU\"},{\"@type\":\"Organization\",\"@id\":\"https:\/\/sunfixmobile.ee\/#organization\",\"name\":\"CompanySun O\u00dc\",\"url\":\"https:\/\/sunfixmobile.ee\/\",\"logo\":{\"@type\":\"ImageObject\",\"inLanguage\":\"ru-RU\",\"@id\":\"https:\/\/sunfixmobile.ee\/#\/schema\/logo\/image\/\",\"url\":\"https:\/\/sunfixmobile.ee\/wp-content\/uploads\/2022\/05\/logo.png\",\"contentUrl\":\"https:\/\/sunfixmobile.ee\/wp-content\/uploads\/2022\/05\/logo.png\",\"width\":257,\"height\":85,\"caption\":\"CompanySun O\u00dc\"},\"image\":{\"@id\":\"https:\/\/sunfixmobile.ee\/#\/schema\/logo\/image\/\"},\"sameAs\":[\"https:\/\/www.facebook.com\/sunfixtallinn\",\"https:\/\/www.instagram.com\/sunfix_eesti\/\"]}]}<\/script>\n<meta property=\"product:price:amount\" content=\"14.90\" \/>\n<meta property=\"product:price:currency\" content=\"EUR\" \/>\n<meta property=\"og:availability\" content=\"instock\" \/>\n<meta property=\"product:availability\" content=\"instock\" \/>\n<meta property=\"product:retailer_item_id\" content=\"6976195090284\" \/>\n<meta property=\"product:condition\" content=\"new\" \/>\n<!-- \/ Yoast SEO plugin. -->","yoast_head_json":{"title":"Wiwu Wi-C002 USB C - Lightning 30W 1m valge - CompanySun","robots":{"index":"index","follow":"follow","max-snippet":"max-snippet:-1","max-image-preview":"max-image-preview:large","max-video-preview":"max-video-preview:-1"},"canonical":"https:\/\/sunfixmobile.ee\/toode\/wiwu-wi-c002-usb-c-lightning-30w-1m-valge\/","og_locale":"ru_RU","og_type":"article","og_title":"Wiwu Wi-C002 USB C - Lightning 30W 1m valge - CompanySun","og_description":"USB-C to Lightning kaabel, mis on loodud teie laadimisvajaduste rahuldamiseks \u00fclima t\u00f5hususega. 30 W v\u00e4ljundv\u00f5imsusega kaabel tagab teie Lightning-\u00fchilduvate seadmete kiire laadimise, tarnides toidet kiiresti ja usaldusv\u00e4\u00e4rselt. See vastupidavast PVC-materjalist valmistatud kaabel on ehitatud vastu pidama igap\u00e4evasele kulumisele, pakkudes kauakestvat j\u00f5udlust ja vastupidavust. Selle tugev konstruktsioon tagab usaldusv\u00e4\u00e4rse \u00fchenduse ning kaitse painde ja v\u00e4\u00e4ndumise eest....","og_url":"https:\/\/sunfixmobile.ee\/toode\/wiwu-wi-c002-usb-c-lightning-30w-1m-valge\/","og_site_name":"CompanySun","article_publisher":"https:\/\/www.facebook.com\/sunfixtallinn","article_modified_time":"2026-01-15T00:00:08+00:00","og_image":[{"width":2000,"height":1335,"url":"https:\/\/sunfixmobile.ee\/wp-content\/uploads\/2022\/05\/1.jpg","type":"image\/jpeg"}],"twitter_card":"summary_large_image","twitter_misc":{"\u0426\u0435\u043d\u0430":"14,90&nbsp;&euro;","\u0414\u043e\u0441\u0442\u0443\u043f\u043d\u043e\u0441\u0442\u044c":"\u0412 \u043d\u0430\u043b\u0438\u0447\u0438\u0438"},"schema":{"@context":"https:\/\/schema.org","@graph":[{"@type":"WebPage","@id":"https:\/\/sunfixmobile.ee\/toode\/wiwu-wi-c002-usb-c-lightning-30w-1m-valge\/","url":"https:\/\/sunfixmobile.ee\/toode\/wiwu-wi-c002-usb-c-lightning-30w-1m-valge\/","name":"Wiwu Wi-C002 USB C - Lightning 30W 1m valge - CompanySun","isPartOf":{"@id":"https:\/\/sunfixmobile.ee\/#website"},"primaryImageOfPage":{"@id":"https:\/\/sunfixmobile.ee\/toode\/wiwu-wi-c002-usb-c-lightning-30w-1m-valge\/#primaryimage"},"image":{"@id":"https:\/\/sunfixmobile.ee\/toode\/wiwu-wi-c002-usb-c-lightning-30w-1m-valge\/#primaryimage"},"thumbnailUrl":"https:\/\/sunfixmobile.ee\/wp-content\/uploads\/2024\/10\/53884e5a6e9c8d83580b73ca5b316704.webp","datePublished":"2024-10-03T13:03:03+00:00","dateModified":"2026-01-15T00:00:08+00:00","breadcrumb":{"@id":"https:\/\/sunfixmobile.ee\/toode\/wiwu-wi-c002-usb-c-lightning-30w-1m-valge\/#breadcrumb"},"inLanguage":"ru-RU","potentialAction":[{"@type":"ReadAction","target":["https:\/\/sunfixmobile.ee\/toode\/wiwu-wi-c002-usb-c-lightning-30w-1m-valge\/"]}]},{"@type":"ImageObject","inLanguage":"ru-RU","@id":"https:\/\/sunfixmobile.ee\/toode\/wiwu-wi-c002-usb-c-lightning-30w-1m-valge\/#primaryimage","url":"https:\/\/sunfixmobile.ee\/wp-content\/uploads\/2024\/10\/53884e5a6e9c8d83580b73ca5b316704.webp","contentUrl":"https:\/\/sunfixmobile.ee\/wp-content\/uploads\/2024\/10\/53884e5a6e9c8d83580b73ca5b316704.webp","width":1000,"height":1000,"caption":"53884e5a6e9c8d83580b73ca5b316704."},{"@type":"BreadcrumbList","@id":"https:\/\/sunfixmobile.ee\/toode\/wiwu-wi-c002-usb-c-lightning-30w-1m-valge\/#breadcrumb","itemListElement":[{"@type":"ListItem","position":1,"name":"Home","item":"https:\/\/sunfixmobile.ee\/ru\/"},{"@type":"ListItem","position":2,"name":"\u0412\u0441\u0435 \u0442\u043e\u0432\u0430\u0440\u044b","item":"https:\/\/sunfixmobile.ee\/ru\/magazin\/"},{"@type":"ListItem","position":3,"name":"Wiwu Wi-C002 USB C &#8211; Lightning 30W 1m valge"}]},{"@type":"WebSite","@id":"https:\/\/sunfixmobile.ee\/#website","url":"https:\/\/sunfixmobile.ee\/","name":"CompanySun","description":"","publisher":{"@id":"https:\/\/sunfixmobile.ee\/#organization"},"potentialAction":[{"@type":"SearchAction","target":{"@type":"EntryPoint","urlTemplate":"https:\/\/sunfixmobile.ee\/?s={search_term_string}"},"query-input":{"@type":"PropertyValueSpecification","valueRequired":true,"valueName":"search_term_string"}}],"inLanguage":"ru-RU"},{"@type":"Organization","@id":"https:\/\/sunfixmobile.ee\/#organization","name":"CompanySun O\u00dc","url":"https:\/\/sunfixmobile.ee\/","logo":{"@type":"ImageObject","inLanguage":"ru-RU","@id":"https:\/\/sunfixmobile.ee\/#\/schema\/logo\/image\/","url":"https:\/\/sunfixmobile.ee\/wp-content\/uploads\/2022\/05\/logo.png","contentUrl":"https:\/\/sunfixmobile.ee\/wp-content\/uploads\/2022\/05\/logo.png","width":257,"height":85,"caption":"CompanySun O\u00dc"},"image":{"@id":"https:\/\/sunfixmobile.ee\/#\/schema\/logo\/image\/"},"sameAs":["https:\/\/www.facebook.com\/sunfixtallinn","https:\/\/www.instagram.com\/sunfix_eesti\/"]}]},"product_price_amount":"14.90","product_price_currency":"EUR","og_availability":"instock","product_availability":"instock","product_retailer_item_id":"6976195090284","product_condition":"new"},"_links":{"self":[{"href":"https:\/\/sunfixmobile.ee\/ru\/wp-json\/wp\/v2\/product\/13581","targetHints":{"allow":["GET"]}}],"collection":[{"href":"https:\/\/sunfixmobile.ee\/ru\/wp-json\/wp\/v2\/product"}],"about":[{"href":"https:\/\/sunfixmobile.ee\/ru\/wp-json\/wp\/v2\/types\/product"}],"wp:featuredmedia":[{"embeddable":true,"href":"https:\/\/sunfixmobile.ee\/ru\/wp-json\/wp\/v2\/media\/13571"}],"wp:attachment":[{"href":"https:\/\/sunfixmobile.ee\/ru\/wp-json\/wp\/v2\/media?parent=13581"}],"wp:term":[{"taxonomy":"product_brand","embeddable":true,"href":"https:\/\/sunfixmobile.ee\/ru\/wp-json\/wp\/v2\/product_brand?post=13581"},{"taxonomy":"product_cat","embeddable":true,"href":"https:\/\/sunfixmobile.ee\/ru\/wp-json\/wp\/v2\/product_cat?post=13581"},{"taxonomy":"product_tag","embeddable":true,"href":"https:\/\/sunfixmobile.ee\/ru\/wp-json\/wp\/v2\/product_tag?post=13581"}],"curies":[{"name":"wp","href":"https:\/\/api.w.org\/{rel}","templated":true}]}}