{"id":13428,"date":"2024-09-17T10:31:13","date_gmt":"2024-09-17T10:31:13","guid":{"rendered":"https:\/\/sunfixmobile.ee\/toode\/iphone-16-pro-max-5d-mr-monkey-kaitseklaas-strong-dustproof\/"},"modified":"2026-04-08T03:00:09","modified_gmt":"2026-04-08T00:00:09","slug":"iphone-16-pro-max-5d-mr-monkey-kaitseklaas-strong-dustproof","status":"publish","type":"product","link":"https:\/\/sunfixmobile.ee\/ru\/tovar\/iphone-16-pro-max-5d-mr-monkey-kaitseklaas-strong-dustproof\/","title":{"rendered":"IPhone 16 Pro Max 5D Mr. Monkey kaitseklaas (Strong Dustproof)"},"content":{"rendered":"<p>\u00c4\u00e4rmiselt lihtsalt kokkupandav karastatud klaas Mr. Monkey Glassist. Auto-stick tehnoloogia ja k\u00f5ige \u00f5hem disain muudavad kokkupaneku lihtsaks isegi algajale kasutajale. \u00dchena v\u00e4hestest turul, takistab see tolmu kogunemist raami \u00fcmber. Komplektis on aplikaator, mis teeb klaasi pealekandmise lihtsaks.<\/p>\n<p>Klaas katab kogu ekraani, sealhulgas ekraani kumeruse. Kogu pinnal olev liim kleepub ideaalselt ekraaniga, j\u00e4tmata \u00f5humulle. Oleofoobne kate tagab ekraani l\u00e4bipaistvuse ning vastupidavuse s\u00f5rmej\u00e4lgedele ja mustusele.<\/p>\n<p>T\u00e4nu \u00fclimadalale paksusele (ainult 0,26 mm!) on klaas praktiliselt m\u00e4rkamatu ja meeldiv puudutada, tagades samas 100% puutetundlikkuse.<\/p>\n<p>Omadused:<br \/>Liim: kogu pinnale<br \/>Ekraani katvus: katab kogu ekraani, sealhulgas ekraani kumeruse<br \/>Materjal: 100% karastatud klaas<br \/>Paksus: 0,26 mm<br \/>Oleofoobne kate: jah<\/p>\n<p>Eriomadused: Lihtne paigaldada, hoiab \u00e4ra mustuse raami \u00fcmber, \u00e4\u00e4rmiselt \u00f5huke disain<\/p>\n","protected":false},"excerpt":{"rendered":"<p>\u00c4\u00e4rmiselt lihtsalt kokkupandav karastatud klaas Mr. Monkey Glassist. Auto-stick tehnoloogia ja k\u00f5ige \u00f5hem disain muudavad kokkupaneku lihtsaks isegi algajale kasutajale. \u00dchena v\u00e4hestest turul, takistab see tolmu kogunemist raami \u00fcmber. Komplektis on aplikaator, mis teeb klaasi pealekandmise lihtsaks. Klaas katab kogu ekraani, sealhulgas ekraani kumeruse. Kogu pinnal olev liim kleepub ideaalselt ekraaniga, j\u00e4tmata \u00f5humulle. Oleofoobne kate&#8230;<\/p>\n","protected":false},"featured_media":13422,"template":"","meta":[],"product_brand":[],"product_cat":[1255],"product_tag":[1555],"class_list":{"0":"post-13428","1":"product","2":"type-product","3":"status-publish","4":"has-post-thumbnail","6":"product_cat-kaitseklaasid","7":"product_tag-iphone-16-pro-max","9":"first","10":"instock","11":"taxable","12":"shipping-taxable","13":"purchasable","14":"product-type-simple"},"yoast_head":"<!-- This site is optimized with the Yoast SEO plugin v27.2 - https:\/\/yoast.com\/product\/yoast-seo-wordpress\/ -->\n<title>IPhone 16 Pro Max 5D Mr. Monkey kaitseklaas (Strong Dustproof) - CompanySun<\/title>\n<meta name=\"robots\" content=\"index, follow, max-snippet:-1, max-image-preview:large, max-video-preview:-1\" \/>\n<link rel=\"canonical\" href=\"https:\/\/sunfixmobile.ee\/toode\/iphone-16-pro-max-5d-mr-monkey-kaitseklaas-strong-dustproof\/\" \/>\n<meta property=\"og:locale\" content=\"ru_RU\" \/>\n<meta property=\"og:type\" content=\"article\" \/>\n<meta property=\"og:title\" content=\"IPhone 16 Pro Max 5D Mr. Monkey kaitseklaas (Strong Dustproof) - CompanySun\" \/>\n<meta property=\"og:description\" content=\"\u00c4\u00e4rmiselt lihtsalt kokkupandav karastatud klaas Mr. Monkey Glassist. Auto-stick tehnoloogia ja k\u00f5ige \u00f5hem disain muudavad kokkupaneku lihtsaks isegi algajale kasutajale. \u00dchena v\u00e4hestest turul, takistab see tolmu kogunemist raami \u00fcmber. Komplektis on aplikaator, mis teeb klaasi pealekandmise lihtsaks. Klaas katab kogu ekraani, sealhulgas ekraani kumeruse. Kogu pinnal olev liim kleepub ideaalselt ekraaniga, j\u00e4tmata \u00f5humulle. Oleofoobne kate...\" \/>\n<meta property=\"og:url\" content=\"https:\/\/sunfixmobile.ee\/toode\/iphone-16-pro-max-5d-mr-monkey-kaitseklaas-strong-dustproof\/\" \/>\n<meta property=\"og:site_name\" content=\"CompanySun\" \/>\n<meta property=\"article:publisher\" content=\"https:\/\/www.facebook.com\/sunfixtallinn\" \/>\n<meta property=\"article:modified_time\" content=\"2026-04-08T00:00:09+00:00\" \/>\n<meta property=\"og:image\" content=\"https:\/\/sunfixmobile.ee\/wp-content\/uploads\/2022\/05\/1.jpg\" \/>\n\t<meta property=\"og:image:width\" content=\"2000\" \/>\n\t<meta property=\"og:image:height\" content=\"1335\" \/>\n\t<meta property=\"og:image:type\" content=\"image\/jpeg\" \/>\n<meta name=\"twitter:card\" content=\"summary_large_image\" \/>\n<meta name=\"twitter:label1\" content=\"\u0426\u0435\u043d\u0430\" \/>\n\t<meta name=\"twitter:data1\" content=\"25,90&nbsp;&euro;\" \/>\n\t<meta name=\"twitter:label2\" content=\"\u0414\u043e\u0441\u0442\u0443\u043f\u043d\u043e\u0441\u0442\u044c\" \/>\n\t<meta name=\"twitter:data2\" content=\"\u0412 \u043d\u0430\u043b\u0438\u0447\u0438\u0438\" \/>\n<script type=\"application\/ld+json\" class=\"yoast-schema-graph\">{\"@context\":\"https:\/\/schema.org\",\"@graph\":[{\"@type\":\"WebPage\",\"@id\":\"https:\/\/sunfixmobile.ee\/toode\/iphone-16-pro-max-5d-mr-monkey-kaitseklaas-strong-dustproof\/\",\"url\":\"https:\/\/sunfixmobile.ee\/toode\/iphone-16-pro-max-5d-mr-monkey-kaitseklaas-strong-dustproof\/\",\"name\":\"IPhone 16 Pro Max 5D Mr. Monkey kaitseklaas (Strong Dustproof) - CompanySun\",\"isPartOf\":{\"@id\":\"https:\/\/sunfixmobile.ee\/#website\"},\"primaryImageOfPage\":{\"@id\":\"https:\/\/sunfixmobile.ee\/toode\/iphone-16-pro-max-5d-mr-monkey-kaitseklaas-strong-dustproof\/#primaryimage\"},\"image\":{\"@id\":\"https:\/\/sunfixmobile.ee\/toode\/iphone-16-pro-max-5d-mr-monkey-kaitseklaas-strong-dustproof\/#primaryimage\"},\"thumbnailUrl\":\"https:\/\/sunfixmobile.ee\/wp-content\/uploads\/2024\/09\/762b0c2fdbef7eba8ffeff0472ede631-2.webp\",\"datePublished\":\"2024-09-17T10:31:13+00:00\",\"dateModified\":\"2026-04-08T00:00:09+00:00\",\"breadcrumb\":{\"@id\":\"https:\/\/sunfixmobile.ee\/toode\/iphone-16-pro-max-5d-mr-monkey-kaitseklaas-strong-dustproof\/#breadcrumb\"},\"inLanguage\":\"ru-RU\",\"potentialAction\":[{\"@type\":\"ReadAction\",\"target\":[\"https:\/\/sunfixmobile.ee\/toode\/iphone-16-pro-max-5d-mr-monkey-kaitseklaas-strong-dustproof\/\"]}]},{\"@type\":\"ImageObject\",\"inLanguage\":\"ru-RU\",\"@id\":\"https:\/\/sunfixmobile.ee\/toode\/iphone-16-pro-max-5d-mr-monkey-kaitseklaas-strong-dustproof\/#primaryimage\",\"url\":\"https:\/\/sunfixmobile.ee\/wp-content\/uploads\/2024\/09\/762b0c2fdbef7eba8ffeff0472ede631-2.webp\",\"contentUrl\":\"https:\/\/sunfixmobile.ee\/wp-content\/uploads\/2024\/09\/762b0c2fdbef7eba8ffeff0472ede631-2.webp\",\"width\":1000,\"height\":1000,\"caption\":\"762b0c2fdbef7eba8ffeff0472ede631-2.\"},{\"@type\":\"BreadcrumbList\",\"@id\":\"https:\/\/sunfixmobile.ee\/toode\/iphone-16-pro-max-5d-mr-monkey-kaitseklaas-strong-dustproof\/#breadcrumb\",\"itemListElement\":[{\"@type\":\"ListItem\",\"position\":1,\"name\":\"Home\",\"item\":\"https:\/\/sunfixmobile.ee\/ru\/\"},{\"@type\":\"ListItem\",\"position\":2,\"name\":\"\u0412\u0441\u0435 \u0442\u043e\u0432\u0430\u0440\u044b\",\"item\":\"https:\/\/sunfixmobile.ee\/ru\/magazin\/\"},{\"@type\":\"ListItem\",\"position\":3,\"name\":\"IPhone 16 Pro Max 5D Mr. Monkey kaitseklaas (Strong Dustproof)\"}]},{\"@type\":\"WebSite\",\"@id\":\"https:\/\/sunfixmobile.ee\/#website\",\"url\":\"https:\/\/sunfixmobile.ee\/\",\"name\":\"CompanySun\",\"description\":\"\",\"publisher\":{\"@id\":\"https:\/\/sunfixmobile.ee\/#organization\"},\"potentialAction\":[{\"@type\":\"SearchAction\",\"target\":{\"@type\":\"EntryPoint\",\"urlTemplate\":\"https:\/\/sunfixmobile.ee\/?s={search_term_string}\"},\"query-input\":{\"@type\":\"PropertyValueSpecification\",\"valueRequired\":true,\"valueName\":\"search_term_string\"}}],\"inLanguage\":\"ru-RU\"},{\"@type\":\"Organization\",\"@id\":\"https:\/\/sunfixmobile.ee\/#organization\",\"name\":\"CompanySun O\u00dc\",\"url\":\"https:\/\/sunfixmobile.ee\/\",\"logo\":{\"@type\":\"ImageObject\",\"inLanguage\":\"ru-RU\",\"@id\":\"https:\/\/sunfixmobile.ee\/#\/schema\/logo\/image\/\",\"url\":\"https:\/\/sunfixmobile.ee\/wp-content\/uploads\/2022\/05\/logo.png\",\"contentUrl\":\"https:\/\/sunfixmobile.ee\/wp-content\/uploads\/2022\/05\/logo.png\",\"width\":257,\"height\":85,\"caption\":\"CompanySun O\u00dc\"},\"image\":{\"@id\":\"https:\/\/sunfixmobile.ee\/#\/schema\/logo\/image\/\"},\"sameAs\":[\"https:\/\/www.facebook.com\/sunfixtallinn\",\"https:\/\/www.instagram.com\/sunfix_eesti\/\"]}]}<\/script>\n<meta property=\"product:price:amount\" content=\"25.90\" \/>\n<meta property=\"product:price:currency\" content=\"EUR\" \/>\n<meta property=\"og:availability\" content=\"instock\" \/>\n<meta property=\"product:availability\" content=\"instock\" \/>\n<meta property=\"product:retailer_item_id\" content=\"5903396324826\" \/>\n<meta property=\"product:condition\" content=\"new\" \/>\n<!-- \/ Yoast SEO plugin. -->","yoast_head_json":{"title":"IPhone 16 Pro Max 5D Mr. Monkey kaitseklaas (Strong Dustproof) - CompanySun","robots":{"index":"index","follow":"follow","max-snippet":"max-snippet:-1","max-image-preview":"max-image-preview:large","max-video-preview":"max-video-preview:-1"},"canonical":"https:\/\/sunfixmobile.ee\/toode\/iphone-16-pro-max-5d-mr-monkey-kaitseklaas-strong-dustproof\/","og_locale":"ru_RU","og_type":"article","og_title":"IPhone 16 Pro Max 5D Mr. Monkey kaitseklaas (Strong Dustproof) - CompanySun","og_description":"\u00c4\u00e4rmiselt lihtsalt kokkupandav karastatud klaas Mr. Monkey Glassist. Auto-stick tehnoloogia ja k\u00f5ige \u00f5hem disain muudavad kokkupaneku lihtsaks isegi algajale kasutajale. \u00dchena v\u00e4hestest turul, takistab see tolmu kogunemist raami \u00fcmber. Komplektis on aplikaator, mis teeb klaasi pealekandmise lihtsaks. Klaas katab kogu ekraani, sealhulgas ekraani kumeruse. Kogu pinnal olev liim kleepub ideaalselt ekraaniga, j\u00e4tmata \u00f5humulle. Oleofoobne kate...","og_url":"https:\/\/sunfixmobile.ee\/toode\/iphone-16-pro-max-5d-mr-monkey-kaitseklaas-strong-dustproof\/","og_site_name":"CompanySun","article_publisher":"https:\/\/www.facebook.com\/sunfixtallinn","article_modified_time":"2026-04-08T00:00:09+00:00","og_image":[{"width":2000,"height":1335,"url":"https:\/\/sunfixmobile.ee\/wp-content\/uploads\/2022\/05\/1.jpg","type":"image\/jpeg"}],"twitter_card":"summary_large_image","twitter_misc":{"\u0426\u0435\u043d\u0430":"25,90&nbsp;&euro;","\u0414\u043e\u0441\u0442\u0443\u043f\u043d\u043e\u0441\u0442\u044c":"\u0412 \u043d\u0430\u043b\u0438\u0447\u0438\u0438"},"schema":{"@context":"https:\/\/schema.org","@graph":[{"@type":"WebPage","@id":"https:\/\/sunfixmobile.ee\/toode\/iphone-16-pro-max-5d-mr-monkey-kaitseklaas-strong-dustproof\/","url":"https:\/\/sunfixmobile.ee\/toode\/iphone-16-pro-max-5d-mr-monkey-kaitseklaas-strong-dustproof\/","name":"IPhone 16 Pro Max 5D Mr. Monkey kaitseklaas (Strong Dustproof) - CompanySun","isPartOf":{"@id":"https:\/\/sunfixmobile.ee\/#website"},"primaryImageOfPage":{"@id":"https:\/\/sunfixmobile.ee\/toode\/iphone-16-pro-max-5d-mr-monkey-kaitseklaas-strong-dustproof\/#primaryimage"},"image":{"@id":"https:\/\/sunfixmobile.ee\/toode\/iphone-16-pro-max-5d-mr-monkey-kaitseklaas-strong-dustproof\/#primaryimage"},"thumbnailUrl":"https:\/\/sunfixmobile.ee\/wp-content\/uploads\/2024\/09\/762b0c2fdbef7eba8ffeff0472ede631-2.webp","datePublished":"2024-09-17T10:31:13+00:00","dateModified":"2026-04-08T00:00:09+00:00","breadcrumb":{"@id":"https:\/\/sunfixmobile.ee\/toode\/iphone-16-pro-max-5d-mr-monkey-kaitseklaas-strong-dustproof\/#breadcrumb"},"inLanguage":"ru-RU","potentialAction":[{"@type":"ReadAction","target":["https:\/\/sunfixmobile.ee\/toode\/iphone-16-pro-max-5d-mr-monkey-kaitseklaas-strong-dustproof\/"]}]},{"@type":"ImageObject","inLanguage":"ru-RU","@id":"https:\/\/sunfixmobile.ee\/toode\/iphone-16-pro-max-5d-mr-monkey-kaitseklaas-strong-dustproof\/#primaryimage","url":"https:\/\/sunfixmobile.ee\/wp-content\/uploads\/2024\/09\/762b0c2fdbef7eba8ffeff0472ede631-2.webp","contentUrl":"https:\/\/sunfixmobile.ee\/wp-content\/uploads\/2024\/09\/762b0c2fdbef7eba8ffeff0472ede631-2.webp","width":1000,"height":1000,"caption":"762b0c2fdbef7eba8ffeff0472ede631-2."},{"@type":"BreadcrumbList","@id":"https:\/\/sunfixmobile.ee\/toode\/iphone-16-pro-max-5d-mr-monkey-kaitseklaas-strong-dustproof\/#breadcrumb","itemListElement":[{"@type":"ListItem","position":1,"name":"Home","item":"https:\/\/sunfixmobile.ee\/ru\/"},{"@type":"ListItem","position":2,"name":"\u0412\u0441\u0435 \u0442\u043e\u0432\u0430\u0440\u044b","item":"https:\/\/sunfixmobile.ee\/ru\/magazin\/"},{"@type":"ListItem","position":3,"name":"IPhone 16 Pro Max 5D Mr. Monkey kaitseklaas (Strong Dustproof)"}]},{"@type":"WebSite","@id":"https:\/\/sunfixmobile.ee\/#website","url":"https:\/\/sunfixmobile.ee\/","name":"CompanySun","description":"","publisher":{"@id":"https:\/\/sunfixmobile.ee\/#organization"},"potentialAction":[{"@type":"SearchAction","target":{"@type":"EntryPoint","urlTemplate":"https:\/\/sunfixmobile.ee\/?s={search_term_string}"},"query-input":{"@type":"PropertyValueSpecification","valueRequired":true,"valueName":"search_term_string"}}],"inLanguage":"ru-RU"},{"@type":"Organization","@id":"https:\/\/sunfixmobile.ee\/#organization","name":"CompanySun O\u00dc","url":"https:\/\/sunfixmobile.ee\/","logo":{"@type":"ImageObject","inLanguage":"ru-RU","@id":"https:\/\/sunfixmobile.ee\/#\/schema\/logo\/image\/","url":"https:\/\/sunfixmobile.ee\/wp-content\/uploads\/2022\/05\/logo.png","contentUrl":"https:\/\/sunfixmobile.ee\/wp-content\/uploads\/2022\/05\/logo.png","width":257,"height":85,"caption":"CompanySun O\u00dc"},"image":{"@id":"https:\/\/sunfixmobile.ee\/#\/schema\/logo\/image\/"},"sameAs":["https:\/\/www.facebook.com\/sunfixtallinn","https:\/\/www.instagram.com\/sunfix_eesti\/"]}]},"product_price_amount":"25.90","product_price_currency":"EUR","og_availability":"instock","product_availability":"instock","product_retailer_item_id":"5903396324826","product_condition":"new"},"_links":{"self":[{"href":"https:\/\/sunfixmobile.ee\/ru\/wp-json\/wp\/v2\/product\/13428","targetHints":{"allow":["GET"]}}],"collection":[{"href":"https:\/\/sunfixmobile.ee\/ru\/wp-json\/wp\/v2\/product"}],"about":[{"href":"https:\/\/sunfixmobile.ee\/ru\/wp-json\/wp\/v2\/types\/product"}],"wp:featuredmedia":[{"embeddable":true,"href":"https:\/\/sunfixmobile.ee\/ru\/wp-json\/wp\/v2\/media\/13422"}],"wp:attachment":[{"href":"https:\/\/sunfixmobile.ee\/ru\/wp-json\/wp\/v2\/media?parent=13428"}],"wp:term":[{"taxonomy":"product_brand","embeddable":true,"href":"https:\/\/sunfixmobile.ee\/ru\/wp-json\/wp\/v2\/product_brand?post=13428"},{"taxonomy":"product_cat","embeddable":true,"href":"https:\/\/sunfixmobile.ee\/ru\/wp-json\/wp\/v2\/product_cat?post=13428"},{"taxonomy":"product_tag","embeddable":true,"href":"https:\/\/sunfixmobile.ee\/ru\/wp-json\/wp\/v2\/product_tag?post=13428"}],"curies":[{"name":"wp","href":"https:\/\/api.w.org\/{rel}","templated":true}]}}