{"id":12373,"date":"2024-07-01T13:13:15","date_gmt":"2024-07-01T13:13:15","guid":{"rendered":"https:\/\/sunfixmobile.ee\/toode\/hoco-n42-laadija-2-x-type-c-juhe-type-c-lightning-pd-qc-45w\/"},"modified":"2025-11-16T00:00:09","modified_gmt":"2025-11-16T00:00:09","slug":"hoco-n42-laadija-2-x-type-c-juhe-type-c-lightning-pd-qc-45w","status":"publish","type":"product","link":"https:\/\/sunfixmobile.ee\/ru\/tovar\/hoco-n42-laadija-2-x-type-c-juhe-type-c-lightning-pd-qc-45w\/","title":{"rendered":"Hoco N42 laadija 2 x Type C + juhe Type C &#8212; Lightning PD QC 45W"},"content":{"rendered":"<p>Hoco N42 seinalaadija kiirlaadimisfunktsiooni ja kahe USB-C pesaga. See v\u00f5imaldab teil mobiilseadmeid kiiresti laadida. See on valmistatud GaN-tehnoloogia abil. Kaasas 1 m USB-C \u2013 Lightning kaabel.<\/p>\n<p>Laadijal on kaks USB-C pesa (koguv\u00f5imsusega 45 W), mis v\u00f5imaldavad laadida korraga kahte seadet.<\/p>\n<p>Toode toetab PD, QC 3.0, PPS, FCP, AFC ja muid kiirlaadimislahendusi.<\/p>\n<p>Leegiaeglustavast arvutist valmistatud laadija on \u00e4\u00e4rmiselt vastupidav ja kahjustuste suhtes vastupidav. Intelligentne tuvastus v\u00f5imaldab sobitada voolu antud seadmega, tagades ohutu kasutamise.<\/p>\n<p>Mis on GaN-tehnoloogia? GaN laadijate tootmisel kasutatakse energia \u00fclekandmiseks tavalise r\u00e4ni asemel galliumnitriidi, mis v\u00f5imaldab palju kiiremat j\u00f5u\u00fclekannet, seega kiiremat laadimist. Samal ajal on nitriid mitu korda v\u00e4iksem kui r\u00e4ni, mis muudab seadmed palju v\u00e4iksemaks kui nende traditsioonilised kolleegid. GaN-laadijad on kiiremad ja samal ajal v\u00e4iksemad.<\/p>\n<p>GaN tehnoloogia on universaalne standard, millega saab laadida iga seadet \u2013 nutitelefoni, tahvelarvutit, isegi s\u00fclearvutit. See on 100% ohutu, kuna laadijad on varustatud mitmete kaitsetega, mis kaitsevad pingemuutuste v\u00f5i \u00fclelaadimise eest.<\/p>\n<p>Kaasas 1 m USB-C \u2013 Lightning kaabel<\/p>\n<p>Tehnilised andmed:<br \/>Portid: 2 \u00d7 USB-C<br \/>Sisend: AC110-240V, 50\/60Hz, 0,5A<br \/>Kogu v\u00e4ljundv\u00f5imsus: 5-11V\/3A<br \/>V\u00f5imsus: max. 45 W<br \/>\u2013 USB-C1\/2: 5V\/3A, 9V\/3A, 12V\/3A, 15V\/3A, 20V\/2,25A \u2013 max. 45W \u2013 PD45W, QC 3.0, FCP, AFC PPS: 5-11V\/3A<br \/>&#8212; USB-C1 + USB-C2 = 25W + 20W = 45W<br \/>Materjal: PC (leegiaeglustav)<br \/>Kaabel: USB-C \u2013 Lightning 1 m<br \/>Pistik: EL<br \/>Suurus: 97 \u00d7 62 \u00d7 30 mm<br \/>Kaal: 120 g<br \/>Kiirlaadimistehnoloogia tugi: PD45W, QC 3.0, FCP, AFC, PPS: 5-11V\/3A<\/p>\n","protected":false},"excerpt":{"rendered":"<p>Hoco N42 seinalaadija kiirlaadimisfunktsiooni ja kahe USB-C pesaga. See v\u00f5imaldab teil mobiilseadmeid kiiresti laadida. See on valmistatud GaN-tehnoloogia abil. Kaasas 1 m USB-C \u2013 Lightning kaabel. Laadijal on kaks USB-C pesa (koguv\u00f5imsusega 45 W), mis v\u00f5imaldavad laadida korraga kahte seadet. Toode toetab PD, QC 3.0, PPS, FCP, AFC ja muid kiirlaadimislahendusi. Leegiaeglustavast arvutist valmistatud laadija&#8230;<\/p>\n","protected":false},"featured_media":12365,"template":"","meta":[],"product_brand":[],"product_cat":[1257],"product_tag":[],"class_list":{"0":"post-12373","1":"product","2":"type-product","3":"status-publish","4":"has-post-thumbnail","6":"product_cat-adapterid","8":"first","9":"instock","10":"taxable","11":"shipping-taxable","12":"purchasable","13":"product-type-simple"},"yoast_head":"<!-- This site is optimized with the Yoast SEO plugin v27.2 - https:\/\/yoast.com\/product\/yoast-seo-wordpress\/ -->\n<title>Hoco N42 laadija 2 x Type C + juhe Type C - Lightning PD QC 45W - CompanySun<\/title>\n<meta name=\"robots\" content=\"index, follow, max-snippet:-1, max-image-preview:large, max-video-preview:-1\" \/>\n<link rel=\"canonical\" href=\"https:\/\/sunfixmobile.ee\/toode\/hoco-n42-laadija-2-x-type-c-juhe-type-c-lightning-pd-qc-45w\/\" \/>\n<meta property=\"og:locale\" content=\"ru_RU\" \/>\n<meta property=\"og:type\" content=\"article\" \/>\n<meta property=\"og:title\" content=\"Hoco N42 laadija 2 x Type C + juhe Type C - Lightning PD QC 45W - CompanySun\" \/>\n<meta property=\"og:description\" content=\"Hoco N42 seinalaadija kiirlaadimisfunktsiooni ja kahe USB-C pesaga. See v\u00f5imaldab teil mobiilseadmeid kiiresti laadida. See on valmistatud GaN-tehnoloogia abil. Kaasas 1 m USB-C \u2013 Lightning kaabel. Laadijal on kaks USB-C pesa (koguv\u00f5imsusega 45 W), mis v\u00f5imaldavad laadida korraga kahte seadet. Toode toetab PD, QC 3.0, PPS, FCP, AFC ja muid kiirlaadimislahendusi. Leegiaeglustavast arvutist valmistatud laadija...\" \/>\n<meta property=\"og:url\" content=\"https:\/\/sunfixmobile.ee\/toode\/hoco-n42-laadija-2-x-type-c-juhe-type-c-lightning-pd-qc-45w\/\" \/>\n<meta property=\"og:site_name\" content=\"CompanySun\" \/>\n<meta property=\"article:publisher\" content=\"https:\/\/www.facebook.com\/sunfixtallinn\" \/>\n<meta property=\"article:modified_time\" content=\"2025-11-16T00:00:09+00:00\" \/>\n<meta property=\"og:image\" content=\"https:\/\/sunfixmobile.ee\/wp-content\/uploads\/2022\/05\/1.jpg\" \/>\n\t<meta property=\"og:image:width\" content=\"2000\" \/>\n\t<meta property=\"og:image:height\" content=\"1335\" \/>\n\t<meta property=\"og:image:type\" content=\"image\/jpeg\" \/>\n<meta name=\"twitter:card\" content=\"summary_large_image\" \/>\n<meta name=\"twitter:label1\" content=\"\u0426\u0435\u043d\u0430\" \/>\n\t<meta name=\"twitter:data1\" content=\"44,90&nbsp;&euro;\" \/>\n\t<meta name=\"twitter:label2\" content=\"\u0414\u043e\u0441\u0442\u0443\u043f\u043d\u043e\u0441\u0442\u044c\" \/>\n\t<meta name=\"twitter:data2\" content=\"\u0412 \u043d\u0430\u043b\u0438\u0447\u0438\u0438\" \/>\n<script type=\"application\/ld+json\" class=\"yoast-schema-graph\">{\"@context\":\"https:\/\/schema.org\",\"@graph\":[{\"@type\":\"WebPage\",\"@id\":\"https:\/\/sunfixmobile.ee\/toode\/hoco-n42-laadija-2-x-type-c-juhe-type-c-lightning-pd-qc-45w\/\",\"url\":\"https:\/\/sunfixmobile.ee\/toode\/hoco-n42-laadija-2-x-type-c-juhe-type-c-lightning-pd-qc-45w\/\",\"name\":\"Hoco N42 laadija 2 x Type C + juhe Type C - Lightning PD QC 45W - CompanySun\",\"isPartOf\":{\"@id\":\"https:\/\/sunfixmobile.ee\/#website\"},\"primaryImageOfPage\":{\"@id\":\"https:\/\/sunfixmobile.ee\/toode\/hoco-n42-laadija-2-x-type-c-juhe-type-c-lightning-pd-qc-45w\/#primaryimage\"},\"image\":{\"@id\":\"https:\/\/sunfixmobile.ee\/toode\/hoco-n42-laadija-2-x-type-c-juhe-type-c-lightning-pd-qc-45w\/#primaryimage\"},\"thumbnailUrl\":\"https:\/\/sunfixmobile.ee\/wp-content\/uploads\/2024\/07\/007f7cefe42d14fff3b29f9f2ed5deee.webp\",\"datePublished\":\"2024-07-01T13:13:15+00:00\",\"dateModified\":\"2025-11-16T00:00:09+00:00\",\"breadcrumb\":{\"@id\":\"https:\/\/sunfixmobile.ee\/toode\/hoco-n42-laadija-2-x-type-c-juhe-type-c-lightning-pd-qc-45w\/#breadcrumb\"},\"inLanguage\":\"ru-RU\",\"potentialAction\":[{\"@type\":\"ReadAction\",\"target\":[\"https:\/\/sunfixmobile.ee\/toode\/hoco-n42-laadija-2-x-type-c-juhe-type-c-lightning-pd-qc-45w\/\"]}]},{\"@type\":\"ImageObject\",\"inLanguage\":\"ru-RU\",\"@id\":\"https:\/\/sunfixmobile.ee\/toode\/hoco-n42-laadija-2-x-type-c-juhe-type-c-lightning-pd-qc-45w\/#primaryimage\",\"url\":\"https:\/\/sunfixmobile.ee\/wp-content\/uploads\/2024\/07\/007f7cefe42d14fff3b29f9f2ed5deee.webp\",\"contentUrl\":\"https:\/\/sunfixmobile.ee\/wp-content\/uploads\/2024\/07\/007f7cefe42d14fff3b29f9f2ed5deee.webp\",\"width\":1000,\"height\":1000,\"caption\":\"007f7cefe42d14fff3b29f9f2ed5deee.\"},{\"@type\":\"BreadcrumbList\",\"@id\":\"https:\/\/sunfixmobile.ee\/toode\/hoco-n42-laadija-2-x-type-c-juhe-type-c-lightning-pd-qc-45w\/#breadcrumb\",\"itemListElement\":[{\"@type\":\"ListItem\",\"position\":1,\"name\":\"Home\",\"item\":\"https:\/\/sunfixmobile.ee\/ru\/\"},{\"@type\":\"ListItem\",\"position\":2,\"name\":\"\u0412\u0441\u0435 \u0442\u043e\u0432\u0430\u0440\u044b\",\"item\":\"https:\/\/sunfixmobile.ee\/ru\/magazin\/\"},{\"@type\":\"ListItem\",\"position\":3,\"name\":\"Hoco N42 laadija 2 x Type C + juhe Type C &#8211; Lightning PD QC 45W\"}]},{\"@type\":\"WebSite\",\"@id\":\"https:\/\/sunfixmobile.ee\/#website\",\"url\":\"https:\/\/sunfixmobile.ee\/\",\"name\":\"CompanySun\",\"description\":\"\",\"publisher\":{\"@id\":\"https:\/\/sunfixmobile.ee\/#organization\"},\"potentialAction\":[{\"@type\":\"SearchAction\",\"target\":{\"@type\":\"EntryPoint\",\"urlTemplate\":\"https:\/\/sunfixmobile.ee\/?s={search_term_string}\"},\"query-input\":{\"@type\":\"PropertyValueSpecification\",\"valueRequired\":true,\"valueName\":\"search_term_string\"}}],\"inLanguage\":\"ru-RU\"},{\"@type\":\"Organization\",\"@id\":\"https:\/\/sunfixmobile.ee\/#organization\",\"name\":\"CompanySun O\u00dc\",\"url\":\"https:\/\/sunfixmobile.ee\/\",\"logo\":{\"@type\":\"ImageObject\",\"inLanguage\":\"ru-RU\",\"@id\":\"https:\/\/sunfixmobile.ee\/#\/schema\/logo\/image\/\",\"url\":\"https:\/\/sunfixmobile.ee\/wp-content\/uploads\/2022\/05\/logo.png\",\"contentUrl\":\"https:\/\/sunfixmobile.ee\/wp-content\/uploads\/2022\/05\/logo.png\",\"width\":257,\"height\":85,\"caption\":\"CompanySun O\u00dc\"},\"image\":{\"@id\":\"https:\/\/sunfixmobile.ee\/#\/schema\/logo\/image\/\"},\"sameAs\":[\"https:\/\/www.facebook.com\/sunfixtallinn\",\"https:\/\/www.instagram.com\/sunfix_eesti\/\"]}]}<\/script>\n<meta property=\"product:price:amount\" content=\"44.90\" \/>\n<meta property=\"product:price:currency\" content=\"EUR\" \/>\n<meta property=\"og:availability\" content=\"instock\" \/>\n<meta property=\"product:availability\" content=\"instock\" \/>\n<meta property=\"product:retailer_item_id\" content=\"6942007622165\" \/>\n<meta property=\"product:condition\" content=\"new\" \/>\n<!-- \/ Yoast SEO plugin. -->","yoast_head_json":{"title":"Hoco N42 laadija 2 x Type C + juhe Type C - Lightning PD QC 45W - CompanySun","robots":{"index":"index","follow":"follow","max-snippet":"max-snippet:-1","max-image-preview":"max-image-preview:large","max-video-preview":"max-video-preview:-1"},"canonical":"https:\/\/sunfixmobile.ee\/toode\/hoco-n42-laadija-2-x-type-c-juhe-type-c-lightning-pd-qc-45w\/","og_locale":"ru_RU","og_type":"article","og_title":"Hoco N42 laadija 2 x Type C + juhe Type C - Lightning PD QC 45W - CompanySun","og_description":"Hoco N42 seinalaadija kiirlaadimisfunktsiooni ja kahe USB-C pesaga. See v\u00f5imaldab teil mobiilseadmeid kiiresti laadida. See on valmistatud GaN-tehnoloogia abil. Kaasas 1 m USB-C \u2013 Lightning kaabel. Laadijal on kaks USB-C pesa (koguv\u00f5imsusega 45 W), mis v\u00f5imaldavad laadida korraga kahte seadet. Toode toetab PD, QC 3.0, PPS, FCP, AFC ja muid kiirlaadimislahendusi. Leegiaeglustavast arvutist valmistatud laadija...","og_url":"https:\/\/sunfixmobile.ee\/toode\/hoco-n42-laadija-2-x-type-c-juhe-type-c-lightning-pd-qc-45w\/","og_site_name":"CompanySun","article_publisher":"https:\/\/www.facebook.com\/sunfixtallinn","article_modified_time":"2025-11-16T00:00:09+00:00","og_image":[{"width":2000,"height":1335,"url":"https:\/\/sunfixmobile.ee\/wp-content\/uploads\/2022\/05\/1.jpg","type":"image\/jpeg"}],"twitter_card":"summary_large_image","twitter_misc":{"\u0426\u0435\u043d\u0430":"44,90&nbsp;&euro;","\u0414\u043e\u0441\u0442\u0443\u043f\u043d\u043e\u0441\u0442\u044c":"\u0412 \u043d\u0430\u043b\u0438\u0447\u0438\u0438"},"schema":{"@context":"https:\/\/schema.org","@graph":[{"@type":"WebPage","@id":"https:\/\/sunfixmobile.ee\/toode\/hoco-n42-laadija-2-x-type-c-juhe-type-c-lightning-pd-qc-45w\/","url":"https:\/\/sunfixmobile.ee\/toode\/hoco-n42-laadija-2-x-type-c-juhe-type-c-lightning-pd-qc-45w\/","name":"Hoco N42 laadija 2 x Type C + juhe Type C - Lightning PD QC 45W - CompanySun","isPartOf":{"@id":"https:\/\/sunfixmobile.ee\/#website"},"primaryImageOfPage":{"@id":"https:\/\/sunfixmobile.ee\/toode\/hoco-n42-laadija-2-x-type-c-juhe-type-c-lightning-pd-qc-45w\/#primaryimage"},"image":{"@id":"https:\/\/sunfixmobile.ee\/toode\/hoco-n42-laadija-2-x-type-c-juhe-type-c-lightning-pd-qc-45w\/#primaryimage"},"thumbnailUrl":"https:\/\/sunfixmobile.ee\/wp-content\/uploads\/2024\/07\/007f7cefe42d14fff3b29f9f2ed5deee.webp","datePublished":"2024-07-01T13:13:15+00:00","dateModified":"2025-11-16T00:00:09+00:00","breadcrumb":{"@id":"https:\/\/sunfixmobile.ee\/toode\/hoco-n42-laadija-2-x-type-c-juhe-type-c-lightning-pd-qc-45w\/#breadcrumb"},"inLanguage":"ru-RU","potentialAction":[{"@type":"ReadAction","target":["https:\/\/sunfixmobile.ee\/toode\/hoco-n42-laadija-2-x-type-c-juhe-type-c-lightning-pd-qc-45w\/"]}]},{"@type":"ImageObject","inLanguage":"ru-RU","@id":"https:\/\/sunfixmobile.ee\/toode\/hoco-n42-laadija-2-x-type-c-juhe-type-c-lightning-pd-qc-45w\/#primaryimage","url":"https:\/\/sunfixmobile.ee\/wp-content\/uploads\/2024\/07\/007f7cefe42d14fff3b29f9f2ed5deee.webp","contentUrl":"https:\/\/sunfixmobile.ee\/wp-content\/uploads\/2024\/07\/007f7cefe42d14fff3b29f9f2ed5deee.webp","width":1000,"height":1000,"caption":"007f7cefe42d14fff3b29f9f2ed5deee."},{"@type":"BreadcrumbList","@id":"https:\/\/sunfixmobile.ee\/toode\/hoco-n42-laadija-2-x-type-c-juhe-type-c-lightning-pd-qc-45w\/#breadcrumb","itemListElement":[{"@type":"ListItem","position":1,"name":"Home","item":"https:\/\/sunfixmobile.ee\/ru\/"},{"@type":"ListItem","position":2,"name":"\u0412\u0441\u0435 \u0442\u043e\u0432\u0430\u0440\u044b","item":"https:\/\/sunfixmobile.ee\/ru\/magazin\/"},{"@type":"ListItem","position":3,"name":"Hoco N42 laadija 2 x Type C + juhe Type C &#8211; Lightning PD QC 45W"}]},{"@type":"WebSite","@id":"https:\/\/sunfixmobile.ee\/#website","url":"https:\/\/sunfixmobile.ee\/","name":"CompanySun","description":"","publisher":{"@id":"https:\/\/sunfixmobile.ee\/#organization"},"potentialAction":[{"@type":"SearchAction","target":{"@type":"EntryPoint","urlTemplate":"https:\/\/sunfixmobile.ee\/?s={search_term_string}"},"query-input":{"@type":"PropertyValueSpecification","valueRequired":true,"valueName":"search_term_string"}}],"inLanguage":"ru-RU"},{"@type":"Organization","@id":"https:\/\/sunfixmobile.ee\/#organization","name":"CompanySun O\u00dc","url":"https:\/\/sunfixmobile.ee\/","logo":{"@type":"ImageObject","inLanguage":"ru-RU","@id":"https:\/\/sunfixmobile.ee\/#\/schema\/logo\/image\/","url":"https:\/\/sunfixmobile.ee\/wp-content\/uploads\/2022\/05\/logo.png","contentUrl":"https:\/\/sunfixmobile.ee\/wp-content\/uploads\/2022\/05\/logo.png","width":257,"height":85,"caption":"CompanySun O\u00dc"},"image":{"@id":"https:\/\/sunfixmobile.ee\/#\/schema\/logo\/image\/"},"sameAs":["https:\/\/www.facebook.com\/sunfixtallinn","https:\/\/www.instagram.com\/sunfix_eesti\/"]}]},"product_price_amount":"44.90","product_price_currency":"EUR","og_availability":"instock","product_availability":"instock","product_retailer_item_id":"6942007622165","product_condition":"new"},"_links":{"self":[{"href":"https:\/\/sunfixmobile.ee\/ru\/wp-json\/wp\/v2\/product\/12373","targetHints":{"allow":["GET"]}}],"collection":[{"href":"https:\/\/sunfixmobile.ee\/ru\/wp-json\/wp\/v2\/product"}],"about":[{"href":"https:\/\/sunfixmobile.ee\/ru\/wp-json\/wp\/v2\/types\/product"}],"wp:featuredmedia":[{"embeddable":true,"href":"https:\/\/sunfixmobile.ee\/ru\/wp-json\/wp\/v2\/media\/12365"}],"wp:attachment":[{"href":"https:\/\/sunfixmobile.ee\/ru\/wp-json\/wp\/v2\/media?parent=12373"}],"wp:term":[{"taxonomy":"product_brand","embeddable":true,"href":"https:\/\/sunfixmobile.ee\/ru\/wp-json\/wp\/v2\/product_brand?post=12373"},{"taxonomy":"product_cat","embeddable":true,"href":"https:\/\/sunfixmobile.ee\/ru\/wp-json\/wp\/v2\/product_cat?post=12373"},{"taxonomy":"product_tag","embeddable":true,"href":"https:\/\/sunfixmobile.ee\/ru\/wp-json\/wp\/v2\/product_tag?post=12373"}],"curies":[{"name":"wp","href":"https:\/\/api.w.org\/{rel}","templated":true}]}}