{"id":11790,"date":"2024-05-06T11:12:18","date_gmt":"2024-05-06T11:12:18","guid":{"rendered":"https:\/\/sunfixmobile.ee\/toode\/wiwu-jade-t16-juhtmevaba-korvaklapid-valge\/"},"modified":"2025-07-03T10:05:37","modified_gmt":"2025-07-03T10:05:37","slug":"wiwu-jade-t16-juhtmevaba-korvaklapid-valge","status":"publish","type":"product","link":"https:\/\/sunfixmobile.ee\/ru\/tovar\/wiwu-jade-t16-juhtmevaba-korvaklapid-valge\/","title":{"rendered":"Wiwu Jade T16 juhtmevaba K\u00f5rvaklapid valge"},"content":{"rendered":"<p>Wiwu juhtmevabad k\u00f5rvaklapid on ideaalne lahendus muusika, m\u00e4ngude ja probleemideta telefonik\u00f5nede austajatele. Kaasas laadimiskarp.<\/p>\n<p>K\u00f5rvaklapid on varustatud ENC-tehnoloogiaga, pakkudes kristallselget heli ja h\u00e4ireteta vestlusi. Ergonoomiline disain ja kergus tagavad kandmismugavuse ka pikaajalisel kasutamisel.<\/p>\n<p>K\u00f5rvaklapid pakuvad stabiilset \u00fchendust Bluetooth 5.3-ga ning puutepaneel muudab kasutamise intuitiivseks ja lihtsaks. Need v\u00f5ivad t\u00f6\u00f6tada 6 tundi, laadides vaid 1,5 tundi.<\/p>\n<p>Spetsifikatsioon:<br \/>V\u00e4rv: valge<br \/>Bluetoothi versioon: 5.3<br \/>Bluetoothi kaugus: kuni 10 m<br \/>M\u00fcra v\u00e4hendamine: ENC<br \/>Aku maht: 400 mAh (\u00fcmbris), 35 mAh (k\u00f5rvaklapid)<br \/>T\u00f6\u00f6aeg: kuni 6 h<br \/>Laadimisaeg: 1,5 h<br \/>Laadimisport: USB-C<br \/>Materjal: ABS + PC<\/p>\n","protected":false},"excerpt":{"rendered":"<p>Wiwu juhtmevabad k\u00f5rvaklapid on ideaalne lahendus muusika, m\u00e4ngude ja probleemideta telefonik\u00f5nede austajatele. Kaasas laadimiskarp. K\u00f5rvaklapid on varustatud ENC-tehnoloogiaga, pakkudes kristallselget heli ja h\u00e4ireteta vestlusi. Ergonoomiline disain ja kergus tagavad kandmismugavuse ka pikaajalisel kasutamisel. K\u00f5rvaklapid pakuvad stabiilset \u00fchendust Bluetooth 5.3-ga ning puutepaneel muudab kasutamise intuitiivseks ja lihtsaks. Need v\u00f5ivad t\u00f6\u00f6tada 6 tundi, laadides vaid 1,5 tundi&#8230;.<\/p>\n","protected":false},"featured_media":11780,"template":"","meta":[],"product_brand":[],"product_cat":[1254],"product_tag":[],"class_list":{"0":"post-11790","1":"product","2":"type-product","3":"status-publish","4":"has-post-thumbnail","6":"product_cat-korvaklapid","8":"first","9":"instock","10":"taxable","11":"shipping-taxable","12":"purchasable","13":"product-type-simple"},"yoast_head":"<!-- This site is optimized with the Yoast SEO plugin v27.2 - https:\/\/yoast.com\/product\/yoast-seo-wordpress\/ -->\n<title>Wiwu Jade T16 juhtmevaba K\u00f5rvaklapid valge - CompanySun<\/title>\n<meta name=\"robots\" content=\"index, follow, max-snippet:-1, max-image-preview:large, max-video-preview:-1\" \/>\n<link rel=\"canonical\" href=\"https:\/\/sunfixmobile.ee\/toode\/wiwu-jade-t16-juhtmevaba-korvaklapid-valge\/\" \/>\n<meta property=\"og:locale\" content=\"ru_RU\" \/>\n<meta property=\"og:type\" content=\"article\" \/>\n<meta property=\"og:title\" content=\"Wiwu Jade T16 juhtmevaba K\u00f5rvaklapid valge - CompanySun\" \/>\n<meta property=\"og:description\" content=\"Wiwu juhtmevabad k\u00f5rvaklapid on ideaalne lahendus muusika, m\u00e4ngude ja probleemideta telefonik\u00f5nede austajatele. Kaasas laadimiskarp. K\u00f5rvaklapid on varustatud ENC-tehnoloogiaga, pakkudes kristallselget heli ja h\u00e4ireteta vestlusi. Ergonoomiline disain ja kergus tagavad kandmismugavuse ka pikaajalisel kasutamisel. K\u00f5rvaklapid pakuvad stabiilset \u00fchendust Bluetooth 5.3-ga ning puutepaneel muudab kasutamise intuitiivseks ja lihtsaks. Need v\u00f5ivad t\u00f6\u00f6tada 6 tundi, laadides vaid 1,5 tundi....\" \/>\n<meta property=\"og:url\" content=\"https:\/\/sunfixmobile.ee\/toode\/wiwu-jade-t16-juhtmevaba-korvaklapid-valge\/\" \/>\n<meta property=\"og:site_name\" content=\"CompanySun\" \/>\n<meta property=\"article:publisher\" content=\"https:\/\/www.facebook.com\/sunfixtallinn\" \/>\n<meta property=\"article:modified_time\" content=\"2025-07-03T10:05:37+00:00\" \/>\n<meta property=\"og:image\" content=\"https:\/\/sunfixmobile.ee\/wp-content\/uploads\/2022\/05\/1.jpg\" \/>\n\t<meta property=\"og:image:width\" content=\"2000\" \/>\n\t<meta property=\"og:image:height\" content=\"1335\" \/>\n\t<meta property=\"og:image:type\" content=\"image\/jpeg\" \/>\n<meta name=\"twitter:card\" content=\"summary_large_image\" \/>\n<meta name=\"twitter:label1\" content=\"\u0426\u0435\u043d\u0430\" \/>\n\t<meta name=\"twitter:data1\" content=\"49,90&nbsp;&euro;\" \/>\n\t<meta name=\"twitter:label2\" content=\"\u0414\u043e\u0441\u0442\u0443\u043f\u043d\u043e\u0441\u0442\u044c\" \/>\n\t<meta name=\"twitter:data2\" content=\"\u0412 \u043d\u0430\u043b\u0438\u0447\u0438\u0438\" \/>\n<script type=\"application\/ld+json\" class=\"yoast-schema-graph\">{\"@context\":\"https:\/\/schema.org\",\"@graph\":[{\"@type\":\"WebPage\",\"@id\":\"https:\/\/sunfixmobile.ee\/toode\/wiwu-jade-t16-juhtmevaba-korvaklapid-valge\/\",\"url\":\"https:\/\/sunfixmobile.ee\/toode\/wiwu-jade-t16-juhtmevaba-korvaklapid-valge\/\",\"name\":\"Wiwu Jade T16 juhtmevaba K\u00f5rvaklapid valge - CompanySun\",\"isPartOf\":{\"@id\":\"https:\/\/sunfixmobile.ee\/#website\"},\"primaryImageOfPage\":{\"@id\":\"https:\/\/sunfixmobile.ee\/toode\/wiwu-jade-t16-juhtmevaba-korvaklapid-valge\/#primaryimage\"},\"image\":{\"@id\":\"https:\/\/sunfixmobile.ee\/toode\/wiwu-jade-t16-juhtmevaba-korvaklapid-valge\/#primaryimage\"},\"thumbnailUrl\":\"https:\/\/sunfixmobile.ee\/wp-content\/uploads\/2024\/05\/9c042babbf4cc91c0a3aacde484463dd.webp\",\"datePublished\":\"2024-05-06T11:12:18+00:00\",\"dateModified\":\"2025-07-03T10:05:37+00:00\",\"breadcrumb\":{\"@id\":\"https:\/\/sunfixmobile.ee\/toode\/wiwu-jade-t16-juhtmevaba-korvaklapid-valge\/#breadcrumb\"},\"inLanguage\":\"ru-RU\",\"potentialAction\":[{\"@type\":\"ReadAction\",\"target\":[\"https:\/\/sunfixmobile.ee\/toode\/wiwu-jade-t16-juhtmevaba-korvaklapid-valge\/\"]}]},{\"@type\":\"ImageObject\",\"inLanguage\":\"ru-RU\",\"@id\":\"https:\/\/sunfixmobile.ee\/toode\/wiwu-jade-t16-juhtmevaba-korvaklapid-valge\/#primaryimage\",\"url\":\"https:\/\/sunfixmobile.ee\/wp-content\/uploads\/2024\/05\/9c042babbf4cc91c0a3aacde484463dd.webp\",\"contentUrl\":\"https:\/\/sunfixmobile.ee\/wp-content\/uploads\/2024\/05\/9c042babbf4cc91c0a3aacde484463dd.webp\",\"width\":1000,\"height\":1000,\"caption\":\"9c042babbf4cc91c0a3aacde484463dd.\"},{\"@type\":\"BreadcrumbList\",\"@id\":\"https:\/\/sunfixmobile.ee\/toode\/wiwu-jade-t16-juhtmevaba-korvaklapid-valge\/#breadcrumb\",\"itemListElement\":[{\"@type\":\"ListItem\",\"position\":1,\"name\":\"Home\",\"item\":\"https:\/\/sunfixmobile.ee\/ru\/\"},{\"@type\":\"ListItem\",\"position\":2,\"name\":\"\u0412\u0441\u0435 \u0442\u043e\u0432\u0430\u0440\u044b\",\"item\":\"https:\/\/sunfixmobile.ee\/ru\/magazin\/\"},{\"@type\":\"ListItem\",\"position\":3,\"name\":\"Wiwu Jade T16 juhtmevaba K\u00f5rvaklapid valge\"}]},{\"@type\":\"WebSite\",\"@id\":\"https:\/\/sunfixmobile.ee\/#website\",\"url\":\"https:\/\/sunfixmobile.ee\/\",\"name\":\"CompanySun\",\"description\":\"\",\"publisher\":{\"@id\":\"https:\/\/sunfixmobile.ee\/#organization\"},\"potentialAction\":[{\"@type\":\"SearchAction\",\"target\":{\"@type\":\"EntryPoint\",\"urlTemplate\":\"https:\/\/sunfixmobile.ee\/?s={search_term_string}\"},\"query-input\":{\"@type\":\"PropertyValueSpecification\",\"valueRequired\":true,\"valueName\":\"search_term_string\"}}],\"inLanguage\":\"ru-RU\"},{\"@type\":\"Organization\",\"@id\":\"https:\/\/sunfixmobile.ee\/#organization\",\"name\":\"CompanySun O\u00dc\",\"url\":\"https:\/\/sunfixmobile.ee\/\",\"logo\":{\"@type\":\"ImageObject\",\"inLanguage\":\"ru-RU\",\"@id\":\"https:\/\/sunfixmobile.ee\/#\/schema\/logo\/image\/\",\"url\":\"https:\/\/sunfixmobile.ee\/wp-content\/uploads\/2022\/05\/logo.png\",\"contentUrl\":\"https:\/\/sunfixmobile.ee\/wp-content\/uploads\/2022\/05\/logo.png\",\"width\":257,\"height\":85,\"caption\":\"CompanySun O\u00dc\"},\"image\":{\"@id\":\"https:\/\/sunfixmobile.ee\/#\/schema\/logo\/image\/\"},\"sameAs\":[\"https:\/\/www.facebook.com\/sunfixtallinn\",\"https:\/\/www.instagram.com\/sunfix_eesti\/\"]}]}<\/script>\n<meta property=\"product:price:amount\" content=\"49.90\" \/>\n<meta property=\"product:price:currency\" content=\"EUR\" \/>\n<meta property=\"og:availability\" content=\"instock\" \/>\n<meta property=\"product:availability\" content=\"instock\" \/>\n<meta property=\"product:retailer_item_id\" content=\"6976195091007\" \/>\n<meta property=\"product:condition\" content=\"new\" \/>\n<!-- \/ Yoast SEO plugin. -->","yoast_head_json":{"title":"Wiwu Jade T16 juhtmevaba K\u00f5rvaklapid valge - CompanySun","robots":{"index":"index","follow":"follow","max-snippet":"max-snippet:-1","max-image-preview":"max-image-preview:large","max-video-preview":"max-video-preview:-1"},"canonical":"https:\/\/sunfixmobile.ee\/toode\/wiwu-jade-t16-juhtmevaba-korvaklapid-valge\/","og_locale":"ru_RU","og_type":"article","og_title":"Wiwu Jade T16 juhtmevaba K\u00f5rvaklapid valge - CompanySun","og_description":"Wiwu juhtmevabad k\u00f5rvaklapid on ideaalne lahendus muusika, m\u00e4ngude ja probleemideta telefonik\u00f5nede austajatele. Kaasas laadimiskarp. K\u00f5rvaklapid on varustatud ENC-tehnoloogiaga, pakkudes kristallselget heli ja h\u00e4ireteta vestlusi. Ergonoomiline disain ja kergus tagavad kandmismugavuse ka pikaajalisel kasutamisel. K\u00f5rvaklapid pakuvad stabiilset \u00fchendust Bluetooth 5.3-ga ning puutepaneel muudab kasutamise intuitiivseks ja lihtsaks. Need v\u00f5ivad t\u00f6\u00f6tada 6 tundi, laadides vaid 1,5 tundi....","og_url":"https:\/\/sunfixmobile.ee\/toode\/wiwu-jade-t16-juhtmevaba-korvaklapid-valge\/","og_site_name":"CompanySun","article_publisher":"https:\/\/www.facebook.com\/sunfixtallinn","article_modified_time":"2025-07-03T10:05:37+00:00","og_image":[{"width":2000,"height":1335,"url":"https:\/\/sunfixmobile.ee\/wp-content\/uploads\/2022\/05\/1.jpg","type":"image\/jpeg"}],"twitter_card":"summary_large_image","twitter_misc":{"\u0426\u0435\u043d\u0430":"49,90&nbsp;&euro;","\u0414\u043e\u0441\u0442\u0443\u043f\u043d\u043e\u0441\u0442\u044c":"\u0412 \u043d\u0430\u043b\u0438\u0447\u0438\u0438"},"schema":{"@context":"https:\/\/schema.org","@graph":[{"@type":"WebPage","@id":"https:\/\/sunfixmobile.ee\/toode\/wiwu-jade-t16-juhtmevaba-korvaklapid-valge\/","url":"https:\/\/sunfixmobile.ee\/toode\/wiwu-jade-t16-juhtmevaba-korvaklapid-valge\/","name":"Wiwu Jade T16 juhtmevaba K\u00f5rvaklapid valge - CompanySun","isPartOf":{"@id":"https:\/\/sunfixmobile.ee\/#website"},"primaryImageOfPage":{"@id":"https:\/\/sunfixmobile.ee\/toode\/wiwu-jade-t16-juhtmevaba-korvaklapid-valge\/#primaryimage"},"image":{"@id":"https:\/\/sunfixmobile.ee\/toode\/wiwu-jade-t16-juhtmevaba-korvaklapid-valge\/#primaryimage"},"thumbnailUrl":"https:\/\/sunfixmobile.ee\/wp-content\/uploads\/2024\/05\/9c042babbf4cc91c0a3aacde484463dd.webp","datePublished":"2024-05-06T11:12:18+00:00","dateModified":"2025-07-03T10:05:37+00:00","breadcrumb":{"@id":"https:\/\/sunfixmobile.ee\/toode\/wiwu-jade-t16-juhtmevaba-korvaklapid-valge\/#breadcrumb"},"inLanguage":"ru-RU","potentialAction":[{"@type":"ReadAction","target":["https:\/\/sunfixmobile.ee\/toode\/wiwu-jade-t16-juhtmevaba-korvaklapid-valge\/"]}]},{"@type":"ImageObject","inLanguage":"ru-RU","@id":"https:\/\/sunfixmobile.ee\/toode\/wiwu-jade-t16-juhtmevaba-korvaklapid-valge\/#primaryimage","url":"https:\/\/sunfixmobile.ee\/wp-content\/uploads\/2024\/05\/9c042babbf4cc91c0a3aacde484463dd.webp","contentUrl":"https:\/\/sunfixmobile.ee\/wp-content\/uploads\/2024\/05\/9c042babbf4cc91c0a3aacde484463dd.webp","width":1000,"height":1000,"caption":"9c042babbf4cc91c0a3aacde484463dd."},{"@type":"BreadcrumbList","@id":"https:\/\/sunfixmobile.ee\/toode\/wiwu-jade-t16-juhtmevaba-korvaklapid-valge\/#breadcrumb","itemListElement":[{"@type":"ListItem","position":1,"name":"Home","item":"https:\/\/sunfixmobile.ee\/ru\/"},{"@type":"ListItem","position":2,"name":"\u0412\u0441\u0435 \u0442\u043e\u0432\u0430\u0440\u044b","item":"https:\/\/sunfixmobile.ee\/ru\/magazin\/"},{"@type":"ListItem","position":3,"name":"Wiwu Jade T16 juhtmevaba K\u00f5rvaklapid valge"}]},{"@type":"WebSite","@id":"https:\/\/sunfixmobile.ee\/#website","url":"https:\/\/sunfixmobile.ee\/","name":"CompanySun","description":"","publisher":{"@id":"https:\/\/sunfixmobile.ee\/#organization"},"potentialAction":[{"@type":"SearchAction","target":{"@type":"EntryPoint","urlTemplate":"https:\/\/sunfixmobile.ee\/?s={search_term_string}"},"query-input":{"@type":"PropertyValueSpecification","valueRequired":true,"valueName":"search_term_string"}}],"inLanguage":"ru-RU"},{"@type":"Organization","@id":"https:\/\/sunfixmobile.ee\/#organization","name":"CompanySun O\u00dc","url":"https:\/\/sunfixmobile.ee\/","logo":{"@type":"ImageObject","inLanguage":"ru-RU","@id":"https:\/\/sunfixmobile.ee\/#\/schema\/logo\/image\/","url":"https:\/\/sunfixmobile.ee\/wp-content\/uploads\/2022\/05\/logo.png","contentUrl":"https:\/\/sunfixmobile.ee\/wp-content\/uploads\/2022\/05\/logo.png","width":257,"height":85,"caption":"CompanySun O\u00dc"},"image":{"@id":"https:\/\/sunfixmobile.ee\/#\/schema\/logo\/image\/"},"sameAs":["https:\/\/www.facebook.com\/sunfixtallinn","https:\/\/www.instagram.com\/sunfix_eesti\/"]}]},"product_price_amount":"49.90","product_price_currency":"EUR","og_availability":"instock","product_availability":"instock","product_retailer_item_id":"6976195091007","product_condition":"new"},"_links":{"self":[{"href":"https:\/\/sunfixmobile.ee\/ru\/wp-json\/wp\/v2\/product\/11790","targetHints":{"allow":["GET"]}}],"collection":[{"href":"https:\/\/sunfixmobile.ee\/ru\/wp-json\/wp\/v2\/product"}],"about":[{"href":"https:\/\/sunfixmobile.ee\/ru\/wp-json\/wp\/v2\/types\/product"}],"wp:featuredmedia":[{"embeddable":true,"href":"https:\/\/sunfixmobile.ee\/ru\/wp-json\/wp\/v2\/media\/11780"}],"wp:attachment":[{"href":"https:\/\/sunfixmobile.ee\/ru\/wp-json\/wp\/v2\/media?parent=11790"}],"wp:term":[{"taxonomy":"product_brand","embeddable":true,"href":"https:\/\/sunfixmobile.ee\/ru\/wp-json\/wp\/v2\/product_brand?post=11790"},{"taxonomy":"product_cat","embeddable":true,"href":"https:\/\/sunfixmobile.ee\/ru\/wp-json\/wp\/v2\/product_cat?post=11790"},{"taxonomy":"product_tag","embeddable":true,"href":"https:\/\/sunfixmobile.ee\/ru\/wp-json\/wp\/v2\/product_tag?post=11790"}],"curies":[{"name":"wp","href":"https:\/\/api.w.org\/{rel}","templated":true}]}}