{"id":11359,"date":"2024-03-22T10:50:37","date_gmt":"2024-03-22T10:50:37","guid":{"rendered":"https:\/\/sunfixmobile.ee\/toode\/forcell-hs1-auto-hoidja-juhtmevaba-laadija-15w-must\/"},"modified":"2026-03-12T00:00:11","modified_gmt":"2026-03-12T00:00:11","slug":"forcell-hs1-auto-hoidja-juhtmevaba-laadija-15w-must","status":"publish","type":"product","link":"https:\/\/sunfixmobile.ee\/ru\/tovar\/forcell-hs1-auto-hoidja-juhtmevaba-laadija-15w-must\/","title":{"rendered":"Forcell HS1 auto hoidja juhtmevaba laadija 15W must"},"content":{"rendered":"<p>Automaatne autohoidik juhtmevaba laadimise ja infrapunasensoriga. Avab ja sulgeb k\u00e4ed automaatselt. Toetab induktiivset laadimist.<br \/>T\u00e4nu sisseehitatud infrapunaandurile tunneb hoidik automaatselt \u00e4ra seadme, kui see on lisaseadme l\u00e4hedal (5-20 cm), ning seej\u00e4rel avab ja sulgeb k\u00e4ed automaatselt, kui telefon on sees.<br \/>Hoidik toetab kiiret juhtmevaba laadimist. Seadmete puhul, mis ei toeta induktiivset laadimistehnoloogiat, kasutage kaasasolevaid magnetotsikuid.<br \/>Tootel on sisseehitatud kaitses\u00fcsteem: \u00fclepinge, \u00fclekuumenemise, magnetv\u00e4lja, l\u00fchise eest. Paigaldatakse tuulutusavale v\u00f5i tuuleklaasile.<\/p>\n<p>Spetsifikatsioon:<br \/>Mudeli identifikaator: HS1<br \/>Materjal: PC, ABS<br \/>Sisend: 5V \/ 2A, 9V \/ 1,67A<br \/>V\u00e4ljund: 5V \/ 1,5A, 9V \/ 1,2A<br \/>V\u00f5imsus: 15W, 10W, 7,5W, 5W olenevalt telefoni mudelist<br \/>Laadimissagedus: ?80% 110K-205K Hz<br \/>Laadimise efektiivsus:&gt; 72%<br \/>Laadimiskaugus: &lt; 10 mm<br \/>Tugi: Qi juhtmevaba laadimine<br \/>K\u00e4te vahe: 4,7\u20137,2 tolli<br \/>M\u00f5\u00f5dud: 130 * 65 * 24 mm<br \/>Kaabli pikkus: 100 cm<br \/>Kaal: 97 g<br \/>Paigalduskoht: \u00f5huava, tuuleklaas<\/p>\n","protected":false},"excerpt":{"rendered":"<p>Automaatne autohoidik juhtmevaba laadimise ja infrapunasensoriga. Avab ja sulgeb k\u00e4ed automaatselt. Toetab induktiivset laadimist.T\u00e4nu sisseehitatud infrapunaandurile tunneb hoidik automaatselt \u00e4ra seadme, kui see on lisaseadme l\u00e4hedal (5-20 cm), ning seej\u00e4rel avab ja sulgeb k\u00e4ed automaatselt, kui telefon on sees.Hoidik toetab kiiret juhtmevaba laadimist. Seadmete puhul, mis ei toeta induktiivset laadimistehnoloogiat, kasutage kaasasolevaid magnetotsikuid.Tootel on sisseehitatud&#8230;<\/p>\n","protected":false},"featured_media":11351,"template":"","meta":[],"product_brand":[],"product_cat":[1244],"product_tag":[],"class_list":{"0":"post-11359","1":"product","2":"type-product","3":"status-publish","4":"has-post-thumbnail","6":"product_cat-hoidjad","8":"first","9":"instock","10":"taxable","11":"shipping-taxable","12":"purchasable","13":"product-type-simple"},"yoast_head":"<!-- This site is optimized with the Yoast SEO plugin v27.2 - https:\/\/yoast.com\/product\/yoast-seo-wordpress\/ -->\n<title>Forcell HS1 auto hoidja juhtmevaba laadija 15W must - CompanySun<\/title>\n<meta name=\"robots\" content=\"index, follow, max-snippet:-1, max-image-preview:large, max-video-preview:-1\" \/>\n<link rel=\"canonical\" href=\"https:\/\/sunfixmobile.ee\/toode\/forcell-hs1-auto-hoidja-juhtmevaba-laadija-15w-must\/\" \/>\n<meta property=\"og:locale\" content=\"ru_RU\" \/>\n<meta property=\"og:type\" content=\"article\" \/>\n<meta property=\"og:title\" content=\"Forcell HS1 auto hoidja juhtmevaba laadija 15W must - CompanySun\" \/>\n<meta property=\"og:description\" content=\"Automaatne autohoidik juhtmevaba laadimise ja infrapunasensoriga. Avab ja sulgeb k\u00e4ed automaatselt. Toetab induktiivset laadimist.T\u00e4nu sisseehitatud infrapunaandurile tunneb hoidik automaatselt \u00e4ra seadme, kui see on lisaseadme l\u00e4hedal (5-20 cm), ning seej\u00e4rel avab ja sulgeb k\u00e4ed automaatselt, kui telefon on sees.Hoidik toetab kiiret juhtmevaba laadimist. Seadmete puhul, mis ei toeta induktiivset laadimistehnoloogiat, kasutage kaasasolevaid magnetotsikuid.Tootel on sisseehitatud...\" \/>\n<meta property=\"og:url\" content=\"https:\/\/sunfixmobile.ee\/toode\/forcell-hs1-auto-hoidja-juhtmevaba-laadija-15w-must\/\" \/>\n<meta property=\"og:site_name\" content=\"CompanySun\" \/>\n<meta property=\"article:publisher\" content=\"https:\/\/www.facebook.com\/sunfixtallinn\" \/>\n<meta property=\"article:modified_time\" content=\"2026-03-12T00:00:11+00:00\" \/>\n<meta property=\"og:image\" content=\"https:\/\/sunfixmobile.ee\/wp-content\/uploads\/2022\/05\/1.jpg\" \/>\n\t<meta property=\"og:image:width\" content=\"2000\" \/>\n\t<meta property=\"og:image:height\" content=\"1335\" \/>\n\t<meta property=\"og:image:type\" content=\"image\/jpeg\" \/>\n<meta name=\"twitter:card\" content=\"summary_large_image\" \/>\n<meta name=\"twitter:label1\" content=\"\u0426\u0435\u043d\u0430\" \/>\n\t<meta name=\"twitter:data1\" content=\"36,90&nbsp;&euro;\" \/>\n\t<meta name=\"twitter:label2\" content=\"\u0414\u043e\u0441\u0442\u0443\u043f\u043d\u043e\u0441\u0442\u044c\" \/>\n\t<meta name=\"twitter:data2\" content=\"\u0412 \u043d\u0430\u043b\u0438\u0447\u0438\u0438\" \/>\n<script type=\"application\/ld+json\" class=\"yoast-schema-graph\">{\"@context\":\"https:\/\/schema.org\",\"@graph\":[{\"@type\":\"WebPage\",\"@id\":\"https:\/\/sunfixmobile.ee\/toode\/forcell-hs1-auto-hoidja-juhtmevaba-laadija-15w-must\/\",\"url\":\"https:\/\/sunfixmobile.ee\/toode\/forcell-hs1-auto-hoidja-juhtmevaba-laadija-15w-must\/\",\"name\":\"Forcell HS1 auto hoidja juhtmevaba laadija 15W must - CompanySun\",\"isPartOf\":{\"@id\":\"https:\/\/sunfixmobile.ee\/#website\"},\"primaryImageOfPage\":{\"@id\":\"https:\/\/sunfixmobile.ee\/toode\/forcell-hs1-auto-hoidja-juhtmevaba-laadija-15w-must\/#primaryimage\"},\"image\":{\"@id\":\"https:\/\/sunfixmobile.ee\/toode\/forcell-hs1-auto-hoidja-juhtmevaba-laadija-15w-must\/#primaryimage\"},\"thumbnailUrl\":\"https:\/\/sunfixmobile.ee\/wp-content\/uploads\/2024\/03\/9366be49cea97963e48737549a17503f.webp\",\"datePublished\":\"2024-03-22T10:50:37+00:00\",\"dateModified\":\"2026-03-12T00:00:11+00:00\",\"breadcrumb\":{\"@id\":\"https:\/\/sunfixmobile.ee\/toode\/forcell-hs1-auto-hoidja-juhtmevaba-laadija-15w-must\/#breadcrumb\"},\"inLanguage\":\"ru-RU\",\"potentialAction\":[{\"@type\":\"ReadAction\",\"target\":[\"https:\/\/sunfixmobile.ee\/toode\/forcell-hs1-auto-hoidja-juhtmevaba-laadija-15w-must\/\"]}]},{\"@type\":\"ImageObject\",\"inLanguage\":\"ru-RU\",\"@id\":\"https:\/\/sunfixmobile.ee\/toode\/forcell-hs1-auto-hoidja-juhtmevaba-laadija-15w-must\/#primaryimage\",\"url\":\"https:\/\/sunfixmobile.ee\/wp-content\/uploads\/2024\/03\/9366be49cea97963e48737549a17503f.webp\",\"contentUrl\":\"https:\/\/sunfixmobile.ee\/wp-content\/uploads\/2024\/03\/9366be49cea97963e48737549a17503f.webp\",\"width\":1000,\"height\":1000,\"caption\":\"9366be49cea97963e48737549a17503f.\"},{\"@type\":\"BreadcrumbList\",\"@id\":\"https:\/\/sunfixmobile.ee\/toode\/forcell-hs1-auto-hoidja-juhtmevaba-laadija-15w-must\/#breadcrumb\",\"itemListElement\":[{\"@type\":\"ListItem\",\"position\":1,\"name\":\"Home\",\"item\":\"https:\/\/sunfixmobile.ee\/ru\/\"},{\"@type\":\"ListItem\",\"position\":2,\"name\":\"\u0412\u0441\u0435 \u0442\u043e\u0432\u0430\u0440\u044b\",\"item\":\"https:\/\/sunfixmobile.ee\/ru\/magazin\/\"},{\"@type\":\"ListItem\",\"position\":3,\"name\":\"Forcell HS1 auto hoidja juhtmevaba laadija 15W must\"}]},{\"@type\":\"WebSite\",\"@id\":\"https:\/\/sunfixmobile.ee\/#website\",\"url\":\"https:\/\/sunfixmobile.ee\/\",\"name\":\"CompanySun\",\"description\":\"\",\"publisher\":{\"@id\":\"https:\/\/sunfixmobile.ee\/#organization\"},\"potentialAction\":[{\"@type\":\"SearchAction\",\"target\":{\"@type\":\"EntryPoint\",\"urlTemplate\":\"https:\/\/sunfixmobile.ee\/?s={search_term_string}\"},\"query-input\":{\"@type\":\"PropertyValueSpecification\",\"valueRequired\":true,\"valueName\":\"search_term_string\"}}],\"inLanguage\":\"ru-RU\"},{\"@type\":\"Organization\",\"@id\":\"https:\/\/sunfixmobile.ee\/#organization\",\"name\":\"CompanySun O\u00dc\",\"url\":\"https:\/\/sunfixmobile.ee\/\",\"logo\":{\"@type\":\"ImageObject\",\"inLanguage\":\"ru-RU\",\"@id\":\"https:\/\/sunfixmobile.ee\/#\/schema\/logo\/image\/\",\"url\":\"https:\/\/sunfixmobile.ee\/wp-content\/uploads\/2022\/05\/logo.png\",\"contentUrl\":\"https:\/\/sunfixmobile.ee\/wp-content\/uploads\/2022\/05\/logo.png\",\"width\":257,\"height\":85,\"caption\":\"CompanySun O\u00dc\"},\"image\":{\"@id\":\"https:\/\/sunfixmobile.ee\/#\/schema\/logo\/image\/\"},\"sameAs\":[\"https:\/\/www.facebook.com\/sunfixtallinn\",\"https:\/\/www.instagram.com\/sunfix_eesti\/\"]}]}<\/script>\n<meta property=\"product:price:amount\" content=\"36.90\" \/>\n<meta property=\"product:price:currency\" content=\"EUR\" \/>\n<meta property=\"og:availability\" content=\"instock\" \/>\n<meta property=\"product:availability\" content=\"instock\" \/>\n<meta property=\"product:retailer_item_id\" content=\"5903396092176\" \/>\n<meta property=\"product:condition\" content=\"new\" \/>\n<!-- \/ Yoast SEO plugin. -->","yoast_head_json":{"title":"Forcell HS1 auto hoidja juhtmevaba laadija 15W must - CompanySun","robots":{"index":"index","follow":"follow","max-snippet":"max-snippet:-1","max-image-preview":"max-image-preview:large","max-video-preview":"max-video-preview:-1"},"canonical":"https:\/\/sunfixmobile.ee\/toode\/forcell-hs1-auto-hoidja-juhtmevaba-laadija-15w-must\/","og_locale":"ru_RU","og_type":"article","og_title":"Forcell HS1 auto hoidja juhtmevaba laadija 15W must - CompanySun","og_description":"Automaatne autohoidik juhtmevaba laadimise ja infrapunasensoriga. Avab ja sulgeb k\u00e4ed automaatselt. Toetab induktiivset laadimist.T\u00e4nu sisseehitatud infrapunaandurile tunneb hoidik automaatselt \u00e4ra seadme, kui see on lisaseadme l\u00e4hedal (5-20 cm), ning seej\u00e4rel avab ja sulgeb k\u00e4ed automaatselt, kui telefon on sees.Hoidik toetab kiiret juhtmevaba laadimist. Seadmete puhul, mis ei toeta induktiivset laadimistehnoloogiat, kasutage kaasasolevaid magnetotsikuid.Tootel on sisseehitatud...","og_url":"https:\/\/sunfixmobile.ee\/toode\/forcell-hs1-auto-hoidja-juhtmevaba-laadija-15w-must\/","og_site_name":"CompanySun","article_publisher":"https:\/\/www.facebook.com\/sunfixtallinn","article_modified_time":"2026-03-12T00:00:11+00:00","og_image":[{"width":2000,"height":1335,"url":"https:\/\/sunfixmobile.ee\/wp-content\/uploads\/2022\/05\/1.jpg","type":"image\/jpeg"}],"twitter_card":"summary_large_image","twitter_misc":{"\u0426\u0435\u043d\u0430":"36,90&nbsp;&euro;","\u0414\u043e\u0441\u0442\u0443\u043f\u043d\u043e\u0441\u0442\u044c":"\u0412 \u043d\u0430\u043b\u0438\u0447\u0438\u0438"},"schema":{"@context":"https:\/\/schema.org","@graph":[{"@type":"WebPage","@id":"https:\/\/sunfixmobile.ee\/toode\/forcell-hs1-auto-hoidja-juhtmevaba-laadija-15w-must\/","url":"https:\/\/sunfixmobile.ee\/toode\/forcell-hs1-auto-hoidja-juhtmevaba-laadija-15w-must\/","name":"Forcell HS1 auto hoidja juhtmevaba laadija 15W must - CompanySun","isPartOf":{"@id":"https:\/\/sunfixmobile.ee\/#website"},"primaryImageOfPage":{"@id":"https:\/\/sunfixmobile.ee\/toode\/forcell-hs1-auto-hoidja-juhtmevaba-laadija-15w-must\/#primaryimage"},"image":{"@id":"https:\/\/sunfixmobile.ee\/toode\/forcell-hs1-auto-hoidja-juhtmevaba-laadija-15w-must\/#primaryimage"},"thumbnailUrl":"https:\/\/sunfixmobile.ee\/wp-content\/uploads\/2024\/03\/9366be49cea97963e48737549a17503f.webp","datePublished":"2024-03-22T10:50:37+00:00","dateModified":"2026-03-12T00:00:11+00:00","breadcrumb":{"@id":"https:\/\/sunfixmobile.ee\/toode\/forcell-hs1-auto-hoidja-juhtmevaba-laadija-15w-must\/#breadcrumb"},"inLanguage":"ru-RU","potentialAction":[{"@type":"ReadAction","target":["https:\/\/sunfixmobile.ee\/toode\/forcell-hs1-auto-hoidja-juhtmevaba-laadija-15w-must\/"]}]},{"@type":"ImageObject","inLanguage":"ru-RU","@id":"https:\/\/sunfixmobile.ee\/toode\/forcell-hs1-auto-hoidja-juhtmevaba-laadija-15w-must\/#primaryimage","url":"https:\/\/sunfixmobile.ee\/wp-content\/uploads\/2024\/03\/9366be49cea97963e48737549a17503f.webp","contentUrl":"https:\/\/sunfixmobile.ee\/wp-content\/uploads\/2024\/03\/9366be49cea97963e48737549a17503f.webp","width":1000,"height":1000,"caption":"9366be49cea97963e48737549a17503f."},{"@type":"BreadcrumbList","@id":"https:\/\/sunfixmobile.ee\/toode\/forcell-hs1-auto-hoidja-juhtmevaba-laadija-15w-must\/#breadcrumb","itemListElement":[{"@type":"ListItem","position":1,"name":"Home","item":"https:\/\/sunfixmobile.ee\/ru\/"},{"@type":"ListItem","position":2,"name":"\u0412\u0441\u0435 \u0442\u043e\u0432\u0430\u0440\u044b","item":"https:\/\/sunfixmobile.ee\/ru\/magazin\/"},{"@type":"ListItem","position":3,"name":"Forcell HS1 auto hoidja juhtmevaba laadija 15W must"}]},{"@type":"WebSite","@id":"https:\/\/sunfixmobile.ee\/#website","url":"https:\/\/sunfixmobile.ee\/","name":"CompanySun","description":"","publisher":{"@id":"https:\/\/sunfixmobile.ee\/#organization"},"potentialAction":[{"@type":"SearchAction","target":{"@type":"EntryPoint","urlTemplate":"https:\/\/sunfixmobile.ee\/?s={search_term_string}"},"query-input":{"@type":"PropertyValueSpecification","valueRequired":true,"valueName":"search_term_string"}}],"inLanguage":"ru-RU"},{"@type":"Organization","@id":"https:\/\/sunfixmobile.ee\/#organization","name":"CompanySun O\u00dc","url":"https:\/\/sunfixmobile.ee\/","logo":{"@type":"ImageObject","inLanguage":"ru-RU","@id":"https:\/\/sunfixmobile.ee\/#\/schema\/logo\/image\/","url":"https:\/\/sunfixmobile.ee\/wp-content\/uploads\/2022\/05\/logo.png","contentUrl":"https:\/\/sunfixmobile.ee\/wp-content\/uploads\/2022\/05\/logo.png","width":257,"height":85,"caption":"CompanySun O\u00dc"},"image":{"@id":"https:\/\/sunfixmobile.ee\/#\/schema\/logo\/image\/"},"sameAs":["https:\/\/www.facebook.com\/sunfixtallinn","https:\/\/www.instagram.com\/sunfix_eesti\/"]}]},"product_price_amount":"36.90","product_price_currency":"EUR","og_availability":"instock","product_availability":"instock","product_retailer_item_id":"5903396092176","product_condition":"new"},"_links":{"self":[{"href":"https:\/\/sunfixmobile.ee\/ru\/wp-json\/wp\/v2\/product\/11359","targetHints":{"allow":["GET"]}}],"collection":[{"href":"https:\/\/sunfixmobile.ee\/ru\/wp-json\/wp\/v2\/product"}],"about":[{"href":"https:\/\/sunfixmobile.ee\/ru\/wp-json\/wp\/v2\/types\/product"}],"wp:featuredmedia":[{"embeddable":true,"href":"https:\/\/sunfixmobile.ee\/ru\/wp-json\/wp\/v2\/media\/11351"}],"wp:attachment":[{"href":"https:\/\/sunfixmobile.ee\/ru\/wp-json\/wp\/v2\/media?parent=11359"}],"wp:term":[{"taxonomy":"product_brand","embeddable":true,"href":"https:\/\/sunfixmobile.ee\/ru\/wp-json\/wp\/v2\/product_brand?post=11359"},{"taxonomy":"product_cat","embeddable":true,"href":"https:\/\/sunfixmobile.ee\/ru\/wp-json\/wp\/v2\/product_cat?post=11359"},{"taxonomy":"product_tag","embeddable":true,"href":"https:\/\/sunfixmobile.ee\/ru\/wp-json\/wp\/v2\/product_tag?post=11359"}],"curies":[{"name":"wp","href":"https:\/\/api.w.org\/{rel}","templated":true}]}}