{"id":11275,"date":"2024-03-22T09:50:46","date_gmt":"2024-03-22T09:50:46","guid":{"rendered":"https:\/\/sunfixmobile.ee\/toode\/iphone-15-pro-max-x-one-sapphire-kaitseklaas\/"},"modified":"2026-04-17T14:50:36","modified_gmt":"2026-04-17T11:50:36","slug":"iphone-15-pro-max-x-one-sapphire-kaitseklaas","status":"publish","type":"product","link":"https:\/\/sunfixmobile.ee\/ru\/tovar\/iphone-15-pro-max-x-one-sapphire-kaitseklaas\/","title":{"rendered":"IPhone 15 Pro Max X-ONE Sapphire kaitseklaas"},"content":{"rendered":"<p>Unikaalne safiirkattega karastatud X-one klaas \u2013 ekraanikaitses number \u00fcks. T\u00e4nu s\u00fcnteetilise safiirikihile on see traditsiooniliste klaasidega v\u00f5rreldes kriimustuskindlam. T\u00e4ispinna liim tagab t\u00e4iusliku nakkuvuse ja oleofoobne kate hoiab \u00e4ra s\u00f5rmej\u00e4lgede tekkimise.<\/p>\n<p>Safiir on \u00fcks vastupidavamaid looduses leiduvaid mineraale \u2013 10-punktilisel Mohsi skaalal j\u00e4\u00e4b see teemandi taha. Prillides on selle s\u00fcnteetiline versioon, mis on korundi ja alumiiniumoksiidi kombinatsioon.<\/p>\n<p>Praktikas muudab nii k\u00f5rge k\u00f5vadus safiirklaasi palju vastupidavamaks mehaanilistele kahjustustele \u2013 n\u00e4iteks kriimustamisele igap\u00e4evaste esemetega, nagu nuga v\u00f5i v\u00f5tmed.<\/p>\n<p>Safiiri lisaeelis on selle t\u00e4ielik optiline l\u00e4bipaistvus. P\u00e4rast installimist taastage selgelt algse ekraani v\u00e4rv, pakkudes suurep\u00e4rast pildikvaliteeti ja tundlikku reaktsiooni. Oleofoobne kate hoiab \u00e4ra inetute s\u00f5rmej\u00e4lgede tekke.<\/p>\n<p>T\u00e4ielik liimimispind paneb klaasi ideaalselt \u00fclevalt alla j\u00e4\u00e4ma. Takistab ka tolmuosakeste sattumist ekraani alla. Klaasi madal paksus (0,3mm) ei paksenda telefoni optiliselt ja paneb klaasi kaitse\u00fcmbrisega h\u00e4sti sulanduma.<\/p>\n<p>Safiirklaasi on ohutu kasutada. Klaasi \u00fcmarad servad kaitsevad kokkupanekul vigastuste eest. Lisaks, erinevalt traditsioonilistest l\u00e4\u00e4tsedest, ei tekita Sapphire klaas purunemisel teravaid kilde, mida saaks kergesti s\u00f5rmedega l\u00f5igata, ning puruneb piki pinda, luues \u00e4mblikuv\u00f5rgu mustri.<\/p>\n<p>Omadused:<br \/>Liim: kogu pinnale<br \/>Ekraani katvus: katab kogu ekraani, sealhulgas ekraani kumeruse<br \/>Materjal: karastatud safiirklaas<br \/>Paksus: 0,3 mm<br \/>V\u00e4limus: musta raamiga<br \/>Oleofoobne kate: jah<\/p>\n<p>Eriomadused: K\u00f5rge k\u00f5vadus, t\u00e4iuslik l\u00e4bipaistvus, kogu pinna nake<\/p>\n","protected":false},"excerpt":{"rendered":"<p>Unikaalne safiirkattega karastatud X-one klaas \u2013 ekraanikaitses number \u00fcks. T\u00e4nu s\u00fcnteetilise safiirikihile on see traditsiooniliste klaasidega v\u00f5rreldes kriimustuskindlam. T\u00e4ispinna liim tagab t\u00e4iusliku nakkuvuse ja oleofoobne kate hoiab \u00e4ra s\u00f5rmej\u00e4lgede tekkimise. Safiir on \u00fcks vastupidavamaid looduses leiduvaid mineraale \u2013 10-punktilisel Mohsi skaalal j\u00e4\u00e4b see teemandi taha. Prillides on selle s\u00fcnteetiline versioon, mis on korundi ja alumiiniumoksiidi&#8230;<\/p>\n","protected":false},"featured_media":11271,"template":"","meta":[],"product_brand":[],"product_cat":[1255],"product_tag":[1296],"class_list":{"0":"post-11275","1":"product","2":"type-product","3":"status-publish","4":"has-post-thumbnail","6":"product_cat-kaitseklaasid","7":"product_tag-iphone-15-pro-max","9":"first","10":"instock","11":"taxable","12":"shipping-taxable","13":"purchasable","14":"product-type-simple"},"yoast_head":"<!-- This site is optimized with the Yoast SEO plugin v27.2 - https:\/\/yoast.com\/product\/yoast-seo-wordpress\/ -->\n<title>IPhone 15 Pro Max X-ONE Sapphire kaitseklaas - CompanySun<\/title>\n<meta name=\"robots\" content=\"index, follow, max-snippet:-1, max-image-preview:large, max-video-preview:-1\" \/>\n<link rel=\"canonical\" href=\"https:\/\/sunfixmobile.ee\/toode\/iphone-15-pro-max-x-one-sapphire-kaitseklaas\/\" \/>\n<meta property=\"og:locale\" content=\"ru_RU\" \/>\n<meta property=\"og:type\" content=\"article\" \/>\n<meta property=\"og:title\" content=\"IPhone 15 Pro Max X-ONE Sapphire kaitseklaas - CompanySun\" \/>\n<meta property=\"og:description\" content=\"Unikaalne safiirkattega karastatud X-one klaas \u2013 ekraanikaitses number \u00fcks. T\u00e4nu s\u00fcnteetilise safiirikihile on see traditsiooniliste klaasidega v\u00f5rreldes kriimustuskindlam. T\u00e4ispinna liim tagab t\u00e4iusliku nakkuvuse ja oleofoobne kate hoiab \u00e4ra s\u00f5rmej\u00e4lgede tekkimise. Safiir on \u00fcks vastupidavamaid looduses leiduvaid mineraale \u2013 10-punktilisel Mohsi skaalal j\u00e4\u00e4b see teemandi taha. Prillides on selle s\u00fcnteetiline versioon, mis on korundi ja alumiiniumoksiidi...\" \/>\n<meta property=\"og:url\" content=\"https:\/\/sunfixmobile.ee\/toode\/iphone-15-pro-max-x-one-sapphire-kaitseklaas\/\" \/>\n<meta property=\"og:site_name\" content=\"CompanySun\" \/>\n<meta property=\"article:publisher\" content=\"https:\/\/www.facebook.com\/sunfixtallinn\" \/>\n<meta property=\"article:modified_time\" content=\"2026-04-17T11:50:36+00:00\" \/>\n<meta property=\"og:image\" content=\"https:\/\/sunfixmobile.ee\/wp-content\/uploads\/2022\/05\/1.jpg\" \/>\n\t<meta property=\"og:image:width\" content=\"2000\" \/>\n\t<meta property=\"og:image:height\" content=\"1335\" \/>\n\t<meta property=\"og:image:type\" content=\"image\/jpeg\" \/>\n<meta name=\"twitter:card\" content=\"summary_large_image\" \/>\n<meta name=\"twitter:label1\" content=\"\u0426\u0435\u043d\u0430\" \/>\n\t<meta name=\"twitter:data1\" content=\"29,90&nbsp;&euro;\" \/>\n\t<meta name=\"twitter:label2\" content=\"\u0414\u043e\u0441\u0442\u0443\u043f\u043d\u043e\u0441\u0442\u044c\" \/>\n\t<meta name=\"twitter:data2\" content=\"\u0412 \u043d\u0430\u043b\u0438\u0447\u0438\u0438\" \/>\n<script type=\"application\/ld+json\" class=\"yoast-schema-graph\">{\"@context\":\"https:\/\/schema.org\",\"@graph\":[{\"@type\":\"WebPage\",\"@id\":\"https:\/\/sunfixmobile.ee\/toode\/iphone-15-pro-max-x-one-sapphire-kaitseklaas\/\",\"url\":\"https:\/\/sunfixmobile.ee\/toode\/iphone-15-pro-max-x-one-sapphire-kaitseklaas\/\",\"name\":\"IPhone 15 Pro Max X-ONE Sapphire kaitseklaas - CompanySun\",\"isPartOf\":{\"@id\":\"https:\/\/sunfixmobile.ee\/#website\"},\"primaryImageOfPage\":{\"@id\":\"https:\/\/sunfixmobile.ee\/toode\/iphone-15-pro-max-x-one-sapphire-kaitseklaas\/#primaryimage\"},\"image\":{\"@id\":\"https:\/\/sunfixmobile.ee\/toode\/iphone-15-pro-max-x-one-sapphire-kaitseklaas\/#primaryimage\"},\"thumbnailUrl\":\"https:\/\/sunfixmobile.ee\/wp-content\/uploads\/2024\/03\/4fe94ab1cd3aa983439869fde4c2af96-2.webp\",\"datePublished\":\"2024-03-22T09:50:46+00:00\",\"dateModified\":\"2026-04-17T11:50:36+00:00\",\"breadcrumb\":{\"@id\":\"https:\/\/sunfixmobile.ee\/toode\/iphone-15-pro-max-x-one-sapphire-kaitseklaas\/#breadcrumb\"},\"inLanguage\":\"ru-RU\",\"potentialAction\":[{\"@type\":\"ReadAction\",\"target\":[\"https:\/\/sunfixmobile.ee\/toode\/iphone-15-pro-max-x-one-sapphire-kaitseklaas\/\"]}]},{\"@type\":\"ImageObject\",\"inLanguage\":\"ru-RU\",\"@id\":\"https:\/\/sunfixmobile.ee\/toode\/iphone-15-pro-max-x-one-sapphire-kaitseklaas\/#primaryimage\",\"url\":\"https:\/\/sunfixmobile.ee\/wp-content\/uploads\/2024\/03\/4fe94ab1cd3aa983439869fde4c2af96-2.webp\",\"contentUrl\":\"https:\/\/sunfixmobile.ee\/wp-content\/uploads\/2024\/03\/4fe94ab1cd3aa983439869fde4c2af96-2.webp\",\"width\":1000,\"height\":1000,\"caption\":\"4fe94ab1cd3aa983439869fde4c2af96-2.\"},{\"@type\":\"BreadcrumbList\",\"@id\":\"https:\/\/sunfixmobile.ee\/toode\/iphone-15-pro-max-x-one-sapphire-kaitseklaas\/#breadcrumb\",\"itemListElement\":[{\"@type\":\"ListItem\",\"position\":1,\"name\":\"Home\",\"item\":\"https:\/\/sunfixmobile.ee\/ru\/\"},{\"@type\":\"ListItem\",\"position\":2,\"name\":\"\u0412\u0441\u0435 \u0442\u043e\u0432\u0430\u0440\u044b\",\"item\":\"https:\/\/sunfixmobile.ee\/ru\/magazin\/\"},{\"@type\":\"ListItem\",\"position\":3,\"name\":\"IPhone 15 Pro Max X-ONE Sapphire kaitseklaas\"}]},{\"@type\":\"WebSite\",\"@id\":\"https:\/\/sunfixmobile.ee\/#website\",\"url\":\"https:\/\/sunfixmobile.ee\/\",\"name\":\"CompanySun\",\"description\":\"\",\"publisher\":{\"@id\":\"https:\/\/sunfixmobile.ee\/#organization\"},\"potentialAction\":[{\"@type\":\"SearchAction\",\"target\":{\"@type\":\"EntryPoint\",\"urlTemplate\":\"https:\/\/sunfixmobile.ee\/?s={search_term_string}\"},\"query-input\":{\"@type\":\"PropertyValueSpecification\",\"valueRequired\":true,\"valueName\":\"search_term_string\"}}],\"inLanguage\":\"ru-RU\"},{\"@type\":\"Organization\",\"@id\":\"https:\/\/sunfixmobile.ee\/#organization\",\"name\":\"CompanySun O\u00dc\",\"url\":\"https:\/\/sunfixmobile.ee\/\",\"logo\":{\"@type\":\"ImageObject\",\"inLanguage\":\"ru-RU\",\"@id\":\"https:\/\/sunfixmobile.ee\/#\/schema\/logo\/image\/\",\"url\":\"https:\/\/sunfixmobile.ee\/wp-content\/uploads\/2022\/05\/logo.png\",\"contentUrl\":\"https:\/\/sunfixmobile.ee\/wp-content\/uploads\/2022\/05\/logo.png\",\"width\":257,\"height\":85,\"caption\":\"CompanySun O\u00dc\"},\"image\":{\"@id\":\"https:\/\/sunfixmobile.ee\/#\/schema\/logo\/image\/\"},\"sameAs\":[\"https:\/\/www.facebook.com\/sunfixtallinn\",\"https:\/\/www.instagram.com\/sunfix_eesti\/\"]}]}<\/script>\n<meta property=\"product:price:amount\" content=\"29.90\" \/>\n<meta property=\"product:price:currency\" content=\"EUR\" \/>\n<meta property=\"og:availability\" content=\"instock\" \/>\n<meta property=\"product:availability\" content=\"instock\" \/>\n<meta property=\"product:retailer_item_id\" content=\"5903396215483\" \/>\n<meta property=\"product:condition\" content=\"new\" \/>\n<!-- \/ Yoast SEO plugin. -->","yoast_head_json":{"title":"IPhone 15 Pro Max X-ONE Sapphire kaitseklaas - CompanySun","robots":{"index":"index","follow":"follow","max-snippet":"max-snippet:-1","max-image-preview":"max-image-preview:large","max-video-preview":"max-video-preview:-1"},"canonical":"https:\/\/sunfixmobile.ee\/toode\/iphone-15-pro-max-x-one-sapphire-kaitseklaas\/","og_locale":"ru_RU","og_type":"article","og_title":"IPhone 15 Pro Max X-ONE Sapphire kaitseklaas - CompanySun","og_description":"Unikaalne safiirkattega karastatud X-one klaas \u2013 ekraanikaitses number \u00fcks. T\u00e4nu s\u00fcnteetilise safiirikihile on see traditsiooniliste klaasidega v\u00f5rreldes kriimustuskindlam. T\u00e4ispinna liim tagab t\u00e4iusliku nakkuvuse ja oleofoobne kate hoiab \u00e4ra s\u00f5rmej\u00e4lgede tekkimise. Safiir on \u00fcks vastupidavamaid looduses leiduvaid mineraale \u2013 10-punktilisel Mohsi skaalal j\u00e4\u00e4b see teemandi taha. Prillides on selle s\u00fcnteetiline versioon, mis on korundi ja alumiiniumoksiidi...","og_url":"https:\/\/sunfixmobile.ee\/toode\/iphone-15-pro-max-x-one-sapphire-kaitseklaas\/","og_site_name":"CompanySun","article_publisher":"https:\/\/www.facebook.com\/sunfixtallinn","article_modified_time":"2026-04-17T11:50:36+00:00","og_image":[{"width":2000,"height":1335,"url":"https:\/\/sunfixmobile.ee\/wp-content\/uploads\/2022\/05\/1.jpg","type":"image\/jpeg"}],"twitter_card":"summary_large_image","twitter_misc":{"\u0426\u0435\u043d\u0430":"29,90&nbsp;&euro;","\u0414\u043e\u0441\u0442\u0443\u043f\u043d\u043e\u0441\u0442\u044c":"\u0412 \u043d\u0430\u043b\u0438\u0447\u0438\u0438"},"schema":{"@context":"https:\/\/schema.org","@graph":[{"@type":"WebPage","@id":"https:\/\/sunfixmobile.ee\/toode\/iphone-15-pro-max-x-one-sapphire-kaitseklaas\/","url":"https:\/\/sunfixmobile.ee\/toode\/iphone-15-pro-max-x-one-sapphire-kaitseklaas\/","name":"IPhone 15 Pro Max X-ONE Sapphire kaitseklaas - CompanySun","isPartOf":{"@id":"https:\/\/sunfixmobile.ee\/#website"},"primaryImageOfPage":{"@id":"https:\/\/sunfixmobile.ee\/toode\/iphone-15-pro-max-x-one-sapphire-kaitseklaas\/#primaryimage"},"image":{"@id":"https:\/\/sunfixmobile.ee\/toode\/iphone-15-pro-max-x-one-sapphire-kaitseklaas\/#primaryimage"},"thumbnailUrl":"https:\/\/sunfixmobile.ee\/wp-content\/uploads\/2024\/03\/4fe94ab1cd3aa983439869fde4c2af96-2.webp","datePublished":"2024-03-22T09:50:46+00:00","dateModified":"2026-04-17T11:50:36+00:00","breadcrumb":{"@id":"https:\/\/sunfixmobile.ee\/toode\/iphone-15-pro-max-x-one-sapphire-kaitseklaas\/#breadcrumb"},"inLanguage":"ru-RU","potentialAction":[{"@type":"ReadAction","target":["https:\/\/sunfixmobile.ee\/toode\/iphone-15-pro-max-x-one-sapphire-kaitseklaas\/"]}]},{"@type":"ImageObject","inLanguage":"ru-RU","@id":"https:\/\/sunfixmobile.ee\/toode\/iphone-15-pro-max-x-one-sapphire-kaitseklaas\/#primaryimage","url":"https:\/\/sunfixmobile.ee\/wp-content\/uploads\/2024\/03\/4fe94ab1cd3aa983439869fde4c2af96-2.webp","contentUrl":"https:\/\/sunfixmobile.ee\/wp-content\/uploads\/2024\/03\/4fe94ab1cd3aa983439869fde4c2af96-2.webp","width":1000,"height":1000,"caption":"4fe94ab1cd3aa983439869fde4c2af96-2."},{"@type":"BreadcrumbList","@id":"https:\/\/sunfixmobile.ee\/toode\/iphone-15-pro-max-x-one-sapphire-kaitseklaas\/#breadcrumb","itemListElement":[{"@type":"ListItem","position":1,"name":"Home","item":"https:\/\/sunfixmobile.ee\/ru\/"},{"@type":"ListItem","position":2,"name":"\u0412\u0441\u0435 \u0442\u043e\u0432\u0430\u0440\u044b","item":"https:\/\/sunfixmobile.ee\/ru\/magazin\/"},{"@type":"ListItem","position":3,"name":"IPhone 15 Pro Max X-ONE Sapphire kaitseklaas"}]},{"@type":"WebSite","@id":"https:\/\/sunfixmobile.ee\/#website","url":"https:\/\/sunfixmobile.ee\/","name":"CompanySun","description":"","publisher":{"@id":"https:\/\/sunfixmobile.ee\/#organization"},"potentialAction":[{"@type":"SearchAction","target":{"@type":"EntryPoint","urlTemplate":"https:\/\/sunfixmobile.ee\/?s={search_term_string}"},"query-input":{"@type":"PropertyValueSpecification","valueRequired":true,"valueName":"search_term_string"}}],"inLanguage":"ru-RU"},{"@type":"Organization","@id":"https:\/\/sunfixmobile.ee\/#organization","name":"CompanySun O\u00dc","url":"https:\/\/sunfixmobile.ee\/","logo":{"@type":"ImageObject","inLanguage":"ru-RU","@id":"https:\/\/sunfixmobile.ee\/#\/schema\/logo\/image\/","url":"https:\/\/sunfixmobile.ee\/wp-content\/uploads\/2022\/05\/logo.png","contentUrl":"https:\/\/sunfixmobile.ee\/wp-content\/uploads\/2022\/05\/logo.png","width":257,"height":85,"caption":"CompanySun O\u00dc"},"image":{"@id":"https:\/\/sunfixmobile.ee\/#\/schema\/logo\/image\/"},"sameAs":["https:\/\/www.facebook.com\/sunfixtallinn","https:\/\/www.instagram.com\/sunfix_eesti\/"]}]},"product_price_amount":"29.90","product_price_currency":"EUR","og_availability":"instock","product_availability":"instock","product_retailer_item_id":"5903396215483","product_condition":"new"},"_links":{"self":[{"href":"https:\/\/sunfixmobile.ee\/ru\/wp-json\/wp\/v2\/product\/11275","targetHints":{"allow":["GET"]}}],"collection":[{"href":"https:\/\/sunfixmobile.ee\/ru\/wp-json\/wp\/v2\/product"}],"about":[{"href":"https:\/\/sunfixmobile.ee\/ru\/wp-json\/wp\/v2\/types\/product"}],"wp:featuredmedia":[{"embeddable":true,"href":"https:\/\/sunfixmobile.ee\/ru\/wp-json\/wp\/v2\/media\/11271"}],"wp:attachment":[{"href":"https:\/\/sunfixmobile.ee\/ru\/wp-json\/wp\/v2\/media?parent=11275"}],"wp:term":[{"taxonomy":"product_brand","embeddable":true,"href":"https:\/\/sunfixmobile.ee\/ru\/wp-json\/wp\/v2\/product_brand?post=11275"},{"taxonomy":"product_cat","embeddable":true,"href":"https:\/\/sunfixmobile.ee\/ru\/wp-json\/wp\/v2\/product_cat?post=11275"},{"taxonomy":"product_tag","embeddable":true,"href":"https:\/\/sunfixmobile.ee\/ru\/wp-json\/wp\/v2\/product_tag?post=11275"}],"curies":[{"name":"wp","href":"https:\/\/api.w.org\/{rel}","templated":true}]}}