{"id":10996,"date":"2024-02-27T13:44:13","date_gmt":"2024-02-27T13:44:13","guid":{"rendered":"https:\/\/sunfixmobile.ee\/toode\/iphone-15-pro-bracket-umbris-tume-lilla\/"},"modified":"2025-07-03T10:04:28","modified_gmt":"2025-07-03T10:04:28","slug":"iphone-15-pro-bracket-umbris-tume-lilla","status":"publish","type":"product","link":"https:\/\/sunfixmobile.ee\/ru\/tovar\/iphone-15-pro-bracket-umbris-tume-lilla\/","title":{"rendered":"IPhone 15 Pro BRACKET \u00fcmbris tume lilla"},"content":{"rendered":"<p>Bracket \u00fcmbris on uuenduslik lahendus inimestele, kes hindavad funktsionaalsust ja esteetikat. Toodet iseloomustab elegantne v\u00e4rviline raam ja l\u00e4bipaistev pind tagak\u00fcljel. Komplekti kuuluvad puhastuslapid ja kaamerakatted.<\/p>\n<p>Bracket Case, mille servade \u00fcmber on v\u00e4rviline viimistlus ja l\u00e4bipaistev pind tagak\u00fcljel, s\u00e4ilitab peaaegu t\u00e4ielikult telefoni algse v\u00e4limuse, lisades samas peent mati v\u00e4rviaktsenti. Kaamerasaare \u00fcmber volditud raami saab kasutada alusena, mis v\u00f5imaldab mugavalt filme vaadata v\u00f5i internetis sirvida. Korpus ise kaitseb h\u00e4sti kukkumiste ja kriimustuste eest.<\/p>\n<p>Tootega on kaasas niisked ja kuivad salvr\u00e4tikud, mis v\u00f5imaldavad teil telefoni p\u00f5hjalikult p\u00fchkida, et eemaldada inetud s\u00f5rmej\u00e4ljed ja tolmuosakesed. Komplekti kuuluvad ka t\u00e4iendavad kaamerakatted, mis pakuvad igale objektiivile individuaalset kaitset.<\/p>\n","protected":false},"excerpt":{"rendered":"<p>Bracket \u00fcmbris on uuenduslik lahendus inimestele, kes hindavad funktsionaalsust ja esteetikat. Toodet iseloomustab elegantne v\u00e4rviline raam ja l\u00e4bipaistev pind tagak\u00fcljel. Komplekti kuuluvad puhastuslapid ja kaamerakatted. Bracket Case, mille servade \u00fcmber on v\u00e4rviline viimistlus ja l\u00e4bipaistev pind tagak\u00fcljel, s\u00e4ilitab peaaegu t\u00e4ielikult telefoni algse v\u00e4limuse, lisades samas peent mati v\u00e4rviaktsenti. Kaamerasaare \u00fcmber volditud raami saab kasutada alusena,&#8230;<\/p>\n","protected":false},"featured_media":10988,"template":"","meta":[],"product_brand":[],"product_cat":[1258],"product_tag":[1295],"class_list":{"0":"post-10996","1":"product","2":"type-product","3":"status-publish","4":"has-post-thumbnail","6":"product_cat-umbrised","7":"product_tag-iphone-15-pro","9":"first","10":"instock","11":"taxable","12":"shipping-taxable","13":"purchasable","14":"product-type-simple"},"yoast_head":"<!-- This site is optimized with the Yoast SEO plugin v27.2 - https:\/\/yoast.com\/product\/yoast-seo-wordpress\/ -->\n<title>IPhone 15 Pro BRACKET \u00fcmbris tume lilla - CompanySun<\/title>\n<meta name=\"robots\" content=\"index, follow, max-snippet:-1, max-image-preview:large, max-video-preview:-1\" \/>\n<link rel=\"canonical\" href=\"https:\/\/sunfixmobile.ee\/toode\/iphone-15-pro-bracket-umbris-tume-lilla\/\" \/>\n<meta property=\"og:locale\" content=\"ru_RU\" \/>\n<meta property=\"og:type\" content=\"article\" \/>\n<meta property=\"og:title\" content=\"IPhone 15 Pro BRACKET \u00fcmbris tume lilla - CompanySun\" \/>\n<meta property=\"og:description\" content=\"Bracket \u00fcmbris on uuenduslik lahendus inimestele, kes hindavad funktsionaalsust ja esteetikat. Toodet iseloomustab elegantne v\u00e4rviline raam ja l\u00e4bipaistev pind tagak\u00fcljel. Komplekti kuuluvad puhastuslapid ja kaamerakatted. Bracket Case, mille servade \u00fcmber on v\u00e4rviline viimistlus ja l\u00e4bipaistev pind tagak\u00fcljel, s\u00e4ilitab peaaegu t\u00e4ielikult telefoni algse v\u00e4limuse, lisades samas peent mati v\u00e4rviaktsenti. Kaamerasaare \u00fcmber volditud raami saab kasutada alusena,...\" \/>\n<meta property=\"og:url\" content=\"https:\/\/sunfixmobile.ee\/toode\/iphone-15-pro-bracket-umbris-tume-lilla\/\" \/>\n<meta property=\"og:site_name\" content=\"CompanySun\" \/>\n<meta property=\"article:publisher\" content=\"https:\/\/www.facebook.com\/sunfixtallinn\" \/>\n<meta property=\"article:modified_time\" content=\"2025-07-03T10:04:28+00:00\" \/>\n<meta property=\"og:image\" content=\"https:\/\/sunfixmobile.ee\/wp-content\/uploads\/2022\/05\/1.jpg\" \/>\n\t<meta property=\"og:image:width\" content=\"2000\" \/>\n\t<meta property=\"og:image:height\" content=\"1335\" \/>\n\t<meta property=\"og:image:type\" content=\"image\/jpeg\" \/>\n<meta name=\"twitter:card\" content=\"summary_large_image\" \/>\n<meta name=\"twitter:label1\" content=\"\u0426\u0435\u043d\u0430\" \/>\n\t<meta name=\"twitter:data1\" content=\"16,90&nbsp;&euro;\" \/>\n\t<meta name=\"twitter:label2\" content=\"\u0414\u043e\u0441\u0442\u0443\u043f\u043d\u043e\u0441\u0442\u044c\" \/>\n\t<meta name=\"twitter:data2\" content=\"\u0412 \u043d\u0430\u043b\u0438\u0447\u0438\u0438\" \/>\n<script type=\"application\/ld+json\" class=\"yoast-schema-graph\">{\"@context\":\"https:\/\/schema.org\",\"@graph\":[{\"@type\":\"WebPage\",\"@id\":\"https:\/\/sunfixmobile.ee\/toode\/iphone-15-pro-bracket-umbris-tume-lilla\/\",\"url\":\"https:\/\/sunfixmobile.ee\/toode\/iphone-15-pro-bracket-umbris-tume-lilla\/\",\"name\":\"IPhone 15 Pro BRACKET \u00fcmbris tume lilla - CompanySun\",\"isPartOf\":{\"@id\":\"https:\/\/sunfixmobile.ee\/#website\"},\"primaryImageOfPage\":{\"@id\":\"https:\/\/sunfixmobile.ee\/toode\/iphone-15-pro-bracket-umbris-tume-lilla\/#primaryimage\"},\"image\":{\"@id\":\"https:\/\/sunfixmobile.ee\/toode\/iphone-15-pro-bracket-umbris-tume-lilla\/#primaryimage\"},\"thumbnailUrl\":\"https:\/\/sunfixmobile.ee\/wp-content\/uploads\/2024\/02\/541c05d58748c20476a7d9d6f9e27629.webp\",\"datePublished\":\"2024-02-27T13:44:13+00:00\",\"dateModified\":\"2025-07-03T10:04:28+00:00\",\"breadcrumb\":{\"@id\":\"https:\/\/sunfixmobile.ee\/toode\/iphone-15-pro-bracket-umbris-tume-lilla\/#breadcrumb\"},\"inLanguage\":\"ru-RU\",\"potentialAction\":[{\"@type\":\"ReadAction\",\"target\":[\"https:\/\/sunfixmobile.ee\/toode\/iphone-15-pro-bracket-umbris-tume-lilla\/\"]}]},{\"@type\":\"ImageObject\",\"inLanguage\":\"ru-RU\",\"@id\":\"https:\/\/sunfixmobile.ee\/toode\/iphone-15-pro-bracket-umbris-tume-lilla\/#primaryimage\",\"url\":\"https:\/\/sunfixmobile.ee\/wp-content\/uploads\/2024\/02\/541c05d58748c20476a7d9d6f9e27629.webp\",\"contentUrl\":\"https:\/\/sunfixmobile.ee\/wp-content\/uploads\/2024\/02\/541c05d58748c20476a7d9d6f9e27629.webp\",\"width\":1000,\"height\":1000,\"caption\":\"541c05d58748c20476a7d9d6f9e27629.\"},{\"@type\":\"BreadcrumbList\",\"@id\":\"https:\/\/sunfixmobile.ee\/toode\/iphone-15-pro-bracket-umbris-tume-lilla\/#breadcrumb\",\"itemListElement\":[{\"@type\":\"ListItem\",\"position\":1,\"name\":\"Home\",\"item\":\"https:\/\/sunfixmobile.ee\/ru\/\"},{\"@type\":\"ListItem\",\"position\":2,\"name\":\"\u0412\u0441\u0435 \u0442\u043e\u0432\u0430\u0440\u044b\",\"item\":\"https:\/\/sunfixmobile.ee\/ru\/magazin\/\"},{\"@type\":\"ListItem\",\"position\":3,\"name\":\"IPhone 15 Pro BRACKET \u00fcmbris tume lilla\"}]},{\"@type\":\"WebSite\",\"@id\":\"https:\/\/sunfixmobile.ee\/#website\",\"url\":\"https:\/\/sunfixmobile.ee\/\",\"name\":\"CompanySun\",\"description\":\"\",\"publisher\":{\"@id\":\"https:\/\/sunfixmobile.ee\/#organization\"},\"potentialAction\":[{\"@type\":\"SearchAction\",\"target\":{\"@type\":\"EntryPoint\",\"urlTemplate\":\"https:\/\/sunfixmobile.ee\/?s={search_term_string}\"},\"query-input\":{\"@type\":\"PropertyValueSpecification\",\"valueRequired\":true,\"valueName\":\"search_term_string\"}}],\"inLanguage\":\"ru-RU\"},{\"@type\":\"Organization\",\"@id\":\"https:\/\/sunfixmobile.ee\/#organization\",\"name\":\"CompanySun O\u00dc\",\"url\":\"https:\/\/sunfixmobile.ee\/\",\"logo\":{\"@type\":\"ImageObject\",\"inLanguage\":\"ru-RU\",\"@id\":\"https:\/\/sunfixmobile.ee\/#\/schema\/logo\/image\/\",\"url\":\"https:\/\/sunfixmobile.ee\/wp-content\/uploads\/2022\/05\/logo.png\",\"contentUrl\":\"https:\/\/sunfixmobile.ee\/wp-content\/uploads\/2022\/05\/logo.png\",\"width\":257,\"height\":85,\"caption\":\"CompanySun O\u00dc\"},\"image\":{\"@id\":\"https:\/\/sunfixmobile.ee\/#\/schema\/logo\/image\/\"},\"sameAs\":[\"https:\/\/www.facebook.com\/sunfixtallinn\",\"https:\/\/www.instagram.com\/sunfix_eesti\/\"]}]}<\/script>\n<meta property=\"product:price:amount\" content=\"16.90\" \/>\n<meta property=\"product:price:currency\" content=\"EUR\" \/>\n<meta property=\"og:availability\" content=\"instock\" \/>\n<meta property=\"product:availability\" content=\"instock\" \/>\n<meta property=\"product:retailer_item_id\" content=\"5903396236471\" \/>\n<meta property=\"product:condition\" content=\"new\" \/>\n<!-- \/ Yoast SEO plugin. -->","yoast_head_json":{"title":"IPhone 15 Pro BRACKET \u00fcmbris tume lilla - CompanySun","robots":{"index":"index","follow":"follow","max-snippet":"max-snippet:-1","max-image-preview":"max-image-preview:large","max-video-preview":"max-video-preview:-1"},"canonical":"https:\/\/sunfixmobile.ee\/toode\/iphone-15-pro-bracket-umbris-tume-lilla\/","og_locale":"ru_RU","og_type":"article","og_title":"IPhone 15 Pro BRACKET \u00fcmbris tume lilla - CompanySun","og_description":"Bracket \u00fcmbris on uuenduslik lahendus inimestele, kes hindavad funktsionaalsust ja esteetikat. Toodet iseloomustab elegantne v\u00e4rviline raam ja l\u00e4bipaistev pind tagak\u00fcljel. Komplekti kuuluvad puhastuslapid ja kaamerakatted. Bracket Case, mille servade \u00fcmber on v\u00e4rviline viimistlus ja l\u00e4bipaistev pind tagak\u00fcljel, s\u00e4ilitab peaaegu t\u00e4ielikult telefoni algse v\u00e4limuse, lisades samas peent mati v\u00e4rviaktsenti. Kaamerasaare \u00fcmber volditud raami saab kasutada alusena,...","og_url":"https:\/\/sunfixmobile.ee\/toode\/iphone-15-pro-bracket-umbris-tume-lilla\/","og_site_name":"CompanySun","article_publisher":"https:\/\/www.facebook.com\/sunfixtallinn","article_modified_time":"2025-07-03T10:04:28+00:00","og_image":[{"width":2000,"height":1335,"url":"https:\/\/sunfixmobile.ee\/wp-content\/uploads\/2022\/05\/1.jpg","type":"image\/jpeg"}],"twitter_card":"summary_large_image","twitter_misc":{"\u0426\u0435\u043d\u0430":"16,90&nbsp;&euro;","\u0414\u043e\u0441\u0442\u0443\u043f\u043d\u043e\u0441\u0442\u044c":"\u0412 \u043d\u0430\u043b\u0438\u0447\u0438\u0438"},"schema":{"@context":"https:\/\/schema.org","@graph":[{"@type":"WebPage","@id":"https:\/\/sunfixmobile.ee\/toode\/iphone-15-pro-bracket-umbris-tume-lilla\/","url":"https:\/\/sunfixmobile.ee\/toode\/iphone-15-pro-bracket-umbris-tume-lilla\/","name":"IPhone 15 Pro BRACKET \u00fcmbris tume lilla - CompanySun","isPartOf":{"@id":"https:\/\/sunfixmobile.ee\/#website"},"primaryImageOfPage":{"@id":"https:\/\/sunfixmobile.ee\/toode\/iphone-15-pro-bracket-umbris-tume-lilla\/#primaryimage"},"image":{"@id":"https:\/\/sunfixmobile.ee\/toode\/iphone-15-pro-bracket-umbris-tume-lilla\/#primaryimage"},"thumbnailUrl":"https:\/\/sunfixmobile.ee\/wp-content\/uploads\/2024\/02\/541c05d58748c20476a7d9d6f9e27629.webp","datePublished":"2024-02-27T13:44:13+00:00","dateModified":"2025-07-03T10:04:28+00:00","breadcrumb":{"@id":"https:\/\/sunfixmobile.ee\/toode\/iphone-15-pro-bracket-umbris-tume-lilla\/#breadcrumb"},"inLanguage":"ru-RU","potentialAction":[{"@type":"ReadAction","target":["https:\/\/sunfixmobile.ee\/toode\/iphone-15-pro-bracket-umbris-tume-lilla\/"]}]},{"@type":"ImageObject","inLanguage":"ru-RU","@id":"https:\/\/sunfixmobile.ee\/toode\/iphone-15-pro-bracket-umbris-tume-lilla\/#primaryimage","url":"https:\/\/sunfixmobile.ee\/wp-content\/uploads\/2024\/02\/541c05d58748c20476a7d9d6f9e27629.webp","contentUrl":"https:\/\/sunfixmobile.ee\/wp-content\/uploads\/2024\/02\/541c05d58748c20476a7d9d6f9e27629.webp","width":1000,"height":1000,"caption":"541c05d58748c20476a7d9d6f9e27629."},{"@type":"BreadcrumbList","@id":"https:\/\/sunfixmobile.ee\/toode\/iphone-15-pro-bracket-umbris-tume-lilla\/#breadcrumb","itemListElement":[{"@type":"ListItem","position":1,"name":"Home","item":"https:\/\/sunfixmobile.ee\/ru\/"},{"@type":"ListItem","position":2,"name":"\u0412\u0441\u0435 \u0442\u043e\u0432\u0430\u0440\u044b","item":"https:\/\/sunfixmobile.ee\/ru\/magazin\/"},{"@type":"ListItem","position":3,"name":"IPhone 15 Pro BRACKET \u00fcmbris tume lilla"}]},{"@type":"WebSite","@id":"https:\/\/sunfixmobile.ee\/#website","url":"https:\/\/sunfixmobile.ee\/","name":"CompanySun","description":"","publisher":{"@id":"https:\/\/sunfixmobile.ee\/#organization"},"potentialAction":[{"@type":"SearchAction","target":{"@type":"EntryPoint","urlTemplate":"https:\/\/sunfixmobile.ee\/?s={search_term_string}"},"query-input":{"@type":"PropertyValueSpecification","valueRequired":true,"valueName":"search_term_string"}}],"inLanguage":"ru-RU"},{"@type":"Organization","@id":"https:\/\/sunfixmobile.ee\/#organization","name":"CompanySun O\u00dc","url":"https:\/\/sunfixmobile.ee\/","logo":{"@type":"ImageObject","inLanguage":"ru-RU","@id":"https:\/\/sunfixmobile.ee\/#\/schema\/logo\/image\/","url":"https:\/\/sunfixmobile.ee\/wp-content\/uploads\/2022\/05\/logo.png","contentUrl":"https:\/\/sunfixmobile.ee\/wp-content\/uploads\/2022\/05\/logo.png","width":257,"height":85,"caption":"CompanySun O\u00dc"},"image":{"@id":"https:\/\/sunfixmobile.ee\/#\/schema\/logo\/image\/"},"sameAs":["https:\/\/www.facebook.com\/sunfixtallinn","https:\/\/www.instagram.com\/sunfix_eesti\/"]}]},"product_price_amount":"16.90","product_price_currency":"EUR","og_availability":"instock","product_availability":"instock","product_retailer_item_id":"5903396236471","product_condition":"new"},"_links":{"self":[{"href":"https:\/\/sunfixmobile.ee\/ru\/wp-json\/wp\/v2\/product\/10996","targetHints":{"allow":["GET"]}}],"collection":[{"href":"https:\/\/sunfixmobile.ee\/ru\/wp-json\/wp\/v2\/product"}],"about":[{"href":"https:\/\/sunfixmobile.ee\/ru\/wp-json\/wp\/v2\/types\/product"}],"wp:featuredmedia":[{"embeddable":true,"href":"https:\/\/sunfixmobile.ee\/ru\/wp-json\/wp\/v2\/media\/10988"}],"wp:attachment":[{"href":"https:\/\/sunfixmobile.ee\/ru\/wp-json\/wp\/v2\/media?parent=10996"}],"wp:term":[{"taxonomy":"product_brand","embeddable":true,"href":"https:\/\/sunfixmobile.ee\/ru\/wp-json\/wp\/v2\/product_brand?post=10996"},{"taxonomy":"product_cat","embeddable":true,"href":"https:\/\/sunfixmobile.ee\/ru\/wp-json\/wp\/v2\/product_cat?post=10996"},{"taxonomy":"product_tag","embeddable":true,"href":"https:\/\/sunfixmobile.ee\/ru\/wp-json\/wp\/v2\/product_tag?post=10996"}],"curies":[{"name":"wp","href":"https:\/\/api.w.org\/{rel}","templated":true}]}}