{"id":10948,"date":"2024-02-27T13:29:14","date_gmt":"2024-02-27T13:29:14","guid":{"rendered":"https:\/\/sunfixmobile.ee\/toode\/xiaomi-redmi-note-11-4g-11s-carbon-umbris-must\/"},"modified":"2025-07-03T10:04:20","modified_gmt":"2025-07-03T10:04:20","slug":"xiaomi-redmi-note-11-4g-11s-carbon-umbris-must","status":"publish","type":"product","link":"https:\/\/sunfixmobile.ee\/ru\/tovar\/xiaomi-redmi-note-11-4g-11s-carbon-umbris-must\/","title":{"rendered":"Xiaomi Redmi Note 11 \/ 11S carbon \u00fcmbris must"},"content":{"rendered":"<p>Carbon \u00fcmbris on elegantne ja stiilne \u00fcmbris, mis pakub t\u00e4ielikku kaitset ka rasketes tingimustes. Selle v\u00e4limuse t\u00f5ttu meeldib see k\u00f5ige n\u00f5udlikumatele kasutajatele.<\/p>\n<p>Kabuur on valmistatud vastupidavast ja p\u00f5rutuskummist, mis sobib selleks m\u00f5eldud mobiiltelefoniga v\u00e4ga h\u00e4sti. See t\u00f6\u00f6tab ekstreemspordiga tegelemisel ja muudes rasketes tingimustes. Tugevdatud k\u00fcljed tagavad t\u00e4iendava amortisatsiooni s\u00fcgise ajal ning kergelt v\u00e4ljaulatuvad servad kaitsevad ka ekraani.<\/p>\n<p>Korpuse tagak\u00fcljele asetatud s\u00fcsinikust ja harjatud alumiiniumist motiiv muudab selle ainulaadseks ja eristab selle teiste kabuuride seast.<\/p>\n<p>Kabuur tagab t\u00e4ieliku juurdep\u00e4\u00e4su nuppudele, pesadele ja ei sega kaamera kasutamise ajal.<br \/>\u200b<\/p>\n","protected":false},"excerpt":{"rendered":"<p>Carbon \u00fcmbris on elegantne ja stiilne \u00fcmbris, mis pakub t\u00e4ielikku kaitset ka rasketes tingimustes. Selle v\u00e4limuse t\u00f5ttu meeldib see k\u00f5ige n\u00f5udlikumatele kasutajatele. Kabuur on valmistatud vastupidavast ja p\u00f5rutuskummist, mis sobib selleks m\u00f5eldud mobiiltelefoniga v\u00e4ga h\u00e4sti. See t\u00f6\u00f6tab ekstreemspordiga tegelemisel ja muudes rasketes tingimustes. Tugevdatud k\u00fcljed tagavad t\u00e4iendava amortisatsiooni s\u00fcgise ajal ning kergelt v\u00e4ljaulatuvad servad kaitsevad&#8230;<\/p>\n","protected":false},"featured_media":10944,"template":"","meta":[],"product_brand":[],"product_cat":[1258],"product_tag":[1476],"class_list":{"0":"post-10948","1":"product","2":"type-product","3":"status-publish","4":"has-post-thumbnail","6":"product_cat-umbrised","7":"product_tag-xiaomi-redmi-note-11-11s","9":"first","10":"instock","11":"taxable","12":"shipping-taxable","13":"purchasable","14":"product-type-simple"},"yoast_head":"<!-- This site is optimized with the Yoast SEO plugin v27.2 - https:\/\/yoast.com\/product\/yoast-seo-wordpress\/ -->\n<title>Xiaomi Redmi Note 11 \/ 11S carbon \u00fcmbris must - CompanySun<\/title>\n<meta name=\"robots\" content=\"index, follow, max-snippet:-1, max-image-preview:large, max-video-preview:-1\" \/>\n<link rel=\"canonical\" href=\"https:\/\/sunfixmobile.ee\/toode\/xiaomi-redmi-note-11-4g-11s-carbon-umbris-must\/\" \/>\n<meta property=\"og:locale\" content=\"ru_RU\" \/>\n<meta property=\"og:type\" content=\"article\" \/>\n<meta property=\"og:title\" content=\"Xiaomi Redmi Note 11 \/ 11S carbon \u00fcmbris must - CompanySun\" \/>\n<meta property=\"og:description\" content=\"Carbon \u00fcmbris on elegantne ja stiilne \u00fcmbris, mis pakub t\u00e4ielikku kaitset ka rasketes tingimustes. Selle v\u00e4limuse t\u00f5ttu meeldib see k\u00f5ige n\u00f5udlikumatele kasutajatele. Kabuur on valmistatud vastupidavast ja p\u00f5rutuskummist, mis sobib selleks m\u00f5eldud mobiiltelefoniga v\u00e4ga h\u00e4sti. See t\u00f6\u00f6tab ekstreemspordiga tegelemisel ja muudes rasketes tingimustes. Tugevdatud k\u00fcljed tagavad t\u00e4iendava amortisatsiooni s\u00fcgise ajal ning kergelt v\u00e4ljaulatuvad servad kaitsevad...\" \/>\n<meta property=\"og:url\" content=\"https:\/\/sunfixmobile.ee\/toode\/xiaomi-redmi-note-11-4g-11s-carbon-umbris-must\/\" \/>\n<meta property=\"og:site_name\" content=\"CompanySun\" \/>\n<meta property=\"article:publisher\" content=\"https:\/\/www.facebook.com\/sunfixtallinn\" \/>\n<meta property=\"article:modified_time\" content=\"2025-07-03T10:04:20+00:00\" \/>\n<meta property=\"og:image\" content=\"https:\/\/sunfixmobile.ee\/wp-content\/uploads\/2024\/02\/f3035fa1c812aa59d682b7da9af0b401-2.webp\" \/>\n\t<meta property=\"og:image:width\" content=\"1000\" \/>\n\t<meta property=\"og:image:height\" content=\"1000\" \/>\n\t<meta property=\"og:image:type\" content=\"image\/webp\" \/>\n<meta name=\"twitter:card\" content=\"summary_large_image\" \/>\n<meta name=\"twitter:label1\" content=\"\u0426\u0435\u043d\u0430\" \/>\n\t<meta name=\"twitter:data1\" content=\"14,90&nbsp;&euro;\" \/>\n\t<meta name=\"twitter:label2\" content=\"\u0414\u043e\u0441\u0442\u0443\u043f\u043d\u043e\u0441\u0442\u044c\" \/>\n\t<meta name=\"twitter:data2\" content=\"\u0412 \u043d\u0430\u043b\u0438\u0447\u0438\u0438\" \/>\n<script type=\"application\/ld+json\" class=\"yoast-schema-graph\">{\"@context\":\"https:\/\/schema.org\",\"@graph\":[{\"@type\":\"WebPage\",\"@id\":\"https:\/\/sunfixmobile.ee\/toode\/xiaomi-redmi-note-11-4g-11s-carbon-umbris-must\/\",\"url\":\"https:\/\/sunfixmobile.ee\/toode\/xiaomi-redmi-note-11-4g-11s-carbon-umbris-must\/\",\"name\":\"Xiaomi Redmi Note 11 \/ 11S carbon \u00fcmbris must - CompanySun\",\"isPartOf\":{\"@id\":\"https:\/\/sunfixmobile.ee\/#website\"},\"primaryImageOfPage\":{\"@id\":\"https:\/\/sunfixmobile.ee\/toode\/xiaomi-redmi-note-11-4g-11s-carbon-umbris-must\/#primaryimage\"},\"image\":{\"@id\":\"https:\/\/sunfixmobile.ee\/toode\/xiaomi-redmi-note-11-4g-11s-carbon-umbris-must\/#primaryimage\"},\"thumbnailUrl\":\"https:\/\/sunfixmobile.ee\/wp-content\/uploads\/2024\/02\/f3035fa1c812aa59d682b7da9af0b401-2.webp\",\"datePublished\":\"2024-02-27T13:29:14+00:00\",\"dateModified\":\"2025-07-03T10:04:20+00:00\",\"breadcrumb\":{\"@id\":\"https:\/\/sunfixmobile.ee\/toode\/xiaomi-redmi-note-11-4g-11s-carbon-umbris-must\/#breadcrumb\"},\"inLanguage\":\"ru-RU\",\"potentialAction\":[{\"@type\":\"ReadAction\",\"target\":[\"https:\/\/sunfixmobile.ee\/toode\/xiaomi-redmi-note-11-4g-11s-carbon-umbris-must\/\"]}]},{\"@type\":\"ImageObject\",\"inLanguage\":\"ru-RU\",\"@id\":\"https:\/\/sunfixmobile.ee\/toode\/xiaomi-redmi-note-11-4g-11s-carbon-umbris-must\/#primaryimage\",\"url\":\"https:\/\/sunfixmobile.ee\/wp-content\/uploads\/2024\/02\/f3035fa1c812aa59d682b7da9af0b401-2.webp\",\"contentUrl\":\"https:\/\/sunfixmobile.ee\/wp-content\/uploads\/2024\/02\/f3035fa1c812aa59d682b7da9af0b401-2.webp\",\"width\":1000,\"height\":1000,\"caption\":\"f3035fa1c812aa59d682b7da9af0b401-2.\"},{\"@type\":\"BreadcrumbList\",\"@id\":\"https:\/\/sunfixmobile.ee\/toode\/xiaomi-redmi-note-11-4g-11s-carbon-umbris-must\/#breadcrumb\",\"itemListElement\":[{\"@type\":\"ListItem\",\"position\":1,\"name\":\"Home\",\"item\":\"https:\/\/sunfixmobile.ee\/ru\/\"},{\"@type\":\"ListItem\",\"position\":2,\"name\":\"\u0412\u0441\u0435 \u0442\u043e\u0432\u0430\u0440\u044b\",\"item\":\"https:\/\/sunfixmobile.ee\/ru\/magazin\/\"},{\"@type\":\"ListItem\",\"position\":3,\"name\":\"Xiaomi Redmi Note 11 \/ 11S carbon \u00fcmbris must\"}]},{\"@type\":\"WebSite\",\"@id\":\"https:\/\/sunfixmobile.ee\/#website\",\"url\":\"https:\/\/sunfixmobile.ee\/\",\"name\":\"CompanySun\",\"description\":\"\",\"publisher\":{\"@id\":\"https:\/\/sunfixmobile.ee\/#organization\"},\"potentialAction\":[{\"@type\":\"SearchAction\",\"target\":{\"@type\":\"EntryPoint\",\"urlTemplate\":\"https:\/\/sunfixmobile.ee\/?s={search_term_string}\"},\"query-input\":{\"@type\":\"PropertyValueSpecification\",\"valueRequired\":true,\"valueName\":\"search_term_string\"}}],\"inLanguage\":\"ru-RU\"},{\"@type\":\"Organization\",\"@id\":\"https:\/\/sunfixmobile.ee\/#organization\",\"name\":\"CompanySun O\u00dc\",\"url\":\"https:\/\/sunfixmobile.ee\/\",\"logo\":{\"@type\":\"ImageObject\",\"inLanguage\":\"ru-RU\",\"@id\":\"https:\/\/sunfixmobile.ee\/#\/schema\/logo\/image\/\",\"url\":\"https:\/\/sunfixmobile.ee\/wp-content\/uploads\/2022\/05\/logo.png\",\"contentUrl\":\"https:\/\/sunfixmobile.ee\/wp-content\/uploads\/2022\/05\/logo.png\",\"width\":257,\"height\":85,\"caption\":\"CompanySun O\u00dc\"},\"image\":{\"@id\":\"https:\/\/sunfixmobile.ee\/#\/schema\/logo\/image\/\"},\"sameAs\":[\"https:\/\/www.facebook.com\/sunfixtallinn\",\"https:\/\/www.instagram.com\/sunfix_eesti\/\"]}]}<\/script>\n<meta property=\"product:price:amount\" content=\"14.90\" \/>\n<meta property=\"product:price:currency\" content=\"EUR\" \/>\n<meta property=\"og:availability\" content=\"instock\" \/>\n<meta property=\"product:availability\" content=\"instock\" \/>\n<meta property=\"product:retailer_item_id\" content=\"5903396156212\" \/>\n<meta property=\"product:condition\" content=\"new\" \/>\n<!-- \/ Yoast SEO plugin. -->","yoast_head_json":{"title":"Xiaomi Redmi Note 11 \/ 11S carbon \u00fcmbris must - CompanySun","robots":{"index":"index","follow":"follow","max-snippet":"max-snippet:-1","max-image-preview":"max-image-preview:large","max-video-preview":"max-video-preview:-1"},"canonical":"https:\/\/sunfixmobile.ee\/toode\/xiaomi-redmi-note-11-4g-11s-carbon-umbris-must\/","og_locale":"ru_RU","og_type":"article","og_title":"Xiaomi Redmi Note 11 \/ 11S carbon \u00fcmbris must - CompanySun","og_description":"Carbon \u00fcmbris on elegantne ja stiilne \u00fcmbris, mis pakub t\u00e4ielikku kaitset ka rasketes tingimustes. Selle v\u00e4limuse t\u00f5ttu meeldib see k\u00f5ige n\u00f5udlikumatele kasutajatele. Kabuur on valmistatud vastupidavast ja p\u00f5rutuskummist, mis sobib selleks m\u00f5eldud mobiiltelefoniga v\u00e4ga h\u00e4sti. See t\u00f6\u00f6tab ekstreemspordiga tegelemisel ja muudes rasketes tingimustes. Tugevdatud k\u00fcljed tagavad t\u00e4iendava amortisatsiooni s\u00fcgise ajal ning kergelt v\u00e4ljaulatuvad servad kaitsevad...","og_url":"https:\/\/sunfixmobile.ee\/toode\/xiaomi-redmi-note-11-4g-11s-carbon-umbris-must\/","og_site_name":"CompanySun","article_publisher":"https:\/\/www.facebook.com\/sunfixtallinn","article_modified_time":"2025-07-03T10:04:20+00:00","og_image":[{"width":1000,"height":1000,"url":"https:\/\/sunfixmobile.ee\/wp-content\/uploads\/2024\/02\/f3035fa1c812aa59d682b7da9af0b401-2.webp","type":"image\/webp"}],"twitter_card":"summary_large_image","twitter_misc":{"\u0426\u0435\u043d\u0430":"14,90&nbsp;&euro;","\u0414\u043e\u0441\u0442\u0443\u043f\u043d\u043e\u0441\u0442\u044c":"\u0412 \u043d\u0430\u043b\u0438\u0447\u0438\u0438"},"schema":{"@context":"https:\/\/schema.org","@graph":[{"@type":"WebPage","@id":"https:\/\/sunfixmobile.ee\/toode\/xiaomi-redmi-note-11-4g-11s-carbon-umbris-must\/","url":"https:\/\/sunfixmobile.ee\/toode\/xiaomi-redmi-note-11-4g-11s-carbon-umbris-must\/","name":"Xiaomi Redmi Note 11 \/ 11S carbon \u00fcmbris must - CompanySun","isPartOf":{"@id":"https:\/\/sunfixmobile.ee\/#website"},"primaryImageOfPage":{"@id":"https:\/\/sunfixmobile.ee\/toode\/xiaomi-redmi-note-11-4g-11s-carbon-umbris-must\/#primaryimage"},"image":{"@id":"https:\/\/sunfixmobile.ee\/toode\/xiaomi-redmi-note-11-4g-11s-carbon-umbris-must\/#primaryimage"},"thumbnailUrl":"https:\/\/sunfixmobile.ee\/wp-content\/uploads\/2024\/02\/f3035fa1c812aa59d682b7da9af0b401-2.webp","datePublished":"2024-02-27T13:29:14+00:00","dateModified":"2025-07-03T10:04:20+00:00","breadcrumb":{"@id":"https:\/\/sunfixmobile.ee\/toode\/xiaomi-redmi-note-11-4g-11s-carbon-umbris-must\/#breadcrumb"},"inLanguage":"ru-RU","potentialAction":[{"@type":"ReadAction","target":["https:\/\/sunfixmobile.ee\/toode\/xiaomi-redmi-note-11-4g-11s-carbon-umbris-must\/"]}]},{"@type":"ImageObject","inLanguage":"ru-RU","@id":"https:\/\/sunfixmobile.ee\/toode\/xiaomi-redmi-note-11-4g-11s-carbon-umbris-must\/#primaryimage","url":"https:\/\/sunfixmobile.ee\/wp-content\/uploads\/2024\/02\/f3035fa1c812aa59d682b7da9af0b401-2.webp","contentUrl":"https:\/\/sunfixmobile.ee\/wp-content\/uploads\/2024\/02\/f3035fa1c812aa59d682b7da9af0b401-2.webp","width":1000,"height":1000,"caption":"f3035fa1c812aa59d682b7da9af0b401-2."},{"@type":"BreadcrumbList","@id":"https:\/\/sunfixmobile.ee\/toode\/xiaomi-redmi-note-11-4g-11s-carbon-umbris-must\/#breadcrumb","itemListElement":[{"@type":"ListItem","position":1,"name":"Home","item":"https:\/\/sunfixmobile.ee\/ru\/"},{"@type":"ListItem","position":2,"name":"\u0412\u0441\u0435 \u0442\u043e\u0432\u0430\u0440\u044b","item":"https:\/\/sunfixmobile.ee\/ru\/magazin\/"},{"@type":"ListItem","position":3,"name":"Xiaomi Redmi Note 11 \/ 11S carbon \u00fcmbris must"}]},{"@type":"WebSite","@id":"https:\/\/sunfixmobile.ee\/#website","url":"https:\/\/sunfixmobile.ee\/","name":"CompanySun","description":"","publisher":{"@id":"https:\/\/sunfixmobile.ee\/#organization"},"potentialAction":[{"@type":"SearchAction","target":{"@type":"EntryPoint","urlTemplate":"https:\/\/sunfixmobile.ee\/?s={search_term_string}"},"query-input":{"@type":"PropertyValueSpecification","valueRequired":true,"valueName":"search_term_string"}}],"inLanguage":"ru-RU"},{"@type":"Organization","@id":"https:\/\/sunfixmobile.ee\/#organization","name":"CompanySun O\u00dc","url":"https:\/\/sunfixmobile.ee\/","logo":{"@type":"ImageObject","inLanguage":"ru-RU","@id":"https:\/\/sunfixmobile.ee\/#\/schema\/logo\/image\/","url":"https:\/\/sunfixmobile.ee\/wp-content\/uploads\/2022\/05\/logo.png","contentUrl":"https:\/\/sunfixmobile.ee\/wp-content\/uploads\/2022\/05\/logo.png","width":257,"height":85,"caption":"CompanySun O\u00dc"},"image":{"@id":"https:\/\/sunfixmobile.ee\/#\/schema\/logo\/image\/"},"sameAs":["https:\/\/www.facebook.com\/sunfixtallinn","https:\/\/www.instagram.com\/sunfix_eesti\/"]}]},"product_price_amount":"14.90","product_price_currency":"EUR","og_availability":"instock","product_availability":"instock","product_retailer_item_id":"5903396156212","product_condition":"new"},"_links":{"self":[{"href":"https:\/\/sunfixmobile.ee\/ru\/wp-json\/wp\/v2\/product\/10948","targetHints":{"allow":["GET"]}}],"collection":[{"href":"https:\/\/sunfixmobile.ee\/ru\/wp-json\/wp\/v2\/product"}],"about":[{"href":"https:\/\/sunfixmobile.ee\/ru\/wp-json\/wp\/v2\/types\/product"}],"wp:featuredmedia":[{"embeddable":true,"href":"https:\/\/sunfixmobile.ee\/ru\/wp-json\/wp\/v2\/media\/10944"}],"wp:attachment":[{"href":"https:\/\/sunfixmobile.ee\/ru\/wp-json\/wp\/v2\/media?parent=10948"}],"wp:term":[{"taxonomy":"product_brand","embeddable":true,"href":"https:\/\/sunfixmobile.ee\/ru\/wp-json\/wp\/v2\/product_brand?post=10948"},{"taxonomy":"product_cat","embeddable":true,"href":"https:\/\/sunfixmobile.ee\/ru\/wp-json\/wp\/v2\/product_cat?post=10948"},{"taxonomy":"product_tag","embeddable":true,"href":"https:\/\/sunfixmobile.ee\/ru\/wp-json\/wp\/v2\/product_tag?post=10948"}],"curies":[{"name":"wp","href":"https:\/\/api.w.org\/{rel}","templated":true}]}}