{"id":10848,"date":"2024-02-26T15:14:10","date_gmt":"2024-02-26T15:14:10","guid":{"rendered":"https:\/\/sunfixmobile.ee\/toode\/hoco-eq3-juhtmevaba-korvaklapid-must\/"},"modified":"2026-03-12T00:00:11","modified_gmt":"2026-03-12T00:00:11","slug":"hoco-eq3-juhtmevaba-korvaklapid-must","status":"publish","type":"product","link":"https:\/\/sunfixmobile.ee\/ru\/tovar\/hoco-eq3-juhtmevaba-korvaklapid-must\/","title":{"rendered":"Hoco EQ3 juhtmevaba k\u00f5rvaklapid must"},"content":{"rendered":"<p>Hoco TWS EQ3 k\u00f5rvaklappidega saate oma lemmikmuusikat kuulata.<\/p>\n<p>K\u00e4ep\u00e4rased mugavad TWS-k\u00f5rvaklapid sobivad h\u00e4sti teie k\u00f5rvadega, nii et te ei tunne ebamugavust isegi p\u00e4rast mitmetunnist kasutamist. Bluetooth-\u00fchenduvus v\u00f5imaldab t\u00e4nu sisseehitatud mikrofonile kuulata muusikat v\u00f5i audioraamatuid, aga ka helistada. Laadimisfunktsiooniga kaasaskantav \u00fcmbris tagab, et k\u00f5rvaklapid on alati laetud ning kompaktne disain v\u00f5imaldab neid turvaliselt hoiustada k\u00f5ikjal.<\/p>\n<p>Spetsifikatsioon:<br \/>Bluetoothi versioon: 5.3; Kiip: JL AC6983D2<br \/>Aku maht: 300 mAh (laadimiskohver); 40 mAh (k\u00f5rvaklapid)<br \/>K\u00f5ne\/muusika aeg: 7 h<br \/>Ooteaeg: 150 h<br \/>Suurus: 60 \u00d7 49,5 \u00d7 27 mm<br \/>Kogukaal: 43 g<br \/>\u200b<\/p>\n","protected":false},"excerpt":{"rendered":"<p>Hoco TWS EQ3 k\u00f5rvaklappidega saate oma lemmikmuusikat kuulata. K\u00e4ep\u00e4rased mugavad TWS-k\u00f5rvaklapid sobivad h\u00e4sti teie k\u00f5rvadega, nii et te ei tunne ebamugavust isegi p\u00e4rast mitmetunnist kasutamist. Bluetooth-\u00fchenduvus v\u00f5imaldab t\u00e4nu sisseehitatud mikrofonile kuulata muusikat v\u00f5i audioraamatuid, aga ka helistada. Laadimisfunktsiooniga kaasaskantav \u00fcmbris tagab, et k\u00f5rvaklapid on alati laetud ning kompaktne disain v\u00f5imaldab neid turvaliselt hoiustada k\u00f5ikjal. Spetsifikatsioon:Bluetoothi&#8230;<\/p>\n","protected":false},"featured_media":10840,"template":"","meta":[],"product_brand":[],"product_cat":[1254],"product_tag":[],"class_list":{"0":"post-10848","1":"product","2":"type-product","3":"status-publish","4":"has-post-thumbnail","6":"product_cat-korvaklapid","8":"first","9":"instock","10":"taxable","11":"shipping-taxable","12":"purchasable","13":"product-type-simple"},"yoast_head":"<!-- This site is optimized with the Yoast SEO plugin v27.2 - https:\/\/yoast.com\/product\/yoast-seo-wordpress\/ -->\n<title>Hoco EQ3 juhtmevaba k\u00f5rvaklapid must - CompanySun<\/title>\n<meta name=\"robots\" content=\"index, follow, max-snippet:-1, max-image-preview:large, max-video-preview:-1\" \/>\n<link rel=\"canonical\" href=\"https:\/\/sunfixmobile.ee\/toode\/hoco-eq3-juhtmevaba-korvaklapid-must\/\" \/>\n<meta property=\"og:locale\" content=\"ru_RU\" \/>\n<meta property=\"og:type\" content=\"article\" \/>\n<meta property=\"og:title\" content=\"Hoco EQ3 juhtmevaba k\u00f5rvaklapid must - CompanySun\" \/>\n<meta property=\"og:description\" content=\"Hoco TWS EQ3 k\u00f5rvaklappidega saate oma lemmikmuusikat kuulata. K\u00e4ep\u00e4rased mugavad TWS-k\u00f5rvaklapid sobivad h\u00e4sti teie k\u00f5rvadega, nii et te ei tunne ebamugavust isegi p\u00e4rast mitmetunnist kasutamist. Bluetooth-\u00fchenduvus v\u00f5imaldab t\u00e4nu sisseehitatud mikrofonile kuulata muusikat v\u00f5i audioraamatuid, aga ka helistada. Laadimisfunktsiooniga kaasaskantav \u00fcmbris tagab, et k\u00f5rvaklapid on alati laetud ning kompaktne disain v\u00f5imaldab neid turvaliselt hoiustada k\u00f5ikjal. Spetsifikatsioon:Bluetoothi...\" \/>\n<meta property=\"og:url\" content=\"https:\/\/sunfixmobile.ee\/toode\/hoco-eq3-juhtmevaba-korvaklapid-must\/\" \/>\n<meta property=\"og:site_name\" content=\"CompanySun\" \/>\n<meta property=\"article:publisher\" content=\"https:\/\/www.facebook.com\/sunfixtallinn\" \/>\n<meta property=\"article:modified_time\" content=\"2026-03-12T00:00:11+00:00\" \/>\n<meta property=\"og:image\" content=\"https:\/\/sunfixmobile.ee\/wp-content\/uploads\/2022\/05\/1.jpg\" \/>\n\t<meta property=\"og:image:width\" content=\"2000\" \/>\n\t<meta property=\"og:image:height\" content=\"1335\" \/>\n\t<meta property=\"og:image:type\" content=\"image\/jpeg\" \/>\n<meta name=\"twitter:card\" content=\"summary_large_image\" \/>\n<meta name=\"twitter:label1\" content=\"\u0426\u0435\u043d\u0430\" \/>\n\t<meta name=\"twitter:data1\" content=\"32,90&nbsp;&euro;\" \/>\n\t<meta name=\"twitter:label2\" content=\"\u0414\u043e\u0441\u0442\u0443\u043f\u043d\u043e\u0441\u0442\u044c\" \/>\n\t<meta name=\"twitter:data2\" content=\"\u0412 \u043d\u0430\u043b\u0438\u0447\u0438\u0438\" \/>\n<script type=\"application\/ld+json\" class=\"yoast-schema-graph\">{\"@context\":\"https:\/\/schema.org\",\"@graph\":[{\"@type\":\"WebPage\",\"@id\":\"https:\/\/sunfixmobile.ee\/toode\/hoco-eq3-juhtmevaba-korvaklapid-must\/\",\"url\":\"https:\/\/sunfixmobile.ee\/toode\/hoco-eq3-juhtmevaba-korvaklapid-must\/\",\"name\":\"Hoco EQ3 juhtmevaba k\u00f5rvaklapid must - CompanySun\",\"isPartOf\":{\"@id\":\"https:\/\/sunfixmobile.ee\/#website\"},\"primaryImageOfPage\":{\"@id\":\"https:\/\/sunfixmobile.ee\/toode\/hoco-eq3-juhtmevaba-korvaklapid-must\/#primaryimage\"},\"image\":{\"@id\":\"https:\/\/sunfixmobile.ee\/toode\/hoco-eq3-juhtmevaba-korvaklapid-must\/#primaryimage\"},\"thumbnailUrl\":\"https:\/\/sunfixmobile.ee\/wp-content\/uploads\/2024\/02\/17065c0c82e120e20a1fdc0952ea7670.webp\",\"datePublished\":\"2024-02-26T15:14:10+00:00\",\"dateModified\":\"2026-03-12T00:00:11+00:00\",\"breadcrumb\":{\"@id\":\"https:\/\/sunfixmobile.ee\/toode\/hoco-eq3-juhtmevaba-korvaklapid-must\/#breadcrumb\"},\"inLanguage\":\"ru-RU\",\"potentialAction\":[{\"@type\":\"ReadAction\",\"target\":[\"https:\/\/sunfixmobile.ee\/toode\/hoco-eq3-juhtmevaba-korvaklapid-must\/\"]}]},{\"@type\":\"ImageObject\",\"inLanguage\":\"ru-RU\",\"@id\":\"https:\/\/sunfixmobile.ee\/toode\/hoco-eq3-juhtmevaba-korvaklapid-must\/#primaryimage\",\"url\":\"https:\/\/sunfixmobile.ee\/wp-content\/uploads\/2024\/02\/17065c0c82e120e20a1fdc0952ea7670.webp\",\"contentUrl\":\"https:\/\/sunfixmobile.ee\/wp-content\/uploads\/2024\/02\/17065c0c82e120e20a1fdc0952ea7670.webp\",\"width\":1000,\"height\":1000,\"caption\":\"17065c0c82e120e20a1fdc0952ea7670.\"},{\"@type\":\"BreadcrumbList\",\"@id\":\"https:\/\/sunfixmobile.ee\/toode\/hoco-eq3-juhtmevaba-korvaklapid-must\/#breadcrumb\",\"itemListElement\":[{\"@type\":\"ListItem\",\"position\":1,\"name\":\"Home\",\"item\":\"https:\/\/sunfixmobile.ee\/ru\/\"},{\"@type\":\"ListItem\",\"position\":2,\"name\":\"\u0412\u0441\u0435 \u0442\u043e\u0432\u0430\u0440\u044b\",\"item\":\"https:\/\/sunfixmobile.ee\/ru\/magazin\/\"},{\"@type\":\"ListItem\",\"position\":3,\"name\":\"Hoco EQ3 juhtmevaba k\u00f5rvaklapid must\"}]},{\"@type\":\"WebSite\",\"@id\":\"https:\/\/sunfixmobile.ee\/#website\",\"url\":\"https:\/\/sunfixmobile.ee\/\",\"name\":\"CompanySun\",\"description\":\"\",\"publisher\":{\"@id\":\"https:\/\/sunfixmobile.ee\/#organization\"},\"potentialAction\":[{\"@type\":\"SearchAction\",\"target\":{\"@type\":\"EntryPoint\",\"urlTemplate\":\"https:\/\/sunfixmobile.ee\/?s={search_term_string}\"},\"query-input\":{\"@type\":\"PropertyValueSpecification\",\"valueRequired\":true,\"valueName\":\"search_term_string\"}}],\"inLanguage\":\"ru-RU\"},{\"@type\":\"Organization\",\"@id\":\"https:\/\/sunfixmobile.ee\/#organization\",\"name\":\"CompanySun O\u00dc\",\"url\":\"https:\/\/sunfixmobile.ee\/\",\"logo\":{\"@type\":\"ImageObject\",\"inLanguage\":\"ru-RU\",\"@id\":\"https:\/\/sunfixmobile.ee\/#\/schema\/logo\/image\/\",\"url\":\"https:\/\/sunfixmobile.ee\/wp-content\/uploads\/2022\/05\/logo.png\",\"contentUrl\":\"https:\/\/sunfixmobile.ee\/wp-content\/uploads\/2022\/05\/logo.png\",\"width\":257,\"height\":85,\"caption\":\"CompanySun O\u00dc\"},\"image\":{\"@id\":\"https:\/\/sunfixmobile.ee\/#\/schema\/logo\/image\/\"},\"sameAs\":[\"https:\/\/www.facebook.com\/sunfixtallinn\",\"https:\/\/www.instagram.com\/sunfix_eesti\/\"]}]}<\/script>\n<meta property=\"product:price:amount\" content=\"32.90\" \/>\n<meta property=\"product:price:currency\" content=\"EUR\" \/>\n<meta property=\"og:availability\" content=\"instock\" \/>\n<meta property=\"product:availability\" content=\"instock\" \/>\n<meta property=\"product:retailer_item_id\" content=\"6931474798558\" \/>\n<meta property=\"product:condition\" content=\"new\" \/>\n<!-- \/ Yoast SEO plugin. -->","yoast_head_json":{"title":"Hoco EQ3 juhtmevaba k\u00f5rvaklapid must - CompanySun","robots":{"index":"index","follow":"follow","max-snippet":"max-snippet:-1","max-image-preview":"max-image-preview:large","max-video-preview":"max-video-preview:-1"},"canonical":"https:\/\/sunfixmobile.ee\/toode\/hoco-eq3-juhtmevaba-korvaklapid-must\/","og_locale":"ru_RU","og_type":"article","og_title":"Hoco EQ3 juhtmevaba k\u00f5rvaklapid must - CompanySun","og_description":"Hoco TWS EQ3 k\u00f5rvaklappidega saate oma lemmikmuusikat kuulata. K\u00e4ep\u00e4rased mugavad TWS-k\u00f5rvaklapid sobivad h\u00e4sti teie k\u00f5rvadega, nii et te ei tunne ebamugavust isegi p\u00e4rast mitmetunnist kasutamist. Bluetooth-\u00fchenduvus v\u00f5imaldab t\u00e4nu sisseehitatud mikrofonile kuulata muusikat v\u00f5i audioraamatuid, aga ka helistada. Laadimisfunktsiooniga kaasaskantav \u00fcmbris tagab, et k\u00f5rvaklapid on alati laetud ning kompaktne disain v\u00f5imaldab neid turvaliselt hoiustada k\u00f5ikjal. Spetsifikatsioon:Bluetoothi...","og_url":"https:\/\/sunfixmobile.ee\/toode\/hoco-eq3-juhtmevaba-korvaklapid-must\/","og_site_name":"CompanySun","article_publisher":"https:\/\/www.facebook.com\/sunfixtallinn","article_modified_time":"2026-03-12T00:00:11+00:00","og_image":[{"width":2000,"height":1335,"url":"https:\/\/sunfixmobile.ee\/wp-content\/uploads\/2022\/05\/1.jpg","type":"image\/jpeg"}],"twitter_card":"summary_large_image","twitter_misc":{"\u0426\u0435\u043d\u0430":"32,90&nbsp;&euro;","\u0414\u043e\u0441\u0442\u0443\u043f\u043d\u043e\u0441\u0442\u044c":"\u0412 \u043d\u0430\u043b\u0438\u0447\u0438\u0438"},"schema":{"@context":"https:\/\/schema.org","@graph":[{"@type":"WebPage","@id":"https:\/\/sunfixmobile.ee\/toode\/hoco-eq3-juhtmevaba-korvaklapid-must\/","url":"https:\/\/sunfixmobile.ee\/toode\/hoco-eq3-juhtmevaba-korvaklapid-must\/","name":"Hoco EQ3 juhtmevaba k\u00f5rvaklapid must - CompanySun","isPartOf":{"@id":"https:\/\/sunfixmobile.ee\/#website"},"primaryImageOfPage":{"@id":"https:\/\/sunfixmobile.ee\/toode\/hoco-eq3-juhtmevaba-korvaklapid-must\/#primaryimage"},"image":{"@id":"https:\/\/sunfixmobile.ee\/toode\/hoco-eq3-juhtmevaba-korvaklapid-must\/#primaryimage"},"thumbnailUrl":"https:\/\/sunfixmobile.ee\/wp-content\/uploads\/2024\/02\/17065c0c82e120e20a1fdc0952ea7670.webp","datePublished":"2024-02-26T15:14:10+00:00","dateModified":"2026-03-12T00:00:11+00:00","breadcrumb":{"@id":"https:\/\/sunfixmobile.ee\/toode\/hoco-eq3-juhtmevaba-korvaklapid-must\/#breadcrumb"},"inLanguage":"ru-RU","potentialAction":[{"@type":"ReadAction","target":["https:\/\/sunfixmobile.ee\/toode\/hoco-eq3-juhtmevaba-korvaklapid-must\/"]}]},{"@type":"ImageObject","inLanguage":"ru-RU","@id":"https:\/\/sunfixmobile.ee\/toode\/hoco-eq3-juhtmevaba-korvaklapid-must\/#primaryimage","url":"https:\/\/sunfixmobile.ee\/wp-content\/uploads\/2024\/02\/17065c0c82e120e20a1fdc0952ea7670.webp","contentUrl":"https:\/\/sunfixmobile.ee\/wp-content\/uploads\/2024\/02\/17065c0c82e120e20a1fdc0952ea7670.webp","width":1000,"height":1000,"caption":"17065c0c82e120e20a1fdc0952ea7670."},{"@type":"BreadcrumbList","@id":"https:\/\/sunfixmobile.ee\/toode\/hoco-eq3-juhtmevaba-korvaklapid-must\/#breadcrumb","itemListElement":[{"@type":"ListItem","position":1,"name":"Home","item":"https:\/\/sunfixmobile.ee\/ru\/"},{"@type":"ListItem","position":2,"name":"\u0412\u0441\u0435 \u0442\u043e\u0432\u0430\u0440\u044b","item":"https:\/\/sunfixmobile.ee\/ru\/magazin\/"},{"@type":"ListItem","position":3,"name":"Hoco EQ3 juhtmevaba k\u00f5rvaklapid must"}]},{"@type":"WebSite","@id":"https:\/\/sunfixmobile.ee\/#website","url":"https:\/\/sunfixmobile.ee\/","name":"CompanySun","description":"","publisher":{"@id":"https:\/\/sunfixmobile.ee\/#organization"},"potentialAction":[{"@type":"SearchAction","target":{"@type":"EntryPoint","urlTemplate":"https:\/\/sunfixmobile.ee\/?s={search_term_string}"},"query-input":{"@type":"PropertyValueSpecification","valueRequired":true,"valueName":"search_term_string"}}],"inLanguage":"ru-RU"},{"@type":"Organization","@id":"https:\/\/sunfixmobile.ee\/#organization","name":"CompanySun O\u00dc","url":"https:\/\/sunfixmobile.ee\/","logo":{"@type":"ImageObject","inLanguage":"ru-RU","@id":"https:\/\/sunfixmobile.ee\/#\/schema\/logo\/image\/","url":"https:\/\/sunfixmobile.ee\/wp-content\/uploads\/2022\/05\/logo.png","contentUrl":"https:\/\/sunfixmobile.ee\/wp-content\/uploads\/2022\/05\/logo.png","width":257,"height":85,"caption":"CompanySun O\u00dc"},"image":{"@id":"https:\/\/sunfixmobile.ee\/#\/schema\/logo\/image\/"},"sameAs":["https:\/\/www.facebook.com\/sunfixtallinn","https:\/\/www.instagram.com\/sunfix_eesti\/"]}]},"product_price_amount":"32.90","product_price_currency":"EUR","og_availability":"instock","product_availability":"instock","product_retailer_item_id":"6931474798558","product_condition":"new"},"_links":{"self":[{"href":"https:\/\/sunfixmobile.ee\/ru\/wp-json\/wp\/v2\/product\/10848","targetHints":{"allow":["GET"]}}],"collection":[{"href":"https:\/\/sunfixmobile.ee\/ru\/wp-json\/wp\/v2\/product"}],"about":[{"href":"https:\/\/sunfixmobile.ee\/ru\/wp-json\/wp\/v2\/types\/product"}],"wp:featuredmedia":[{"embeddable":true,"href":"https:\/\/sunfixmobile.ee\/ru\/wp-json\/wp\/v2\/media\/10840"}],"wp:attachment":[{"href":"https:\/\/sunfixmobile.ee\/ru\/wp-json\/wp\/v2\/media?parent=10848"}],"wp:term":[{"taxonomy":"product_brand","embeddable":true,"href":"https:\/\/sunfixmobile.ee\/ru\/wp-json\/wp\/v2\/product_brand?post=10848"},{"taxonomy":"product_cat","embeddable":true,"href":"https:\/\/sunfixmobile.ee\/ru\/wp-json\/wp\/v2\/product_cat?post=10848"},{"taxonomy":"product_tag","embeddable":true,"href":"https:\/\/sunfixmobile.ee\/ru\/wp-json\/wp\/v2\/product_tag?post=10848"}],"curies":[{"name":"wp","href":"https:\/\/api.w.org\/{rel}","templated":true}]}}