{"id":10223,"date":"2024-02-13T13:35:47","date_gmt":"2024-02-13T13:35:47","guid":{"rendered":"https:\/\/sunfixmobile.ee\/toode\/hoco-x50-type-c-typ-c-pd-60w-2m-punane\/"},"modified":"2025-10-28T00:00:08","modified_gmt":"2025-10-28T00:00:08","slug":"hoco-x50-type-c-typ-c-pd-60w-2m-punane","status":"publish","type":"product","link":"https:\/\/sunfixmobile.ee\/ru\/tovar\/hoco-x50-type-c-typ-c-pd-60w-2m-punane\/","title":{"rendered":"Hoco X50 Type C &#8212; Typ C PD 60W 2m punane"},"content":{"rendered":"<p>HOCO VICTORY X59 kaabel toetab kiiret Power Delivery 60 W kiirlaadimist ja kiirlaadimist ning andmeedastust. Paindekindel, tugev nailonpunutis, tugevdatud struktuur.<\/p>\n<p>Toetab j\u00e4rgmisi tehnoloogiaid: Power Delivery 60 W, Quick Charge ja Fast Charge, mis v\u00f5imaldab seadmeid kiiresti laadida maksimaalse vooluga 3 A.<\/p>\n<p>Mitmek\u00fclgne \u2013 v\u00f5imaldab nii seadmete laadimist kui ka vaba andmevoogu.<\/p>\n<p>Tugev nailonpunutis ja pikendatud pistikukate \u2013 see on vastupidav kahjustustele ja purunemistele.<\/p>\n<p>Kaabel ei korrodeeru ega oks\u00fcdeeru, seega n\u00e4eb see alati v\u00e4lja nagu uus.<\/p>\n<p>2 m pikkune kaabel, mis \u00fchildub k\u00f5igi USB-C pistikuga seadmetega.<\/p>\n<p>Spetsifikatsioon:<br \/>Materjal: nailonpunutis<br \/>\u00dchendused: USB-C \u2013 USB-C<br \/>Toetatud tehnoloogia: Power Delivery, Quick Charge, Fast Charge<br \/>Pikkus: 2 m<br \/>V\u00f5imsus: 60 W<br \/>Voolutugevus: 3 A<br \/>Kaal: 59 g<\/p>\n","protected":false},"excerpt":{"rendered":"<p>HOCO VICTORY X59 kaabel toetab kiiret Power Delivery 60 W kiirlaadimist ja kiirlaadimist ning andmeedastust. Paindekindel, tugev nailonpunutis, tugevdatud struktuur. Toetab j\u00e4rgmisi tehnoloogiaid: Power Delivery 60 W, Quick Charge ja Fast Charge, mis v\u00f5imaldab seadmeid kiiresti laadida maksimaalse vooluga 3 A. Mitmek\u00fclgne \u2013 v\u00f5imaldab nii seadmete laadimist kui ka vaba andmevoogu. Tugev nailonpunutis ja pikendatud&#8230;<\/p>\n","protected":false},"featured_media":10217,"template":"","meta":[],"product_brand":[],"product_cat":[1260],"product_tag":[],"class_list":{"0":"post-10223","1":"product","2":"type-product","3":"status-publish","4":"has-post-thumbnail","6":"product_cat-juhtmed","8":"first","9":"instock","10":"taxable","11":"shipping-taxable","12":"purchasable","13":"product-type-simple"},"yoast_head":"<!-- This site is optimized with the Yoast SEO plugin v27.2 - https:\/\/yoast.com\/product\/yoast-seo-wordpress\/ -->\n<title>Hoco X50 Type C - Typ C PD 60W 2m punane - CompanySun<\/title>\n<meta name=\"robots\" content=\"index, follow, max-snippet:-1, max-image-preview:large, max-video-preview:-1\" \/>\n<link rel=\"canonical\" href=\"https:\/\/sunfixmobile.ee\/toode\/hoco-x50-type-c-typ-c-pd-60w-2m-punane\/\" \/>\n<meta property=\"og:locale\" content=\"ru_RU\" \/>\n<meta property=\"og:type\" content=\"article\" \/>\n<meta property=\"og:title\" content=\"Hoco X50 Type C - Typ C PD 60W 2m punane - CompanySun\" \/>\n<meta property=\"og:description\" content=\"HOCO VICTORY X59 kaabel toetab kiiret Power Delivery 60 W kiirlaadimist ja kiirlaadimist ning andmeedastust. Paindekindel, tugev nailonpunutis, tugevdatud struktuur. Toetab j\u00e4rgmisi tehnoloogiaid: Power Delivery 60 W, Quick Charge ja Fast Charge, mis v\u00f5imaldab seadmeid kiiresti laadida maksimaalse vooluga 3 A. Mitmek\u00fclgne \u2013 v\u00f5imaldab nii seadmete laadimist kui ka vaba andmevoogu. Tugev nailonpunutis ja pikendatud...\" \/>\n<meta property=\"og:url\" content=\"https:\/\/sunfixmobile.ee\/toode\/hoco-x50-type-c-typ-c-pd-60w-2m-punane\/\" \/>\n<meta property=\"og:site_name\" content=\"CompanySun\" \/>\n<meta property=\"article:publisher\" content=\"https:\/\/www.facebook.com\/sunfixtallinn\" \/>\n<meta property=\"article:modified_time\" content=\"2025-10-28T00:00:08+00:00\" \/>\n<meta property=\"og:image\" content=\"https:\/\/sunfixmobile.ee\/wp-content\/uploads\/2022\/05\/1.jpg\" \/>\n\t<meta property=\"og:image:width\" content=\"2000\" \/>\n\t<meta property=\"og:image:height\" content=\"1335\" \/>\n\t<meta property=\"og:image:type\" content=\"image\/jpeg\" \/>\n<meta name=\"twitter:card\" content=\"summary_large_image\" \/>\n<meta name=\"twitter:label1\" content=\"\u0426\u0435\u043d\u0430\" \/>\n\t<meta name=\"twitter:data1\" content=\"13,90&nbsp;&euro;\" \/>\n\t<meta name=\"twitter:label2\" content=\"\u0414\u043e\u0441\u0442\u0443\u043f\u043d\u043e\u0441\u0442\u044c\" \/>\n\t<meta name=\"twitter:data2\" content=\"\u0412 \u043d\u0430\u043b\u0438\u0447\u0438\u0438\" \/>\n<script type=\"application\/ld+json\" class=\"yoast-schema-graph\">{\"@context\":\"https:\/\/schema.org\",\"@graph\":[{\"@type\":\"WebPage\",\"@id\":\"https:\/\/sunfixmobile.ee\/toode\/hoco-x50-type-c-typ-c-pd-60w-2m-punane\/\",\"url\":\"https:\/\/sunfixmobile.ee\/toode\/hoco-x50-type-c-typ-c-pd-60w-2m-punane\/\",\"name\":\"Hoco X50 Type C - Typ C PD 60W 2m punane - CompanySun\",\"isPartOf\":{\"@id\":\"https:\/\/sunfixmobile.ee\/#website\"},\"primaryImageOfPage\":{\"@id\":\"https:\/\/sunfixmobile.ee\/toode\/hoco-x50-type-c-typ-c-pd-60w-2m-punane\/#primaryimage\"},\"image\":{\"@id\":\"https:\/\/sunfixmobile.ee\/toode\/hoco-x50-type-c-typ-c-pd-60w-2m-punane\/#primaryimage\"},\"thumbnailUrl\":\"https:\/\/sunfixmobile.ee\/wp-content\/uploads\/2024\/02\/198d84dba2c0778a933d0945054cb5c7.webp\",\"datePublished\":\"2024-02-13T13:35:47+00:00\",\"dateModified\":\"2025-10-28T00:00:08+00:00\",\"breadcrumb\":{\"@id\":\"https:\/\/sunfixmobile.ee\/toode\/hoco-x50-type-c-typ-c-pd-60w-2m-punane\/#breadcrumb\"},\"inLanguage\":\"ru-RU\",\"potentialAction\":[{\"@type\":\"ReadAction\",\"target\":[\"https:\/\/sunfixmobile.ee\/toode\/hoco-x50-type-c-typ-c-pd-60w-2m-punane\/\"]}]},{\"@type\":\"ImageObject\",\"inLanguage\":\"ru-RU\",\"@id\":\"https:\/\/sunfixmobile.ee\/toode\/hoco-x50-type-c-typ-c-pd-60w-2m-punane\/#primaryimage\",\"url\":\"https:\/\/sunfixmobile.ee\/wp-content\/uploads\/2024\/02\/198d84dba2c0778a933d0945054cb5c7.webp\",\"contentUrl\":\"https:\/\/sunfixmobile.ee\/wp-content\/uploads\/2024\/02\/198d84dba2c0778a933d0945054cb5c7.webp\",\"width\":1000,\"height\":1000,\"caption\":\"198d84dba2c0778a933d0945054cb5c7.\"},{\"@type\":\"BreadcrumbList\",\"@id\":\"https:\/\/sunfixmobile.ee\/toode\/hoco-x50-type-c-typ-c-pd-60w-2m-punane\/#breadcrumb\",\"itemListElement\":[{\"@type\":\"ListItem\",\"position\":1,\"name\":\"Home\",\"item\":\"https:\/\/sunfixmobile.ee\/ru\/\"},{\"@type\":\"ListItem\",\"position\":2,\"name\":\"\u0412\u0441\u0435 \u0442\u043e\u0432\u0430\u0440\u044b\",\"item\":\"https:\/\/sunfixmobile.ee\/ru\/magazin\/\"},{\"@type\":\"ListItem\",\"position\":3,\"name\":\"Hoco X50 Type C &#8211; Typ C PD 60W 2m punane\"}]},{\"@type\":\"WebSite\",\"@id\":\"https:\/\/sunfixmobile.ee\/#website\",\"url\":\"https:\/\/sunfixmobile.ee\/\",\"name\":\"CompanySun\",\"description\":\"\",\"publisher\":{\"@id\":\"https:\/\/sunfixmobile.ee\/#organization\"},\"potentialAction\":[{\"@type\":\"SearchAction\",\"target\":{\"@type\":\"EntryPoint\",\"urlTemplate\":\"https:\/\/sunfixmobile.ee\/?s={search_term_string}\"},\"query-input\":{\"@type\":\"PropertyValueSpecification\",\"valueRequired\":true,\"valueName\":\"search_term_string\"}}],\"inLanguage\":\"ru-RU\"},{\"@type\":\"Organization\",\"@id\":\"https:\/\/sunfixmobile.ee\/#organization\",\"name\":\"CompanySun O\u00dc\",\"url\":\"https:\/\/sunfixmobile.ee\/\",\"logo\":{\"@type\":\"ImageObject\",\"inLanguage\":\"ru-RU\",\"@id\":\"https:\/\/sunfixmobile.ee\/#\/schema\/logo\/image\/\",\"url\":\"https:\/\/sunfixmobile.ee\/wp-content\/uploads\/2022\/05\/logo.png\",\"contentUrl\":\"https:\/\/sunfixmobile.ee\/wp-content\/uploads\/2022\/05\/logo.png\",\"width\":257,\"height\":85,\"caption\":\"CompanySun O\u00dc\"},\"image\":{\"@id\":\"https:\/\/sunfixmobile.ee\/#\/schema\/logo\/image\/\"},\"sameAs\":[\"https:\/\/www.facebook.com\/sunfixtallinn\",\"https:\/\/www.instagram.com\/sunfix_eesti\/\"]}]}<\/script>\n<meta property=\"product:price:amount\" content=\"13.90\" \/>\n<meta property=\"product:price:currency\" content=\"EUR\" \/>\n<meta property=\"og:availability\" content=\"instock\" \/>\n<meta property=\"product:availability\" content=\"instock\" \/>\n<meta property=\"product:retailer_item_id\" content=\"6931474794185\" \/>\n<meta property=\"product:condition\" content=\"new\" \/>\n<!-- \/ Yoast SEO plugin. -->","yoast_head_json":{"title":"Hoco X50 Type C - Typ C PD 60W 2m punane - CompanySun","robots":{"index":"index","follow":"follow","max-snippet":"max-snippet:-1","max-image-preview":"max-image-preview:large","max-video-preview":"max-video-preview:-1"},"canonical":"https:\/\/sunfixmobile.ee\/toode\/hoco-x50-type-c-typ-c-pd-60w-2m-punane\/","og_locale":"ru_RU","og_type":"article","og_title":"Hoco X50 Type C - Typ C PD 60W 2m punane - CompanySun","og_description":"HOCO VICTORY X59 kaabel toetab kiiret Power Delivery 60 W kiirlaadimist ja kiirlaadimist ning andmeedastust. Paindekindel, tugev nailonpunutis, tugevdatud struktuur. Toetab j\u00e4rgmisi tehnoloogiaid: Power Delivery 60 W, Quick Charge ja Fast Charge, mis v\u00f5imaldab seadmeid kiiresti laadida maksimaalse vooluga 3 A. Mitmek\u00fclgne \u2013 v\u00f5imaldab nii seadmete laadimist kui ka vaba andmevoogu. Tugev nailonpunutis ja pikendatud...","og_url":"https:\/\/sunfixmobile.ee\/toode\/hoco-x50-type-c-typ-c-pd-60w-2m-punane\/","og_site_name":"CompanySun","article_publisher":"https:\/\/www.facebook.com\/sunfixtallinn","article_modified_time":"2025-10-28T00:00:08+00:00","og_image":[{"width":2000,"height":1335,"url":"https:\/\/sunfixmobile.ee\/wp-content\/uploads\/2022\/05\/1.jpg","type":"image\/jpeg"}],"twitter_card":"summary_large_image","twitter_misc":{"\u0426\u0435\u043d\u0430":"13,90&nbsp;&euro;","\u0414\u043e\u0441\u0442\u0443\u043f\u043d\u043e\u0441\u0442\u044c":"\u0412 \u043d\u0430\u043b\u0438\u0447\u0438\u0438"},"schema":{"@context":"https:\/\/schema.org","@graph":[{"@type":"WebPage","@id":"https:\/\/sunfixmobile.ee\/toode\/hoco-x50-type-c-typ-c-pd-60w-2m-punane\/","url":"https:\/\/sunfixmobile.ee\/toode\/hoco-x50-type-c-typ-c-pd-60w-2m-punane\/","name":"Hoco X50 Type C - Typ C PD 60W 2m punane - CompanySun","isPartOf":{"@id":"https:\/\/sunfixmobile.ee\/#website"},"primaryImageOfPage":{"@id":"https:\/\/sunfixmobile.ee\/toode\/hoco-x50-type-c-typ-c-pd-60w-2m-punane\/#primaryimage"},"image":{"@id":"https:\/\/sunfixmobile.ee\/toode\/hoco-x50-type-c-typ-c-pd-60w-2m-punane\/#primaryimage"},"thumbnailUrl":"https:\/\/sunfixmobile.ee\/wp-content\/uploads\/2024\/02\/198d84dba2c0778a933d0945054cb5c7.webp","datePublished":"2024-02-13T13:35:47+00:00","dateModified":"2025-10-28T00:00:08+00:00","breadcrumb":{"@id":"https:\/\/sunfixmobile.ee\/toode\/hoco-x50-type-c-typ-c-pd-60w-2m-punane\/#breadcrumb"},"inLanguage":"ru-RU","potentialAction":[{"@type":"ReadAction","target":["https:\/\/sunfixmobile.ee\/toode\/hoco-x50-type-c-typ-c-pd-60w-2m-punane\/"]}]},{"@type":"ImageObject","inLanguage":"ru-RU","@id":"https:\/\/sunfixmobile.ee\/toode\/hoco-x50-type-c-typ-c-pd-60w-2m-punane\/#primaryimage","url":"https:\/\/sunfixmobile.ee\/wp-content\/uploads\/2024\/02\/198d84dba2c0778a933d0945054cb5c7.webp","contentUrl":"https:\/\/sunfixmobile.ee\/wp-content\/uploads\/2024\/02\/198d84dba2c0778a933d0945054cb5c7.webp","width":1000,"height":1000,"caption":"198d84dba2c0778a933d0945054cb5c7."},{"@type":"BreadcrumbList","@id":"https:\/\/sunfixmobile.ee\/toode\/hoco-x50-type-c-typ-c-pd-60w-2m-punane\/#breadcrumb","itemListElement":[{"@type":"ListItem","position":1,"name":"Home","item":"https:\/\/sunfixmobile.ee\/ru\/"},{"@type":"ListItem","position":2,"name":"\u0412\u0441\u0435 \u0442\u043e\u0432\u0430\u0440\u044b","item":"https:\/\/sunfixmobile.ee\/ru\/magazin\/"},{"@type":"ListItem","position":3,"name":"Hoco X50 Type C &#8211; Typ C PD 60W 2m punane"}]},{"@type":"WebSite","@id":"https:\/\/sunfixmobile.ee\/#website","url":"https:\/\/sunfixmobile.ee\/","name":"CompanySun","description":"","publisher":{"@id":"https:\/\/sunfixmobile.ee\/#organization"},"potentialAction":[{"@type":"SearchAction","target":{"@type":"EntryPoint","urlTemplate":"https:\/\/sunfixmobile.ee\/?s={search_term_string}"},"query-input":{"@type":"PropertyValueSpecification","valueRequired":true,"valueName":"search_term_string"}}],"inLanguage":"ru-RU"},{"@type":"Organization","@id":"https:\/\/sunfixmobile.ee\/#organization","name":"CompanySun O\u00dc","url":"https:\/\/sunfixmobile.ee\/","logo":{"@type":"ImageObject","inLanguage":"ru-RU","@id":"https:\/\/sunfixmobile.ee\/#\/schema\/logo\/image\/","url":"https:\/\/sunfixmobile.ee\/wp-content\/uploads\/2022\/05\/logo.png","contentUrl":"https:\/\/sunfixmobile.ee\/wp-content\/uploads\/2022\/05\/logo.png","width":257,"height":85,"caption":"CompanySun O\u00dc"},"image":{"@id":"https:\/\/sunfixmobile.ee\/#\/schema\/logo\/image\/"},"sameAs":["https:\/\/www.facebook.com\/sunfixtallinn","https:\/\/www.instagram.com\/sunfix_eesti\/"]}]},"product_price_amount":"13.90","product_price_currency":"EUR","og_availability":"instock","product_availability":"instock","product_retailer_item_id":"6931474794185","product_condition":"new"},"_links":{"self":[{"href":"https:\/\/sunfixmobile.ee\/ru\/wp-json\/wp\/v2\/product\/10223","targetHints":{"allow":["GET"]}}],"collection":[{"href":"https:\/\/sunfixmobile.ee\/ru\/wp-json\/wp\/v2\/product"}],"about":[{"href":"https:\/\/sunfixmobile.ee\/ru\/wp-json\/wp\/v2\/types\/product"}],"wp:featuredmedia":[{"embeddable":true,"href":"https:\/\/sunfixmobile.ee\/ru\/wp-json\/wp\/v2\/media\/10217"}],"wp:attachment":[{"href":"https:\/\/sunfixmobile.ee\/ru\/wp-json\/wp\/v2\/media?parent=10223"}],"wp:term":[{"taxonomy":"product_brand","embeddable":true,"href":"https:\/\/sunfixmobile.ee\/ru\/wp-json\/wp\/v2\/product_brand?post=10223"},{"taxonomy":"product_cat","embeddable":true,"href":"https:\/\/sunfixmobile.ee\/ru\/wp-json\/wp\/v2\/product_cat?post=10223"},{"taxonomy":"product_tag","embeddable":true,"href":"https:\/\/sunfixmobile.ee\/ru\/wp-json\/wp\/v2\/product_tag?post=10223"}],"curies":[{"name":"wp","href":"https:\/\/api.w.org\/{rel}","templated":true}]}}